{"id":5138,"date":"2021-05-14T09:50:13","date_gmt":"2021-05-14T09:50:13","guid":{"rendered":"https:\/\/nlp-core.ch\/?page_id=5138"},"modified":"2025-12-20T09:30:14","modified_gmt":"2025-12-20T09:30:14","slug":"systeme-stellen","status":"publish","type":"page","link":"https:\/\/nlp-core.ch\/index.php\/systeme-stellen\/","title":{"rendered":"Aufstellung damals und heute"},"content":{"rendered":"<p>[et_pb_section fb_built=&#8220;1&#8243; _builder_version=&#8220;4.16&#8243; _module_preset=&#8220;default&#8220; min_height=&#8220;2529.7px&#8220; global_colors_info=&#8220;{}&#8220;][et_pb_row _builder_version=&#8220;4.16&#8243; _module_preset=&#8220;default&#8220; min_height=&#8220;755.3px&#8220; custom_margin=&#8220;|auto|-222px|auto||&#8220; custom_padding=&#8220;0px|||||&#8220; global_colors_info=&#8220;{}&#8220;][et_pb_column type=&#8220;4_4&#8243; _builder_version=&#8220;4.16&#8243; _module_preset=&#8220;default&#8220; global_colors_info=&#8220;{}&#8220;][et_pb_image src=&#8220;https:\/\/nlp-core.ch\/wp-content\/uploads\/2021\/10\/Netzwerk-Aufstellung-e1634202284470.png&#8220; title_text=&#8220;Netzwerk Aufstellung&#8220; _builder_version=&#8220;4.16&#8243; _module_preset=&#8220;default&#8220; global_colors_info=&#8220;{}&#8220;][\/et_pb_image][\/et_pb_column][\/et_pb_row][et_pb_row _builder_version=&#8220;4.16&#8243; _module_preset=&#8220;default&#8220; custom_padding=&#8220;0px|||||&#8220; global_colors_info=&#8220;{}&#8220;][et_pb_column type=&#8220;4_4&#8243; _builder_version=&#8220;4.16&#8243; _module_preset=&#8220;default&#8220; global_colors_info=&#8220;{}&#8220;][et_pb_text _builder_version=&#8220;4.16&#8243; _module_preset=&#8220;default&#8220; custom_margin=&#8220;-425px|||||&#8220; global_colors_info=&#8220;{}&#8220; custom_padding=&#8220;291px|||||&#8220; min_height=&#8220;1017.5px&#8220;]<\/p>\n<h2><span style=\"color: #008080;\"><\/span><\/h2>\n<h2><span style=\"color: #008080;\"><\/span><\/h2>\n<h2><span style=\"color: #008080;\">Meine Geschichte mit Aufstellungsarbeit<\/span><\/h2>\n<h4><span style=\"color: #008080; font-size: small;\">Der Anfang &#8211; 1980<\/span><\/h4>\n<p>Meine erste Aufstellung erlebte ich ca. 1980 als Teilnehmerin bei Wilfried de Philipp. Die Methode war damals noch sehr unbekannt \u2013 ich \u201erutschte&#8220; sozusagen \u201ezuf\u00e4llig&#8220; in diesen Wochenkurs.<\/p>\n<p>Die Aufstellungen erlebte ich als sehr intensiv. Mehr als verbl\u00fcffend war das Ergebnis f\u00fcr mich selbst: In meinem Familiensystem \u00e4nderte sich unglaublich viel zum Positiven \u2013 etwas, das ich nie f\u00fcr m\u00f6glich gehalten h\u00e4tte.<\/p>\n<p>Ich wollte die Methode sofort lernen \u2013 doch damals gab es noch keine Ausbildungen. Man begleitete einfach Aufstellungsseminare, war die Antwort auf meine Anfrage. So tat ich es.<\/p>\n<h4><span style=\"color: #008080; font-size: small;\">Der Weg zur Ausbildung<\/span><\/h4>\n<p>Erst im Jahr 2000 besuchte ich meine erste offizielle Aufstellungsausbildung bei Dr. Ilse Kutschera und Helmut Eichenm\u00fcller in der Schweiz und in Deutschland.<\/p>\n<p><strong>Es folgten Weiterbildungen bei:<\/strong><\/p>\n<ul>\n<li><strong><\/strong>Matthias Varga von Kib\u00e9d und Insa Sparrer<\/li>\n<li>Systemische Einzel-, Paar- und Familientherapie am Institut Gunthard Weber, Heidelberg<\/li>\n<\/ul>\n<p><strong>Wichtig:<\/strong> <br \/>Von der Aufstellungsarbeit von Bert Hellinger grenze ich mich klar ab.<\/p>\n<h4><span style=\"color: #008080; font-size: small;\">Eine pr\u00e4gende Entwicklung<\/span><\/h4>\n<p>Seit ebenso 20 Jahren begleite ich &#8222;aus der Ferne&#8220; die Entwicklung, die Dr. Ero Langlotz, M\u00fcnchen, (seit einigen Jahren mit Dr. Philipp Kutzelmann) in seiner Aufstellungsarbeit macht. Seine Trauma-Aufstellungen und die Systemische Selbstintegration bereichern den gesamten Systemischen Ansatz enorm.<\/p>\n<h4><span style=\"color: #008080; font-size: small;\">Worum es geht &#8211; die Essenz<\/span><\/h4>\n<p><span style=\"color: #333333;\"><span style=\"color: rgba(0, 0, 0, 0.5);\">Wie bei<\/span> <a href=\"https:\/\/nlp-core.ch\/index.php\/mem-was-ist-das\/\"><span style=\"color: #000080;\"><strong>MEM<\/strong> <\/span><\/a>&#8211; <span style=\"color: rgba(0, 0, 0, 0.5);\">Mind Energy Methode &#8211; geht es um das Leben des reinen<\/span> <span style=\"color: #008080;\"><strong>SELBST<\/strong><\/span>. <span style=\"color: rgba(0, 0, 0, 0.5);\">Zu dem zu werden, was wir urspr\u00fcnglich waren, zu diesem unzerst\u00f6rbaren Kern.<\/span><\/span><\/p>\n<p><span style=\"color: rgba(0, 0, 0, 0.5);\"><strong>Ziel<\/strong>: L\u00f6sen von all dessen, was nicht wirklich zu uns geh\u00f6rt, was uns an Glaubenss\u00e4tzen (beliefs) und Introjekten hindert, uns ganz zu entfalten und der\/die zu sein, die wir im Kern bereits sind. So k\u00f6nnen wir unser Potenzial leben.<\/span><\/p>\n<p>[\/et_pb_text][\/et_pb_column][\/et_pb_row][et_pb_row _builder_version=&#8220;4.16&#8243; _module_preset=&#8220;default&#8220; global_colors_info=&#8220;{}&#8220;][et_pb_column type=&#8220;4_4&#8243; _builder_version=&#8220;4.16&#8243; _module_preset=&#8220;default&#8220; global_colors_info=&#8220;{}&#8220;][et_pb_image src=&#8220;https:\/\/nlp-core.ch\/wp-content\/uploads\/2021\/10\/Kern.png&#8220; title_text=&#8220;Kern&#8220; _builder_version=&#8220;4.16&#8243; _module_preset=&#8220;default&#8220; width=&#8220;57%&#8220; max_width=&#8220;58%&#8220; module_alignment=&#8220;center&#8220; min_height=&#8220;100px&#8220; max_height=&#8220;297px&#8220; global_colors_info=&#8220;{}&#8220;][\/et_pb_image][\/et_pb_column][\/et_pb_row][et_pb_row _builder_version=&#8220;4.16&#8243; _module_preset=&#8220;default&#8220; min_height=&#8220;63.5px&#8220; global_colors_info=&#8220;{}&#8220;][et_pb_column type=&#8220;4_4&#8243; _builder_version=&#8220;4.16&#8243; _module_preset=&#8220;default&#8220; global_colors_info=&#8220;{}&#8220;][et_pb_text _builder_version=&#8220;4.16&#8243; _module_preset=&#8220;default&#8220; global_colors_info=&#8220;{}&#8220;]<\/p>\n<h2><span style=\"color: #008080;\">Heute<\/span><\/h2>\n<p>[\/et_pb_text][\/et_pb_column][\/et_pb_row][et_pb_row _builder_version=&#8220;4.16&#8243; _module_preset=&#8220;default&#8220; custom_padding=&#8220;|||2px||&#8220; global_colors_info=&#8220;{}&#8220;][et_pb_column type=&#8220;4_4&#8243; _builder_version=&#8220;4.16&#8243; _module_preset=&#8220;default&#8220; global_colors_info=&#8220;{}&#8220;][et_pb_text _builder_version=&#8220;4.16&#8243; _module_preset=&#8220;default&#8220; global_colors_info=&#8220;{}&#8220;]<\/p>\n<h2><span style=\"color: #008080;\"><strong>Strukturaufstellungen nach Dr. Ero Langlotz:<\/strong><\/span><\/h2>\n<h4><span style=\"color: #008080; font-size: small;\">Worum es geht<\/span><\/h4>\n<p>Bei dieser Art von Aufstellung geht es um das Sichtbarmachen und die Aufl\u00f6sung fr\u00fcher Konditionierung \u2013 alter Muster und Glaubenss\u00e4tze, die damals ihre Berechtigung hatten und vielleicht sogar als \u00dcberlebensstrategie dienten.<\/p>\n<h4><span style=\"color: #008080; font-size: small;\">H\u00e4ufige Muster<\/span><\/h4>\n<ul>\n<li>Der Klient hat sich im Raum des anderen zust\u00e4ndig gef\u00fchlt und seinen eigenen Raum verlassen<\/li>\n<li>Oder er hat andere im eigenen Raum wirken lassen \u2013 als Introjekt<\/li>\n<\/ul>\n<h4><span style=\"color: #008080; font-size: small;\">Das Ziel<\/span><\/h4>\n<p>Abgrenzung: Die Kraft f\u00fcr sich einsetzen und das Ich-Fremde ausserhalb der Grenze lassen k\u00f6nnen.<\/p>\n<p>Verbindung: Sich verbinden micht sich selbst &#8211; mit den eigenen Pers\u00f6nlichkeitsanteilen.<\/p>\n<h4><span style=\"color: #008080; font-size: small;\">Der Prozess<\/span><\/h4>\n<p>Durch alte Muster und Konditionierung sind die Gef\u00fchle verwirrt &#8211; der Klient kommt nicht aus seinem Muster heraus. Oft hat er gelernt, sich selbst abzuwerten.<\/p>\n<h4><span style=\"color: #008080; font-size: small;\">Durch den L\u00f6sungsprozess<\/span><\/h4>\n<ul>\n<li>blockierte Kraft freisetzen<\/li>\n<li>sich selbst wieder achten<\/li>\n<li>die eigene Kraft leben<\/li>\n<\/ul>\n<h4><span style=\"color: #008080; font-size: small;\">Die Verbindung zu MEM<\/span><\/h4>\n<p>Dahinter steht die gleiche Ziel-Dynamik wie bei der <span style=\"color: #000080;\"><strong><a href=\"https:\/\/nlp-core.ch\/index.php\/mem-was-ist-das\/\">MEM<\/a> (Mind Energy Method)<\/strong><\/span>, einfach ICH zu sein. Sich l\u00f6sen von den negativen Identit\u00e4ten, die sich durch \u00abStresssituationen\u00bb und traumatische Erfahrungen als Introjekte eingenistet hatten.<\/p>\n<h4><span style=\"color: #008080; font-size: small;\">Die Essenz<\/span><\/h4>\n<p>Die Kraft f\u00fcr sich einsetzen und das Ich-Fremde ausserhalb der Grenze lassen k\u00f6nnen.<\/p>\n<p>&nbsp;<\/p>\n<p><span style=\"font-size: large;\"><strong><\/strong><\/span><\/p>\n<p>[\/et_pb_text][\/et_pb_column][\/et_pb_row][\/et_pb_section]<\/p>\n","protected":false},"excerpt":{"rendered":"<p>Meine Geschichte mit Aufstellungsarbeit Der Anfang &#8211; 1980 Meine erste Aufstellung erlebte ich ca. 1980 als Teilnehmerin bei Wilfried de Philipp. Die Methode war damals noch sehr unbekannt \u2013 ich \u201erutschte&#8220; sozusagen \u201ezuf\u00e4llig&#8220; in diesen Wochenkurs. Die Aufstellungen erlebte ich als sehr intensiv. Mehr als verbl\u00fcffend war das Ergebnis f\u00fcr mich selbst: In meinem Familiensystem [&hellip;]<\/p>\n","protected":false},"author":1,"featured_media":0,"parent":0,"menu_order":0,"comment_status":"closed","ping_status":"closed","template":"","meta":{"_et_pb_use_builder":"on","_et_pb_old_content":"","_et_gb_content_width":"","footnotes":""},"class_list":["post-5138","page","type-page","status-publish","hentry"],"_links":{"self":[{"href":"https:\/\/nlp-core.ch\/index.php\/wp-json\/wp\/v2\/pages\/5138","targetHints":{"allow":["GET"]}}],"collection":[{"href":"https:\/\/nlp-core.ch\/index.php\/wp-json\/wp\/v2\/pages"}],"about":[{"href":"https:\/\/nlp-core.ch\/index.php\/wp-json\/wp\/v2\/types\/page"}],"author":[{"embeddable":true,"href":"https:\/\/nlp-core.ch\/index.php\/wp-json\/wp\/v2\/users\/1"}],"replies":[{"embeddable":true,"href":"https:\/\/nlp-core.ch\/index.php\/wp-json\/wp\/v2\/comments?post=5138"}],"version-history":[{"count":43,"href":"https:\/\/nlp-core.ch\/index.php\/wp-json\/wp\/v2\/pages\/5138\/revisions"}],"predecessor-version":[{"id":242972,"href":"https:\/\/nlp-core.ch\/index.php\/wp-json\/wp\/v2\/pages\/5138\/revisions\/242972"}],"wp:attachment":[{"href":"https:\/\/nlp-core.ch\/index.php\/wp-json\/wp\/v2\/media?parent=5138"}],"curies":[{"name":"wp","href":"https:\/\/api.w.org\/{rel}","templated":true}]}}