{"id":5105,"date":"2021-05-14T05:52:43","date_gmt":"2021-05-14T05:52:43","guid":{"rendered":"https:\/\/nlp-core.ch\/?page_id=5105"},"modified":"2025-12-21T17:26:20","modified_gmt":"2025-12-21T17:26:20","slug":"ueber-uns","status":"publish","type":"page","link":"https:\/\/nlp-core.ch\/index.php\/ueber-uns\/","title":{"rendered":"Portrait"},"content":{"rendered":"<p>[et_pb_section fb_built=&#8220;1&#8243; _builder_version=&#8220;4.16&#8243; _module_preset=&#8220;default&#8220; global_colors_info=&#8220;{}&#8220;][et_pb_row _builder_version=&#8220;4.16&#8243; _module_preset=&#8220;default&#8220; global_colors_info=&#8220;{}&#8220;][et_pb_column type=&#8220;4_4&#8243; _builder_version=&#8220;4.16&#8243; _module_preset=&#8220;default&#8220; global_colors_info=&#8220;{}&#8220;][et_pb_image src=&#8220;https:\/\/nlp-core.ch\/wp-content\/uploads\/2020\/09\/A0A4676.jpg&#8220; title_text=&#8220;_A0A4676&#8243; _builder_version=&#8220;4.16&#8243; _module_preset=&#8220;default&#8220; global_colors_info=&#8220;{}&#8220;][\/et_pb_image][\/et_pb_column][\/et_pb_row][et_pb_row _builder_version=&#8220;4.16&#8243; _module_preset=&#8220;default&#8220; global_colors_info=&#8220;{}&#8220;][et_pb_column type=&#8220;4_4&#8243; _builder_version=&#8220;4.16&#8243; _module_preset=&#8220;default&#8220; global_colors_info=&#8220;{}&#8220;][et_pb_text _builder_version=&#8220;4.25.0&#8243; _module_preset=&#8220;default&#8220; custom_padding=&#8220;||2px|||&#8220; global_colors_info=&#8220;{}&#8220;]<\/p>\n<h2><span style=\"color: #993366;\">CORE wurde gegr\u00fcndet 1994:<\/span><\/h2>\n<p>[\/et_pb_text][\/et_pb_column][\/et_pb_row][et_pb_row _builder_version=&#8220;4.16&#8243; _module_preset=&#8220;default&#8220; global_colors_info=&#8220;{}&#8220;][et_pb_column type=&#8220;4_4&#8243; _builder_version=&#8220;4.16&#8243; _module_preset=&#8220;default&#8220; global_colors_info=&#8220;{}&#8220;][et_pb_text _builder_version=&#8220;4.16&#8243; _module_preset=&#8220;default&#8220; global_colors_info=&#8220;{}&#8220;]<\/p>\n<h2><span style=\"color: #0000ff;\"><span style=\"color: #993366;\">Leitung von CORE: Karin Streuli<\/span><br \/><\/span><\/h2>\n<p>[\/et_pb_text][\/et_pb_column][\/et_pb_row][et_pb_row _builder_version=&#8220;4.16&#8243; _module_preset=&#8220;default&#8220; global_colors_info=&#8220;{}&#8220;][et_pb_column type=&#8220;4_4&#8243; _builder_version=&#8220;4.16&#8243; _module_preset=&#8220;default&#8220; global_colors_info=&#8220;{}&#8220;][et_pb_text _builder_version=&#8220;4.16&#8243; _module_preset=&#8220;default&#8220; global_colors_info=&#8220;{}&#8220;]<\/p>\n<div id=\"cc-m-13383594925\" class=\"j-module n j-text \">\n<p>Seit Fr\u00fchling 1952 erlebe ich die Vielfalt des Lebens. Aufgewachsen in Z\u00fcrich und Baden, begann Anfang der 70er Jahre meine pers\u00f6nliche ENT-Wicklung: Ich begann, erlernte Muster zu hinterfragen. Manche entwickelte ich weiter, andere verlernte ich, neue integrierte ich. Eine spannende Reise \u2013 die bis heute andauert.<\/p>\n<p>&nbsp;<\/p>\n<\/div>\n<div id=\"cc-m-13398199125\" class=\"j-module n j-header \">\n<h2 class=\"\" id=\"cc-m-header-13398199125\"><span style=\"color: #993366;\">Lehrerin mit herz &#8211; 1970 1990<\/span><\/h2>\n<\/div>\n<div id=\"cc-m-13398207125\" class=\"j-module n j-text \">\n<p>In meinem Erstberuf als Lehrerin erlebte ich die sch\u00f6nsten Momente, wenn Sch\u00fcler Erfolge feierten, ihre St\u00e4rken entdeckten und stolz auf das Erreichte sein konnten. Diese Freude pr\u00e4gt mich bis heute.<\/p>\n<\/div>\n<p>[\/et_pb_text][\/et_pb_column][\/et_pb_row][et_pb_row _builder_version=&#8220;4.16&#8243; _module_preset=&#8220;default&#8220; global_colors_info=&#8220;{}&#8220;][et_pb_column type=&#8220;4_4&#8243; _builder_version=&#8220;4.16&#8243; _module_preset=&#8220;default&#8220; global_colors_info=&#8220;{}&#8220;][et_pb_text _builder_version=&#8220;4.16&#8243; _module_preset=&#8220;default&#8220; global_colors_info=&#8220;{}&#8220;]<\/p>\n<p>&nbsp;<\/p>\n<div id=\"cc-m-13383594925\" class=\"j-module n j-text \"><\/div>\n<div id=\"cc-m-13398199125\" class=\"j-module n j-header \">\n<h2 class=\"\" id=\"cc-m-header-13398199125\"><span style=\"color: #993366;\">meiner berufung folgen<\/span><\/h2>\n<\/div>\n<div id=\"cc-m-13398207125\" class=\"j-module n j-text \">\n<p>Als psychologische Beraterin und Coach erm\u00f6gliche ich Menschen, in ihren Lebenssituationen ihr Bestes zu erleben und sich gl\u00fccklich zu f\u00fchlen. Meine Leidenschaft: Menschen dabei zu unterst\u00fctzen, \u00fcberholte Muster abzulegen, sich frei zu f\u00fchlen und wieder zu \u201eh\u00fcpfen&#8220; wie Kinder \u2013 leicht, offen und bereit f\u00fcr ihre Ziele und Visionen.<\/p>\n<\/div>\n<p>[\/et_pb_text][\/et_pb_column][\/et_pb_row][et_pb_row _builder_version=&#8220;4.16&#8243; _module_preset=&#8220;default&#8220; global_colors_info=&#8220;{}&#8220;][et_pb_column type=&#8220;4_4&#8243; _builder_version=&#8220;4.16&#8243; _module_preset=&#8220;default&#8220; global_colors_info=&#8220;{}&#8220;][et_pb_text _builder_version=&#8220;4.16&#8243; _module_preset=&#8220;default&#8220; custom_padding=&#8220;||0px|||&#8220; global_colors_info=&#8220;{}&#8220;]<\/p>\n<h3><span style=\"color: #993366;\">\u00fcber 30 Jahre ausbildung und weiterentwicklung der methoden<\/span><\/h3>\n<div id=\"cc-m-13398207125\" class=\"j-module n j-text \">\n<p>Mehr als drei Jahrzehnte lang vermittelte ich zertifizierte NLP-Ausbildungen auf allen Stufen: Practitioner, Master, Advanced Master, Coach und Trainer. Parallel dazu bildete ich mich kontinuierlich in verschiedenen therapeutischen Methoden weiter. Siehe CV. &#8211; Seit 2026 f\u00fchre ich noch 2 Master Lehrg\u00e4nge durch. &#8211; Und weiterhin begleite ich Sie als Coach und Beraterin.<\/p>\n<p>Was mich besonders fasziniert: Wie die moderne Hirnforschung therapeutische Prozesse ver\u00e4ndert und vereinfacht. So k\u00f6nnen wir \u2013 auch bei komplexen Themen \u2013 Schicht um Schicht pr\u00e4ziser und schneller zu L\u00f6sungen gelangen.<\/p>\n<\/div>\n<p>[\/et_pb_text][\/et_pb_column][\/et_pb_row][et_pb_row column_structure=&#8220;1_2,1_2&#8243; _builder_version=&#8220;4.16&#8243; _module_preset=&#8220;default&#8220; custom_margin=&#8220;|auto|-60px|auto||&#8220; custom_padding=&#8220;||87px|||&#8220; global_colors_info=&#8220;{}&#8220;][et_pb_column type=&#8220;1_2&#8243; _builder_version=&#8220;4.16&#8243; _module_preset=&#8220;default&#8220; global_colors_info=&#8220;{}&#8220;][et_pb_image src=&#8220;https:\/\/nlp-core.ch\/wp-content\/uploads\/2020\/04\/DSC_6000-scaled.jpg&#8220; title_text=&#8220;DSC_6000&#8243; _builder_version=&#8220;4.16&#8243; _module_preset=&#8220;default&#8220; global_colors_info=&#8220;{}&#8220;][\/et_pb_image][\/et_pb_column][et_pb_column type=&#8220;1_2&#8243; _builder_version=&#8220;4.16&#8243; _module_preset=&#8220;default&#8220; global_colors_info=&#8220;{}&#8220;][et_pb_text _builder_version=&#8220;4.16&#8243; _module_preset=&#8220;default&#8220; global_colors_info=&#8220;{}&#8220;]<\/p>\n<div>\n<div id=\"cc-m-textwithimage-17930088625\" data-name=\"text\" data-action=\"text\" class=\"cc-m-textwithimage-inline-rte\">\n<h2 class=\"\" id=\"cc-m-header-13398199125\"><span style=\"color: #993366;\">aruna &#8211; meine begleiterin auf vier pfoten<\/span><\/h2>\n<p>Seit Mai 2016 bereichert Aruna, meine Hundedame, mein Leben. Die Spazierg\u00e4nge mit ihr sind traumhaft: Sie rennt und spielt, Leben pur. Und dann wieder liegt sie stundenlang ruhig da, schl\u00e4ft und tr\u00e4umt.<\/p>\n<p>Aruna begleitet uns in allen Seminaren und Sitzungen bei CORE. Meist macht sie sich kaum bemerkbar \u2013 sie liegt einfach zufrieden da und genie\u00dft die Atmosph\u00e4re.<\/p>\n<p>&nbsp;<\/p>\n<\/div>\n<\/div>\n<p>[\/et_pb_text][\/et_pb_column][\/et_pb_row][et_pb_row _builder_version=&#8220;4.16&#8243; _module_preset=&#8220;default&#8220; global_colors_info=&#8220;{}&#8220;][et_pb_column type=&#8220;4_4&#8243; _builder_version=&#8220;4.16&#8243; _module_preset=&#8220;default&#8220; global_colors_info=&#8220;{}&#8220;][et_pb_text _builder_version=&#8220;4.25.0&#8243; _module_preset=&#8220;default&#8220; text_text_color=&#8220;#E09900&#8243; global_colors_info=&#8220;{}&#8220;]<\/p>\n<h2><span style=\"color: #0000ff;\"><span style=\"color: #993366;\">Curiculum vitae Karin Streuli<\/span><br \/><\/span><\/h2>\n<p>[\/et_pb_text][\/et_pb_column][\/et_pb_row][et_pb_row _builder_version=&#8220;4.16&#8243; _module_preset=&#8220;default&#8220; global_colors_info=&#8220;{}&#8220;][et_pb_column type=&#8220;4_4&#8243; _builder_version=&#8220;4.16&#8243; _module_preset=&#8220;default&#8220; global_colors_info=&#8220;{}&#8220;][et_pb_text _builder_version=&#8220;4.25.0&#8243; _module_preset=&#8220;default&#8220; global_colors_info=&#8220;{}&#8220;]<\/p>\n<div id=\"cc-m-13383594025\" class=\"j-module n j-header \">\n<h4><span style=\"color: #993366;\"><strong>Beruflicher Werdegang<\/strong><\/span><\/h4>\n<ul>\n<li><strong>20 Jahre<\/strong> T\u00e4tigkeit als Lehrperson in Schule und Erwachsenenbildung<\/li>\n<li><strong> <\/strong><strong>Seit 1989<\/strong> eigene Praxis als Beraterin und Coach<\/li>\n<li><strong>Seit 1994<\/strong> Gr\u00fcndung von CORE Praxis und Ausbildungszentrum \/ Leiterin von CORE<\/li>\n<\/ul>\n<h4><span style=\"color: #993366;\"><strong>Akademische Ausbildung<\/strong><\/span><\/h4>\n<ul>\n<li>Studium der Psychologie, Akademie f\u00fcr Angewandte Psychologie, Z\u00fcrich<\/li>\n<\/ul>\n<h4><span style=\"color: #993366;\"><strong>NLP-Ausbildungen &amp; Zertifizierungen<\/strong><\/span><\/h4>\n<ul>\n<li><strong> NLP Lehrtrainerin und Lehrcoach<\/strong>, DVNLP<\/li>\n<li><strong> NLP Trainerin<\/strong>, Society of NLP, USA (Chris Hall)<\/li>\n<li><strong> NLPt<\/strong> \u2013 NLP-Therapeutin<\/li>\n<li><strong>CLC<\/strong> \u2013 Certified Life Coach, SWISS NLP<\/li>\n<li><strong>Cert<\/strong>. N<strong>LP Master-Trainerin<\/strong>, DVNLP<\/li>\n<\/ul>\n<h4><span style=\"color: #993366;\"><strong>Systemische Therapie &amp; Beratung<\/strong><\/span><\/h4>\n<ul>\n<li><strong>Systemische Beraterin und Coach<\/strong>, DGSF<\/li>\n<li><strong>L\u00f6sungsorientierte Beratung<\/strong>, Steve de Shazer, Insoo Kim Berg<\/li>\n<li><strong> Systeme-Stellen<\/strong>, Dr. Ilse Kutschera, Helmut Eichenm\u00fcller, M\u00fcnchen<\/li>\n<li><strong>Systemische Strukturaufstellungen<\/strong>, Insa Sparrer und Matthias Varga von Kib\u00e9d, M\u00fcnchen<\/li>\n<li><strong>Systemische Einzel-, Paar- und Familientherapie<\/strong>, Dr. Gunthard Weber, Institut WISL, Heidelberg<\/li>\n<li><strong>Selbst-integrative Trauma-Aufstellung<\/strong>, Dr. Ero Langlotz, M\u00fcnchen<\/li>\n<\/ul>\n<h4><span style=\"color: #993366;\"><strong>Hypnose &amp; Traumatherapie<\/strong><\/span><\/h4>\n<ul>\n<li><strong>Klinische Hypnose \/ Ericksonsche Kommunikation<\/strong>, Milton Erickson Institut, Rottweil (Bernhard Trenkle, Gunther Schmdt)<\/li>\n<li><strong>EMDR<\/strong>, D.I.P. Institut f\u00fcr provokative Therapie, M\u00fcnchen (Andreas und Ulrike Zimmermann)<\/li>\n<li><strong>EMDR mit Kindern<\/strong>, EMDR Akademie, Passau (Andreas und Ulrike Zimmermann)<\/li>\n<li><strong>EMDR Advanced<\/strong>, Andreas und Ulrike Zimmermann, Passau\/M\u00fcnchen<\/li>\n<li><strong>Selbst-integrative Trauma-Aufstellung<\/strong>, Dr. Ero Langlotz, M\u00fcnchen<\/li>\n<li><strong>Brainspotting<\/strong>, Mag. Monika Baumann, Wien<\/li>\n<\/ul>\n<h4><span style=\"color: #993366;\"><strong>Weitere therapeutische Methoden<\/strong><\/span><\/h4>\n<ul>\n<li><strong>Kinesiologin<\/strong> (ehemals I-ASK)<\/li>\n<li><strong>Brainlog Coach<\/strong>, Andreas und Ulrike Zimmermann, Passau\/M\u00fcnchen<\/li>\n<li><strong>Burn-out-Coach<\/strong>, Andreas und Ulrike Zimmermann, Passau\/M\u00fcnchen<\/li>\n<li><strong>MEM \u2013 Mace Energy Methode<\/strong>, Anwenderin und Trainerin (Inke Jochims, Berlin)<\/li>\n<li><strong>PEP \u2013 Prozess- und Embodimentfokussierte Psychologie<\/strong>, Dr. Michael Bohne, Hannover<\/li>\n<li><strong>PEP und Auftrittskompetenz<\/strong>, Dr. Michael Bohne, Hannover<\/li>\n<li><strong>Selbst-integrative Trauma-Aufstellung<\/strong>, Dr. Ero Langlotz, M\u00fcnchen<\/li>\n<\/ul>\n<p><span style=\"color: #993366;\"><\/span><\/p>\n<\/div>\n<p>[\/et_pb_text][\/et_pb_column][\/et_pb_row][et_pb_row column_structure=&#8220;3_5,2_5&#8243; _builder_version=&#8220;4.25.0&#8243; _module_preset=&#8220;default&#8220; global_colors_info=&#8220;{}&#8220;][et_pb_column type=&#8220;3_5&#8243; _builder_version=&#8220;4.25.0&#8243; _module_preset=&#8220;default&#8220; global_colors_info=&#8220;{}&#8220;][et_pb_image src=&#8220;https:\/\/nlp-core.ch\/wp-content\/uploads\/2025\/12\/Master-Lehrtrainerin-DVNLP-scaled-e1766337526483.png&#8220; _builder_version=&#8220;4.25.0&#8243; _module_preset=&#8220;default&#8220; hover_enabled=&#8220;0&#8243; sticky_enabled=&#8220;0&#8243;][\/et_pb_image][\/et_pb_column][et_pb_column type=&#8220;2_5&#8243; _builder_version=&#8220;4.25.0&#8243; _module_preset=&#8220;default&#8220; global_colors_info=&#8220;{}&#8220;][et_pb_image src=&#8220;https:\/\/nlp-core.ch\/wp-content\/uploads\/2020\/09\/cropped-CORE_Dreh-zur-Loesung-links.jpg&#8220; _builder_version=&#8220;4.25.0&#8243; _module_preset=&#8220;default&#8220; title_text=&#8220;cropped-CORE_Dreh-zur-Loesung-links.jpg&#8220; hover_enabled=&#8220;0&#8243; sticky_enabled=&#8220;0&#8243;][\/et_pb_image][\/et_pb_column][\/et_pb_row][et_pb_row _builder_version=&#8220;4.16&#8243; _module_preset=&#8220;default&#8220; global_colors_info=&#8220;{}&#8220;][et_pb_column type=&#8220;4_4&#8243; _builder_version=&#8220;4.16&#8243; _module_preset=&#8220;default&#8220; global_colors_info=&#8220;{}&#8220;][et_pb_text _builder_version=&#8220;4.25.0&#8243; _module_preset=&#8220;default&#8220; custom_padding=&#8220;0px|||||&#8220; global_colors_info=&#8220;{}&#8220;]<\/p>\n<div id=\"cc-m-13289212425\" class=\"j-module n j-text \">\n<h4><span style=\"color: #993366;\"><strong>L\u00f6sungsorientierte Kurzzeittherapie, Coaching und Consulting<\/strong><\/span><\/h4>\n<ul>\n<li>Einzelsitzungen mit Erwachsenen, Jugendlichen und Kindern<\/li>\n<li>Seminare auf pers\u00f6nliche AnfrageEhemaliges Vorstandsmitglied des Schweizerischen Dachverbandes f\u00fcr NLP, SWISS NLP und der HANLP<\/li>\n<\/ul>\n<p>&nbsp;<\/p>\n<\/div>\n<div id=\"cc-m-13398231925\" class=\"j-module n j-text \">\n<h4><span style=\"color: #993366;\"><strong>Verbandst\u00e4tigkeiten<\/strong><\/span><\/h4>\n<ul>\n<li>Ehemaliges <strong>Vorstandsmitglied<\/strong> des Schweizerischen Dachverbandes f\u00fcr NLP <strong>SWISS NLP<\/strong><\/li>\n<li><strong> <\/strong>Ehemaliges <strong>Vorstandsmitglied<\/strong> <strong>HANLP<\/strong><\/li>\n<\/ul>\n<p><strong>Beide Verb\u00e4nde wurden aufgel\u00f6st<\/strong><\/p>\n<p><span style=\"color: #993366;\"><strong>Mitgliedschaften &amp; Verb\u00e4nde<\/strong><\/span><\/p>\n<ul>\n<li><strong>DVNLP<\/strong> \u2013 Deutscher Verband f\u00fcr Neurolinguistisches Programmieren<\/li>\n<li><strong>DVNLPt<\/strong> \u2013 Deutscher Verband f\u00fcr Neurolinguistische Psychotherapie &#8211; Therapeut<\/li>\n<li><strong>Society of NLP<\/strong> \u2013 USA \u2013 Chris Hall<\/li>\n<li><strong>SwissNLP<\/strong> (Verband aufgel\u00f6st \u2013 ehemaliges Vorstandsmitglied)<\/li>\n<li><strong>M.E.G.<\/strong> \u2013 Milton Erickson Gesellschaft<\/li>\n<li><strong>DGSF<\/strong> \u2013 Deutsche Gesellschaft f\u00fcr Systemische Therapie, Beratung und Familientherapie<\/li>\n<li><strong>EMDR Netzwerk<\/strong><\/li>\n<\/ul>\n<\/div>\n<div id=\"cc-m-13398233825\" class=\"j-module n j-header \">\n<h4 id=\"cc-m-header-13398233825\"><span style=\"color: #993366;\">mein angebot<\/span><\/h4>\n<\/div>\n<div id=\"cc-m-13398232625\" class=\"j-module n j-text \">\n<p>L\u00f6sungsorientierte Kurzzeittherapie, Coaching und Consulting<\/p>\n<ul>\n<li>Einzelsitzungen mit Erwachsenen, Jugendlichen und Kindern<\/li>\n<li>Seminare und 1:1 Ausbildungen auf pers\u00f6nliche Anfrage, ebenso massgeschneiderte Seminare f\u00fcr Kleingruppen<\/li>\n<\/ul>\n<p>&nbsp;<\/p>\n<\/div>\n<p>[\/et_pb_text][\/et_pb_column][\/et_pb_row][\/et_pb_section]<\/p>\n","protected":false},"excerpt":{"rendered":"<p>CORE wurde gegr\u00fcndet 1994:Leitung von CORE: Karin Streuli Seit Fr\u00fchling 1952 erlebe ich die Vielfalt des Lebens. Aufgewachsen in Z\u00fcrich und Baden, begann Anfang der 70er Jahre meine pers\u00f6nliche ENT-Wicklung: Ich begann, erlernte Muster zu hinterfragen. Manche entwickelte ich weiter, andere verlernte ich, neue integrierte ich. Eine spannende Reise \u2013 die bis heute andauert. &nbsp; [&hellip;]<\/p>\n","protected":false},"author":1,"featured_media":0,"parent":0,"menu_order":0,"comment_status":"closed","ping_status":"closed","template":"","meta":{"_et_pb_use_builder":"on","_et_pb_old_content":"","_et_gb_content_width":"","footnotes":""},"class_list":["post-5105","page","type-page","status-publish","hentry"],"_links":{"self":[{"href":"https:\/\/nlp-core.ch\/index.php\/wp-json\/wp\/v2\/pages\/5105","targetHints":{"allow":["GET"]}}],"collection":[{"href":"https:\/\/nlp-core.ch\/index.php\/wp-json\/wp\/v2\/pages"}],"about":[{"href":"https:\/\/nlp-core.ch\/index.php\/wp-json\/wp\/v2\/types\/page"}],"author":[{"embeddable":true,"href":"https:\/\/nlp-core.ch\/index.php\/wp-json\/wp\/v2\/users\/1"}],"replies":[{"embeddable":true,"href":"https:\/\/nlp-core.ch\/index.php\/wp-json\/wp\/v2\/comments?post=5105"}],"version-history":[{"count":27,"href":"https:\/\/nlp-core.ch\/index.php\/wp-json\/wp\/v2\/pages\/5105\/revisions"}],"predecessor-version":[{"id":243059,"href":"https:\/\/nlp-core.ch\/index.php\/wp-json\/wp\/v2\/pages\/5105\/revisions\/243059"}],"wp:attachment":[{"href":"https:\/\/nlp-core.ch\/index.php\/wp-json\/wp\/v2\/media?parent=5105"}],"curies":[{"name":"wp","href":"https:\/\/api.w.org\/{rel}","templated":true}]}}