{"id":5056,"date":"2021-05-13T14:39:49","date_gmt":"2021-05-13T14:39:49","guid":{"rendered":"https:\/\/nlp-core.ch\/?page_id=5056"},"modified":"2025-12-18T15:59:07","modified_gmt":"2025-12-18T15:59:07","slug":"core-supervisionen-und-workshops","status":"publish","type":"page","link":"https:\/\/nlp-core.ch\/index.php\/core-supervisionen-und-workshops\/","title":{"rendered":"CORE Supervisionen"},"content":{"rendered":"<p>[et_pb_section fb_built=&#8220;1&#8243; _builder_version=&#8220;4.16&#8243; _module_preset=&#8220;default&#8220; global_colors_info=&#8220;{}&#8220; custom_padding=&#8220;6px|||||&#8220;][et_pb_row _builder_version=&#8220;4.16&#8243; _module_preset=&#8220;default&#8220; global_colors_info=&#8220;{}&#8220; min_height=&#8220;765.9px&#8220; custom_padding=&#8220;6px|||||&#8220;][et_pb_column type=&#8220;4_4&#8243; _builder_version=&#8220;4.16&#8243; _module_preset=&#8220;default&#8220; global_colors_info=&#8220;{}&#8220;][et_pb_text _builder_version=&#8220;4.25.0&#8243; _module_preset=&#8220;default&#8220; header_line_height=&#8220;1.7em&#8220; min_height=&#8220;779px&#8220; global_colors_info=&#8220;{}&#8220; header_line_height__hover_enabled=&#8220;off|desktop&#8220; custom_padding=&#8220;0px|||||&#8220;]<\/p>\n<div id=\"cc-m-13340251325\" class=\"j-module n j-header \">\n<h2><span style=\"color: #800000;\">Supervision und fresh up<\/span><\/h2>\n<\/div>\n<div id=\"cc-m-13349882625\" class=\"j-module n j-header \">\n<h2 class=\"\" id=\"cc-m-header-13349882625\"><span style=\"color: #800000;\">Aus der Praxis \u2013 f\u00fcr die Praxis.<\/span><\/h2>\n<\/div>\n<div id=\"cc-m-13433732325\" class=\"j-module n j-hr \">\n<hr \/>\n<\/div>\n<div id=\"cc-m-13433730825\" class=\"j-module n j-header \">\n<h2 id=\"cc-m-header-13433730825\"><span style=\"color: #800000;\">An wen? &#8211; Wie oft?<\/span><\/h2>\n<\/div>\n<div id=\"cc-m-13340255525\" class=\"j-module n j-text \">\n<p>Diese Supervisionen richten sich an ehemalige NLP Practitioners, Masters, Coachs, NLP Trainer &#8211; oder Absolventen einer ad\u00e4quaten Ausbildung.<\/p>\n<p>Diese Gruppen-Tage finden ca. 4 x j\u00e4hrlich statt.<\/p>\n<p>Du kannst dich f\u00fcr einen einzelnen Tag anmelden.<\/p>\n<\/div>\n<div id=\"cc-m-13433741025\" class=\"j-module n j-hr \">\n<hr \/>\n<\/div>\n<div id=\"cc-m-13433734025\" class=\"j-module n j-header \">\n<h2 id=\"cc-m-header-13433734025\"><span style=\"color: #800000;\">Du profitierst!<\/span><\/h2>\n<\/div>\n<div id=\"cc-m-13433732925\" class=\"j-module n j-text \">\n<p>An diesen Tagen kannst du deine Kenntnisse und Kompetenzen bereichern.<\/p>\n<\/div>\n<div id=\"cc-m-13433741325\" class=\"j-module n j-hr \">\n<hr \/>\n<\/div>\n<div id=\"cc-m-13433740525\" class=\"j-module n j-header \">\n<h2 id=\"cc-m-header-13433740525\"><span style=\"color: #800000;\">Inhalte<\/span><\/h2>\n<\/div>\n<div id=\"cc-m-13433740225\" class=\"j-module n j-text \">\n<p>Themen, Fragen, Fallbeispiele, Impulse in einer Gruppe, mit einer Gruppe, vor einer Gruppe.<\/p>\n<\/div>\n<div id=\"cc-m-13433747025\" class=\"j-module n j-hr \">\n<hr \/>\n<\/div>\n<div id=\"cc-m-13433747925\" class=\"j-module n j-header \">\n<h3 class=\"\" id=\"cc-m-header-13433747925\"><span style=\"color: #800000;\">Investition &amp; Zeiten<\/span><\/h3>\n<\/div>\n<div id=\"cc-m-13433742225\" class=\"j-module n j-text \">\n<p>CHF 220.- \/ Tag \u00a0&#8211; Dauer jeweils von 9.00 bis 17.00 Uhr<\/p>\n<\/div>\n<div id=\"cc-m-13433750525\" class=\"j-module n j-hr \">\n<hr \/>\n<\/div>\n<div id=\"cc-m-19107490525\" class=\"j-module n j-header \">\n<h2 class=\"\" id=\"cc-m-header-19107490525\"><span style=\"color: #800000;\">N\u00e4chste Termine<\/span><\/h2>\n<\/div>\n<div id=\"cc-m-19107495725\" class=\"j-module n j-text \">\n<p>20. M\u00e4rz 2026<\/p>\n<div id=\"cc-m-13433747925\" class=\"j-module n j-header \">26. Juni 2026<\/div>\n<div class=\"j-module n j-header \">21. August 2026<\/div>\n<div class=\"j-module n j-header \">20. November 2026<\/div>\n<div id=\"cc-m-13433742225\" class=\"j-module n j-text \">\n<p>&nbsp;<\/p>\n<\/div>\n<div id=\"cc-m-13433750525\" class=\"j-module n j-hr \">\n<hr \/>\n<\/div>\n<div id=\"cc-m-19107490525\" class=\"j-module n j-header \">\n<h2 class=\"\" id=\"cc-m-header-19107490525\"><span style=\"color: #800000;\">Kosten<\/span><\/h2>\n<\/div>\n<div id=\"cc-m-19107495725\" class=\"j-module n j-text \">\n<p>CHF 220 \/ Tag<\/p>\n<\/div>\n<\/div>\n<p>[\/et_pb_text][\/et_pb_column][\/et_pb_row][et_pb_row _builder_version=&#8220;4.16&#8243; _module_preset=&#8220;default&#8220; global_colors_info=&#8220;{}&#8220;][et_pb_column type=&#8220;4_4&#8243; _builder_version=&#8220;4.16&#8243; _module_preset=&#8220;default&#8220; global_colors_info=&#8220;{}&#8220;][et_pb_image src=&#8220;https:\/\/nlp-core.ch\/wp-content\/uploads\/2021\/10\/3-rot-Psyhodelisch.png&#8220; title_text=&#8220;3 rot Psyhodelisch&#8220; align=&#8220;center&#8220; _builder_version=&#8220;4.16&#8243; _module_preset=&#8220;default&#8220; global_colors_info=&#8220;{}&#8220;][\/et_pb_image][\/et_pb_column][\/et_pb_row][et_pb_row _builder_version=&#8220;4.16&#8243; _module_preset=&#8220;default&#8220; global_colors_info=&#8220;{}&#8220;][et_pb_column type=&#8220;4_4&#8243; _builder_version=&#8220;4.16&#8243; _module_preset=&#8220;default&#8220; global_colors_info=&#8220;{}&#8220;][et_pb_text _builder_version=&#8220;4.16&#8243; _module_preset=&#8220;default&#8220; global_colors_info=&#8220;{}&#8220; min_height=&#8220;13.6px&#8220;]<\/p>\n<h2><a href=\"https:\/\/nlp-core.ch\/index.php\/anmeldung\/\" target=\"_blank\" rel=\"noopener\"><span style=\"color: #0000ff;\"><span style=\"color: #800000;\">Anmeldung<\/span><\/span><\/a><\/h2>\n<p>[\/et_pb_text][\/et_pb_column][\/et_pb_row][et_pb_row _builder_version=&#8220;4.16&#8243; _module_preset=&#8220;default&#8220; global_colors_info=&#8220;{}&#8220; custom_padding=&#8220;2px|||||&#8220;][et_pb_column type=&#8220;4_4&#8243; _builder_version=&#8220;4.16&#8243; _module_preset=&#8220;default&#8220; global_colors_info=&#8220;{}&#8220;][et_pb_text _builder_version=&#8220;4.16&#8243; _module_preset=&#8220;default&#8220; global_colors_info=&#8220;{}&#8220; custom_padding=&#8220;0px|||||&#8220;]<\/p>\n<div id=\"cc-m-13398151825\" class=\"j-module n j-header \">\n<h2 id=\"cc-m-header-13398151825\"><span style=\"color: #800000;\">Supervisionen f\u00fcr Sie in Ihrer Funktion<\/span><\/h2>\n<\/div>\n<div id=\"cc-m-13398155825\" class=\"j-module n j-header \">\n<h2 id=\"cc-m-header-13398155825\"><span style=\"color: #800000;\">F\u00fchrungskraft, Lehrperson, Stelleninhaber<\/span><\/h2>\n<\/div>\n<div id=\"cc-m-13340455425\" class=\"j-module n j-text \">\n<p>Supervision im Einzelsetting: Zeit\/Dauer nach Absprache; Investition nach Aufwand<\/p>\n<p>Supervision f\u00fcr Lehrpersonen, Menschen in beratenden Funktionen oder f\u00fcr F\u00fchrungskr\u00e4fte:<\/p>\n<p>Zeit\/Dauer\/Investition nach Absprache und\u00a0 Aufwand.<\/p>\n<p>Wir besprechen gemeinsam das Vorgehen.<\/p>\n<\/div>\n<p>[\/et_pb_text][\/et_pb_column][\/et_pb_row][\/et_pb_section]<\/p>\n","protected":false},"excerpt":{"rendered":"<p>Supervision und fresh up Aus der Praxis \u2013 f\u00fcr die Praxis. An wen? &#8211; Wie oft? Diese Supervisionen richten sich an ehemalige NLP Practitioners, Masters, Coachs, NLP Trainer &#8211; oder Absolventen einer ad\u00e4quaten Ausbildung. Diese Gruppen-Tage finden ca. 4 x j\u00e4hrlich statt. Du kannst dich f\u00fcr einen einzelnen Tag anmelden. Du profitierst! An diesen Tagen [&hellip;]<\/p>\n","protected":false},"author":1,"featured_media":0,"parent":0,"menu_order":0,"comment_status":"closed","ping_status":"closed","template":"","meta":{"_et_pb_use_builder":"on","_et_pb_old_content":"","_et_gb_content_width":"","footnotes":""},"class_list":["post-5056","page","type-page","status-publish","hentry"],"_links":{"self":[{"href":"https:\/\/nlp-core.ch\/index.php\/wp-json\/wp\/v2\/pages\/5056","targetHints":{"allow":["GET"]}}],"collection":[{"href":"https:\/\/nlp-core.ch\/index.php\/wp-json\/wp\/v2\/pages"}],"about":[{"href":"https:\/\/nlp-core.ch\/index.php\/wp-json\/wp\/v2\/types\/page"}],"author":[{"embeddable":true,"href":"https:\/\/nlp-core.ch\/index.php\/wp-json\/wp\/v2\/users\/1"}],"replies":[{"embeddable":true,"href":"https:\/\/nlp-core.ch\/index.php\/wp-json\/wp\/v2\/comments?post=5056"}],"version-history":[{"count":29,"href":"https:\/\/nlp-core.ch\/index.php\/wp-json\/wp\/v2\/pages\/5056\/revisions"}],"predecessor-version":[{"id":242943,"href":"https:\/\/nlp-core.ch\/index.php\/wp-json\/wp\/v2\/pages\/5056\/revisions\/242943"}],"wp:attachment":[{"href":"https:\/\/nlp-core.ch\/index.php\/wp-json\/wp\/v2\/media?parent=5056"}],"curies":[{"name":"wp","href":"https:\/\/api.w.org\/{rel}","templated":true}]}}