{"id":5010,"date":"2021-05-13T12:03:33","date_gmt":"2021-05-13T12:03:33","guid":{"rendered":"https:\/\/nlp-core.ch\/?page_id=5010"},"modified":"2021-10-14T08:33:41","modified_gmt":"2021-10-14T08:33:41","slug":"ssi-coaching-und-inhalte","status":"publish","type":"page","link":"https:\/\/nlp-core.ch\/index.php\/ssi-coaching-und-inhalte\/","title":{"rendered":"SSI &#8211; Coaching und Inhalte"},"content":{"rendered":"<p>[et_pb_section fb_built=&#8220;1&#8243; _builder_version=&#8220;4.9.4&#8243; _module_preset=&#8220;default&#8220; min_height=&#8220;3016.7px&#8220; custom_padding=&#8220;10px|||||&#8220;][et_pb_row _builder_version=&#8220;4.9.4&#8243; _module_preset=&#8220;default&#8220;][et_pb_column type=&#8220;4_4&#8243; _builder_version=&#8220;4.9.4&#8243; _module_preset=&#8220;default&#8220;][et_pb_image src=&#8220;https:\/\/nlp-core.ch\/wp-content\/uploads\/2021\/10\/1-gruen-Wirbel.png&#8220; title_text=&#8220;blau 3 &#8211; Kopie&#8220; align=&#8220;center&#8220; _builder_version=&#8220;4.9.4&#8243; _module_preset=&#8220;default&#8220;][\/et_pb_image][\/et_pb_column][\/et_pb_row][et_pb_row _builder_version=&#8220;4.9.4&#8243; _module_preset=&#8220;default&#8220;][et_pb_column type=&#8220;4_4&#8243; _builder_version=&#8220;4.9.4&#8243; _module_preset=&#8220;default&#8220;][et_pb_text _builder_version=&#8220;4.9.4&#8243; _module_preset=&#8220;default&#8220;]<\/p>\n<h2><span style=\"color: #008080;\">AUTONOMIE UND SYMBIOSE<\/span><\/h2>\n<p>&nbsp;<\/p>\n<p>,Ich biete <strong>L\u00f6sungsprozesse<\/strong> und <strong>Coaching<\/strong> <strong>mit Einzelaufstellungen<\/strong> an. Die Methode der Strukturaufstellungen und der Selbst-Aufstellungen werden im Einzelsetting angewendet.<\/p>\n<p>Menschen kommen mit einem Anliegen \u2013 sie wollen in ihrem Leben etwas \u00e4ndern und l\u00f6sen.<\/p>\n<h2><span style=\"color: #008080;\">H\u00e4ufige Themen:<\/span><\/h2>\n<h1><span style=\"color: #008080;\"><strong><span style=\"font-family: inherit;\">Konflikte und Probleme in den Beziehungen zu Partnern, Eltern und Kindern, sowie anderen Bezugspersonen aus Familie und Beruf.<\/span><\/strong><\/span><\/h1>\n<p>Meist geht es um die L\u00f6sung aus den symbiotischen Mustern. Diese treten in Familien, Partnerschaften und Teams auf, wenn z.B.<\/p>\n<ul>\n<li>die Verbindung zu den eigenen Gef\u00fchlen und Bed\u00fcrfnissen blockiert ist<\/li>\n<li>man mehr beim anderen und seinen Gef\u00fchlen als bei sich selbst ist<\/li>\n<li>man schwer ertragen kann, dass es einem andern Menschen nicht gut geht<\/li>\n<li>man dem andern nicht zutraut, dass er sein Thema l\u00f6st<\/li>\n<li>man eine Tendenz hat, den andern ungefragt L\u00f6sungen anzubieten<\/li>\n<li>man sich nicht gut sch\u00fctzen kann, nicht Nein sagen k\u00f6nnen (Aggressionshemmung)<\/li>\n<li>die Bereitschaft da ist, sich abh\u00e4ngig zu machen und manipulieren zu lassen<\/li>\n<li>nicht genug Raum f\u00fcr die eigene Entfaltung da ist<\/li>\n<li>man sich einsam und resigniert f\u00fchlt<\/li>\n<li>jemand sich beim anderen (Partner) besser auskennt als bei sich selbst<\/li>\n<li>eigene Entscheidungen schwer oder nur mit Schuldgef\u00fchlen getroffen werden<\/li>\n<li>es einem selber schlecht geht, wenn es einer wichtigen Bezugsperson nicht gut geht<\/li>\n<\/ul>\n<h2><span style=\"color: #008080;\"><strong>Oder im Umgang mit sich selbst, wenn man:<\/strong><\/span><\/h2>\n<ul>\n<li>sich selbst immer wieder abwertet<\/li>\n<li>sich Schuldgef\u00fchle macht<\/li>\n<li>ja sagt, wenn man Nein meint<\/li>\n<li>Herausforderungen meidet<\/li>\n<li>sich nicht entscheiden kann<\/li>\n<li>sich schwer tut, seine eigenen Interessen und Bed\u00fcrfnisse zu leben<\/li>\n<li>Mit Kritik schlecht umgehen kann<\/li>\n<li>glaubt, perfekt sein m\u00fcssen<\/li>\n<li>gerne die Kontrolle beh\u00e4lt<\/li>\n<\/ul>\n<h2><span style=\"color: #008080;\">Die L\u00f6sung:<\/span><\/h2>\n<p>Je mehr jemand seinen eigenen inneren Raum wahrnehmen, abgrenzen und sch\u00fctzen kann, umso st\u00e4rker und intensiver wird der Zugang zu sich selbst (und damit zu Selbstbestimmtheit, Kongruenz, Eigenverantwortung).<\/p>\n<p>Und umso besser dies gelingt, umso mehr Klarheit gibt es in Beziehungen, man begegnet sich auf Augenh\u00f6he. Ein Kontakt braucht klare Grenzen.<\/p>\n<p>Im Prozess der Aufstellung wird der innere Raum von \u00e4usseren Personen und Elementen \u201eaufger\u00e4umt\u201c und eine Verbindung mit dem Selbst wieder hergestellt. Mit einem speziellen Abgrenzungsritual lernt der Klient, seinen inneren Raum zu sch\u00fctzen und daraus Kraft zu sch\u00f6pfen.<\/p>\n<p>Hindernde Elemente k\u00f6nnen auch Glaubenss\u00e4tze oder hinderliche Verhaltensmuster sein, die m\u00f6glicherweise zu einem fr\u00fcheren Zeitpunkt als \u00dcberlebensstrategien dienten, die jedoch hier &amp; heute keine Relevanz mehr haben.<\/p>\n<p>In der Regel brauchen wir gut 2 Stunden Zeit. Vor der Aufstellung besprechen und kl\u00e4ren das Anliegen<\/p>\n<p>Die Aufstellung erfolgt auf einem Tisch \u2013 wir arbeiten mit neutralen Elementen, mit Baukl\u00f6tzchen. In der Arbeit werden Blockaden aufgedeckt und aufgel\u00f6st. Sie lernen, sich besser abzugrenzen und verbinden sich mit Ihren Selbstanteilen.<\/p>\n<p>Die Methode eignet sich auch f\u00fcr online-Sitzungen. Sie brauchen dazu dann: siehe \u00abWas brauche ich f\u00fcr eine Sitzung\u00bb.<\/p>\n<p>[\/et_pb_text][\/et_pb_column][\/et_pb_row][et_pb_row _builder_version=&#8220;4.9.4&#8243; _module_preset=&#8220;default&#8220;][et_pb_column type=&#8220;4_4&#8243; _builder_version=&#8220;4.9.4&#8243; _module_preset=&#8220;default&#8220;][et_pb_image src=&#8220;https:\/\/nlp-core.ch\/wp-content\/uploads\/2021\/10\/2-gruen-Welle-e1634198652247.png&#8220; title_text=&#8220;2 gr\u00fcn Welle&#8220; align=&#8220;center&#8220; _builder_version=&#8220;4.9.4&#8243; _module_preset=&#8220;default&#8220;][\/et_pb_image][\/et_pb_column][\/et_pb_row][et_pb_row _builder_version=&#8220;4.9.4&#8243; _module_preset=&#8220;default&#8220; min_height=&#8220;89.5px&#8220;][et_pb_column type=&#8220;4_4&#8243; _builder_version=&#8220;4.9.4&#8243; _module_preset=&#8220;default&#8220;][et_pb_text _builder_version=&#8220;4.9.4&#8243; _module_preset=&#8220;default&#8220; header_2_font=&#8220;|||on|||||&#8220; header_2_text_color=&#8220;#150DE8&#8243;]<\/p>\n<blockquote>\n<h2><span style=\"color: #008080;\">Das brauchen Sie f\u00fcr eine online Aufstellungssitzung:<\/span><\/h2>\n<\/blockquote>\n<p>[\/et_pb_text][\/et_pb_column][\/et_pb_row][et_pb_row _builder_version=&#8220;4.9.4&#8243; _module_preset=&#8220;default&#8220;][et_pb_column type=&#8220;4_4&#8243; _builder_version=&#8220;4.9.4&#8243; _module_preset=&#8220;default&#8220;][et_pb_text _builder_version=&#8220;4.9.4&#8243; _module_preset=&#8220;default&#8220;][\/et_pb_text][\/et_pb_column][\/et_pb_row][et_pb_row _builder_version=&#8220;4.9.4&#8243; _module_preset=&#8220;default&#8220;][et_pb_column type=&#8220;4_4&#8243; _builder_version=&#8220;4.9.4&#8243; _module_preset=&#8220;default&#8220;][et_pb_code _builder_version=&#8220;4.9.4&#8243; _module_preset=&#8220;default&#8220; custom_margin=&#8220;-160px||-50px||false|false&#8220;]<iframe loading=\"lazy\" width=\"620px\" height=\"566px\" src=\"https:\/\/www.yumpu.com\/de\/embed\/view\/sjf9x4HK7BL5FI1k\" frameborder=\"0\" allowfullscreen=\"true\"  allowtransparency=\"true\"><\/iframe>[\/et_pb_code][\/et_pb_column][\/et_pb_row][et_pb_row _builder_version=&#8220;4.9.4&#8243; _module_preset=&#8220;default&#8220;][et_pb_column type=&#8220;4_4&#8243; _builder_version=&#8220;4.9.4&#8243; _module_preset=&#8220;default&#8220;][et_pb_text _builder_version=&#8220;4.9.4&#8243; _module_preset=&#8220;default&#8220;][\/et_pb_text][\/et_pb_column][\/et_pb_row][et_pb_row _builder_version=&#8220;4.9.4&#8243; _module_preset=&#8220;default&#8220;][et_pb_column type=&#8220;4_4&#8243; _builder_version=&#8220;4.9.4&#8243; _module_preset=&#8220;default&#8220;][et_pb_text _builder_version=&#8220;4.9.4&#8243; _module_preset=&#8220;default&#8220; custom_padding=&#8220;||0px|||&#8220; link_option_url=&#8220;http:\/\/test.autonomie-training.de\/&#8220; link_option_url_new_window=&#8220;on&#8220; hover_enabled=&#8220;0&#8243; sticky_enabled=&#8220;0&#8243;]<\/p>\n<p><strong><span style=\"color: #008080;\">Link zu Fragebogen von Dr. Ero Langlotz <br \/><\/span><\/strong><\/p>\n<p><span style=\"color: #008080;\"><\/span><\/p>\n<p>[\/et_pb_text][et_pb_image src=&#8220;https:\/\/nlp-core.ch\/wp-content\/uploads\/2021\/10\/3-gruen-Mosaik.png&#8220; title_text=&#8220;3 gr\u00fcn Mosaik&#8220; _builder_version=&#8220;4.9.4&#8243; _module_preset=&#8220;default&#8220;][\/et_pb_image][\/et_pb_column][\/et_pb_row][\/et_pb_section]<\/p>\n","protected":false},"excerpt":{"rendered":"<p>AUTONOMIE UND SYMBIOSE &nbsp; ,Ich biete L\u00f6sungsprozesse und Coaching mit Einzelaufstellungen an. Die Methode der Strukturaufstellungen und der Selbst-Aufstellungen werden im Einzelsetting angewendet. Menschen kommen mit einem Anliegen \u2013 sie wollen in ihrem Leben etwas \u00e4ndern und l\u00f6sen. H\u00e4ufige Themen: Konflikte und Probleme in den Beziehungen zu Partnern, Eltern und Kindern, sowie anderen Bezugspersonen aus [&hellip;]<\/p>\n","protected":false},"author":1,"featured_media":0,"parent":0,"menu_order":0,"comment_status":"closed","ping_status":"closed","template":"","meta":{"_et_pb_use_builder":"on","_et_pb_old_content":"","_et_gb_content_width":"","footnotes":""},"class_list":["post-5010","page","type-page","status-publish","hentry"],"_links":{"self":[{"href":"https:\/\/nlp-core.ch\/index.php\/wp-json\/wp\/v2\/pages\/5010","targetHints":{"allow":["GET"]}}],"collection":[{"href":"https:\/\/nlp-core.ch\/index.php\/wp-json\/wp\/v2\/pages"}],"about":[{"href":"https:\/\/nlp-core.ch\/index.php\/wp-json\/wp\/v2\/types\/page"}],"author":[{"embeddable":true,"href":"https:\/\/nlp-core.ch\/index.php\/wp-json\/wp\/v2\/users\/1"}],"replies":[{"embeddable":true,"href":"https:\/\/nlp-core.ch\/index.php\/wp-json\/wp\/v2\/comments?post=5010"}],"version-history":[{"count":23,"href":"https:\/\/nlp-core.ch\/index.php\/wp-json\/wp\/v2\/pages\/5010\/revisions"}],"predecessor-version":[{"id":242260,"href":"https:\/\/nlp-core.ch\/index.php\/wp-json\/wp\/v2\/pages\/5010\/revisions\/242260"}],"wp:attachment":[{"href":"https:\/\/nlp-core.ch\/index.php\/wp-json\/wp\/v2\/media?parent=5010"}],"curies":[{"name":"wp","href":"https:\/\/api.w.org\/{rel}","templated":true}]}}