{"id":4828,"date":"2021-05-09T06:05:22","date_gmt":"2021-05-09T06:05:22","guid":{"rendered":"https:\/\/nlp-core.ch\/?page_id=4828"},"modified":"2025-12-22T06:23:37","modified_gmt":"2025-12-22T06:23:37","slug":"4828-2","status":"publish","type":"page","link":"https:\/\/nlp-core.ch\/index.php\/4828-2\/","title":{"rendered":"Filme von Alfred Korzybski"},"content":{"rendered":"<p>[et_pb_section fb_built=&#8220;1&#8243; _builder_version=&#8220;4.16&#8243; _module_preset=&#8220;default&#8220; global_colors_info=&#8220;{}&#8220;][et_pb_row _builder_version=&#8220;4.16&#8243; _module_preset=&#8220;default&#8220; custom_margin=&#8220;|76px||auto||&#8220; global_colors_info=&#8220;{}&#8220;][et_pb_column type=&#8220;4_4&#8243; _builder_version=&#8220;4.16&#8243; _module_preset=&#8220;default&#8220; global_colors_info=&#8220;{}&#8220;][et_pb_image src=&#8220;https:\/\/nlp-core.ch\/wp-content\/uploads\/2021\/05\/meer-7-900-1.png&#8220; title_text=&#8220;meer 7 900&#8243; _builder_version=&#8220;4.16&#8243; _module_preset=&#8220;default&#8220; global_colors_info=&#8220;{}&#8220;][\/et_pb_image][\/et_pb_column][\/et_pb_row][et_pb_row _builder_version=&#8220;4.16&#8243; _module_preset=&#8220;default&#8220; global_colors_info=&#8220;{}&#8220;][et_pb_column type=&#8220;4_4&#8243; _builder_version=&#8220;4.16&#8243; _module_preset=&#8220;default&#8220; global_colors_info=&#8220;{}&#8220;][et_pb_text _builder_version=&#8220;4.16&#8243; _module_preset=&#8220;default&#8220; global_colors_info=&#8220;{}&#8220;]<\/p>\n<h2><span style=\"color: #000080;\">Filme von Alfred Korzybski<\/span><\/h2>\n<p>[\/et_pb_text][\/et_pb_column][\/et_pb_row][et_pb_row column_structure=&#8220;1_2,1_2&#8243; _builder_version=&#8220;4.16&#8243; _module_preset=&#8220;default&#8220; global_colors_info=&#8220;{}&#8220;][et_pb_column type=&#8220;1_2&#8243; _builder_version=&#8220;4.16&#8243; _module_preset=&#8220;default&#8220; global_colors_info=&#8220;{}&#8220;][et_pb_video src=&#8220;https:\/\/nlp-core.ch\/wp-content\/uploads\/2021\/05\/Alfred-Korzybski-The-World-is-NOT-an-Illusion.mp4&#8243; _builder_version=&#8220;4.16&#8243; _module_preset=&#8220;default&#8220; custom_padding=&#8220;||239px|||&#8220; hover_enabled=&#8220;0&#8243; global_colors_info=&#8220;{}&#8220; sticky_enabled=&#8220;0&#8243;][\/et_pb_video][et_pb_video _builder_version=&#8220;4.16&#8243; _module_preset=&#8220;default&#8220; global_colors_info=&#8220;{}&#8220; src__hover_enabled=&#8220;on|desktop&#8220;][\/et_pb_video][\/et_pb_column][et_pb_column type=&#8220;1_2&#8243; _builder_version=&#8220;4.16&#8243; _module_preset=&#8220;default&#8220; global_colors_info=&#8220;{}&#8220;][et_pb_text _builder_version=&#8220;4.16&#8243; _module_preset=&#8220;default&#8220; global_colors_info=&#8220;{}&#8220;]<\/p>\n<h2><span style=\"color: #000080;\">Alfred Korzybski &#8211; Die Welt ist keine Illusion<\/span><\/h2>\n<p>Alfred Korzybski demonstriert, wie unser Nervensystem \u201eRealit\u00e4t\u201c durch einen Prozess kreiert, den er \u201eAbstrahieren\u201c nennt.<\/p>\n<p>Ich habe einen kleinen Ventilator gemacht.<br \/>Er hat Propellerfl\u00fcgel.<br \/>Jetzt rotiere ich die Propellerfl\u00fcgel.<br \/>Und du siehst eine Scheibe, obwohl dort keine Scheibe ist.<br \/>Nenn es nicht eine \u201eIllusion\u201c. Es ist eine Abstraktion.<br \/>Einige Philosophen sagten wegen solchen Dingen, die Welt sei eine Illusion.<br \/>Ganz und gar nicht.<br \/>Wie Welt ist keine Illusion.<br \/>Es ist, was auch immer es ist, au\u00dfer dem, was wir davon abstrahieren.<br \/>Wir sind eine Art Spiegel und wir spiegeln nur das in uns und unserem Nervensystem, was wirklich drau\u00dfen, au\u00dferhalb unseres Nervensystems passiert.<br \/>Die richtige Ausdrucksweise ist, dass wir es mit einer Form der Abstraktion zu tun haben, und um diese Abstraktionen darzustellen, habe ich das hier selbst gebastelt.<br \/>Du siehst eine Scheibe, wo eigentlich keine Scheibe ist.<br \/>Das meine ich, wenn ich sage, dass Objekte\u2026 normale Objekte \u201emenschen-gemacht\u201c sind.<\/p>\n<p>Du siehst einen Apfel\u2026 du hast dir einen sch\u00f6nen Apfel gemacht.<br \/>Was wirklich existiert, ist nur ein Prozess, der im Gange ist.<br \/>Elektrokolloidale- und elektromagnetische Prozesse, die sich immer weiter wiederholen. Das h\u00e4lt eine Weile so, und wir abstrahieren einen Apfel daraus, den wir sehen k\u00f6nnen.<br \/>Vergiss nicht, dass sich das auf alle Abstraktionen anwenden l\u00e4sst. Auf alle Abstraktionen.<br \/>Die Abstraktionen bedeuten nicht, dass es nichts bedeutet. Es ist vielmehr das menschliche Spiegeln des Prozesses, der im Gange ist, ob wir wollen oder nicht.<br \/>Das ist wirklich ein sehr, sehr wichtiger Punkt, dass man sich klar dar\u00fcber ist, dass die Welt keine Illusion ist.<br \/>Dass die Welt einfach nur eine Abstraktion ist. <em>(Anmerkung CORE: die Welt ist real und wirklich, sie widerf\u00e4hrt dem Beobachter und Handelnden allerdings in Form von Abstraktionen \u2013 der Mensch abstrahiert (\u201czieht heraus\u201d lat. abstrahere) aus der Vielzahl und Komplexit\u00e4t von Ereignissen (Prozessen) bestimmte Aspekte, die \u201cals wahr\u201d <strong>genommen<\/strong> und z.T. verbal mit Bedeutungen belegt werden (Sprache). Die so gewonnenen\u00a0<a href=\"http:\/\/web.archive.org\/web\/20180812134442\/https:\/\/www.nlp-core.ch\/nlp_deutschland\/nlp-landkarten-.html\" target=\"_blank\" rel=\"noopener\">\u201cLandkarten\u201d eines Ereignisses bzw. Prozesses<\/a> sind nicht (!) identisch mit der \u201cLandschaft\u201d \u2013 vgl. dazu den aktuellen Stand selektiver Prozesse der Wahrnehmung und Bedeutungszuweisung in der Kognitions- und Neuro-Psychologie. Mit dem Begriff des \u201cAbstrahierens\u201d nahm Korzybski bereits vor fast hundert Jahren das heute aktuelle Thema der selektiven Wahrnehmung und Bedeutungszuweisung \u00fcber Sprache vorweg).<\/em><\/p>\n<p>Au\u00dferhalb dieses Prozesses, vergiss bitte nicht, dass wir eigentlich am Menschsein selbst interessiert sind.<br \/>Es ist sehr wichtig f\u00fcr unsere Arbeit hier, dass wir wissen, <strong>wie<\/strong> wir etwas wissen, mehr noch als zu wissen, <strong>was<\/strong> wir wissen. <em>(Anmerkung CORE: wie wir unsere Landkarten realer Prozesse bzw. \u201cLandschaften\u201d bauen und konstruieren).<\/em><br \/>Denn was auch immer wir \u00fcber die \u201csilent levels\u201d (Anmerkung CORE: die Ebene der in der Wirklichkeit real und meistens sprachlos ablaufenden Prozesse) \u201ewissen\u201c und was auch immer wir sagen, dass etwas ist\u2026 naja, das ist es eben nicht! <em>(Anmerkung CORE: <a href=\"http:\/\/web.archive.org\/web\/20180812134442\/https:\/\/www.nlp-core.ch\/nlp_deutschland\/nlp-abstrahieren-strukturelles-differential-.html\">Eine Landkarte ist nicht die Landschaft<\/a>).<\/em><br \/>Das, was wirklich vorgeht, \u00fcbersteigt unsere Sprache.<\/p>\n<p>[\/et_pb_text][\/et_pb_column][\/et_pb_row][\/et_pb_section][et_pb_section fb_built=&#8220;1&#8243; _builder_version=&#8220;4.16&#8243; _module_preset=&#8220;default&#8220; global_colors_info=&#8220;{}&#8220;][et_pb_row column_structure=&#8220;1_2,1_2&#8243; _builder_version=&#8220;4.16&#8243; _module_preset=&#8220;default&#8220; custom_padding=&#8220;|0px||||&#8220; global_colors_info=&#8220;{}&#8220;][et_pb_column type=&#8220;1_2&#8243; _builder_version=&#8220;4.16&#8243; _module_preset=&#8220;default&#8220; global_colors_info=&#8220;{}&#8220;][et_pb_video src_webm=&#8220;https:\/\/nlp-core.ch\/wp-content\/uploads\/2021\/05\/Alfred-Korzybski-Historical-Note-on-the-Structural-Differential.mp4&#8243; _builder_version=&#8220;4.16&#8243; _module_preset=&#8220;default&#8220; global_colors_info=&#8220;{}&#8220;][\/et_pb_video][\/et_pb_column][et_pb_column type=&#8220;1_2&#8243; _builder_version=&#8220;4.16&#8243; _module_preset=&#8220;default&#8220; global_colors_info=&#8220;{}&#8220;][et_pb_text _builder_version=&#8220;4.16&#8243; _module_preset=&#8220;default&#8220; global_colors_info=&#8220;{}&#8220;]<\/p>\n<table style=\"height: 994px;\" width=\"951\">\n<tbody>\n<tr>\n<td><\/td>\n<td>\n<h2><span style=\"color: #000080;\">Alfred Korzybski- Historische Notiz \u00fcber das strukturelle Differenzial (den strukturellen Unterschied)<\/span><\/h2>\n<p>Auf der einen Seite des Diagramms haben wir eine nur teilweise vorhandene Parabel, die anzeigt, dass die Parabel ins Unendliche expandiert. Wir haben das durch die Bruchstellen oben angedeutet. Dort sehen wir eine gro\u00dfe Zahl an L\u00f6chern, welche die Charakteristika und das submikroskopische Level anzeigen, welche ebenfalls mit der Kontur der Parabel ins Unendliche reichen.<br \/>Die Stricke, die vom oberen Teil der Parabel zum Kreis darunter gehen, stellen eine Verbindung dar. Der Kreis symbolisiert ein Objekt irgendeiner beliebigen Art. Es k\u00f6nnte ein Stift sein, ein Apfel, ein Stuhl, ein Tisch oder sonst irgendetwas in der Art. Das hei\u00dft, eine Abstraktion, die unser Nervensystem aus der unendlichen Anzahl vorhandener Charakteristika hervorgebracht hat. Aus der Prozessparabel entsteht ein Apfel, den unser Gehirn kreiert hat.<br \/>Das n\u00e4chste Level ist dann das der Bezeichnungen (Label)- jeder kennt das. Das Level der Bezeichnung ist nicht nur die Repr\u00e4sentation der Bezeichnung- des Namens- eines Objektes, sondern meist auch zus\u00e4tzlich das Level der Beschreibungen. Denn wenn wir eine Beschreibung von etwas haben, k\u00f6nnen wir \u00fcber das Sprechen sprechen, das hei\u00dft, wir k\u00f6nnen etwas \u00fcber die Beschreibung erz\u00e4hlen mit dem Resultat, dass wir eine Aussage \u00fcber eine Aussage machen. Das ist dann eine Aussage auf einem neuen Level, eher das einer noch h\u00f6heren Ordnung dieser Abstraktion- und so k\u00f6nnen wir bis in die Unendlichkeit fortfahren.<br \/>Dies bedeutet, dass wir auf der menschlichen Ebene f\u00e4hig sind, uns ohne Limitierung \u00fcber das Sprechen zu unterhalten.<\/p>\n<p><em>(Anmerkung CORE: <span class=\"fs18 ff2 cf0\">Eine Landkarte ist selbst-<wbr \/>reflexiv, selbstbezogen <a href=\"https:\/\/web.archive.org\/web\/20180812134442\/https:\/\/www.nlp-core.ch\/nlp_deutschland\/nlp-abstrahieren-strukturelles-differential-.html\" rel=\"nofollow\">In Sprache k\u00f6nnen wir \u00fcber Sprache reden)<\/a><\/span><\/em>.<\/p>\n<p>(der letzte Satz ist relativ frei \u00fcbersetzt \u2026)<\/p>\n<p>\u00dcbersetzung von Solveig Lilian Wagner<\/p>\n<p><span style=\"color: #339966;\">Film used with permission of Institute of General Semantics<\/span><\/p>\n<\/td>\n<\/tr>\n<\/tbody>\n<\/table>\n<p>[\/et_pb_text][\/et_pb_column][\/et_pb_row][et_pb_row column_structure=&#8220;1_2,1_2&#8243; _builder_version=&#8220;4.16&#8243; _module_preset=&#8220;default&#8220; global_colors_info=&#8220;{}&#8220;][et_pb_column type=&#8220;1_2&#8243; _builder_version=&#8220;4.16&#8243; _module_preset=&#8220;default&#8220; global_colors_info=&#8220;{}&#8220;][et_pb_video src=&#8220;https:\/\/nlp-core.ch\/wp-content\/uploads\/2021\/05\/Alfred-Korzybski-A-Silent-Film-by-Kenneth-S.-Keyes-Jr.-Low.mp4&#8243; src_webm=&#8220;https:\/\/nlp-core.ch\/wp-content\/uploads\/2021\/05\/Alfred-Korzybski-A-Silent-Film-by-Kenneth-S.-Keyes-Jr.-Low.mp4&#8243; _builder_version=&#8220;4.16&#8243; _module_preset=&#8220;default&#8220; global_colors_info=&#8220;{}&#8220;][\/et_pb_video][\/et_pb_column][et_pb_column type=&#8220;1_2&#8243; _builder_version=&#8220;4.16&#8243; _module_preset=&#8220;default&#8220; global_colors_info=&#8220;{}&#8220;][et_pb_text _builder_version=&#8220;4.16&#8243; _module_preset=&#8220;default&#8220; global_colors_info=&#8220;{}&#8220;]<\/p>\n<h2 id=\"watch-headline-title\" class=\"yt\"><span id=\"eow-title\" class=\"watch-title long-title \" dir=\"ltr\" title=\"&quot;Alfred Korzybski&quot; - A Silent Film by Kenneth S. Keyes, Jr.\"><span style=\"color: #000080;\">\u201cAlfred Korzybski\u201d \u2013 A Silent Film by Kenneth S. Keyes<\/span><br \/><\/span><\/h2>\n<p>Kenneth S. Keyes, Jr. a student of Alfred Korzybski and one might call a documentarian of the man filmed Alfred Korzybski in 1944 at the Institute of General Semantics in Chicago, Illinois.<\/p>\n<p>&nbsp;<\/p>\n<p><span style=\"color: #000080;\">Film used with permission of Institute of General Semantics <\/span><span id=\"eow-title\" class=\"watch-title long-title \" dir=\"ltr\" title=\"&quot;Alfred Korzybski&quot; - A Silent Film by Kenneth S. Keyes, Jr.\">A Silent Film by Kenneth S. Keyes, Jr. <\/span><\/p>\n<p>[\/et_pb_text][\/et_pb_column][\/et_pb_row][et_pb_row column_structure=&#8220;1_2,1_2&#8243; _builder_version=&#8220;4.25.0&#8243; _module_preset=&#8220;default&#8220; global_colors_info=&#8220;{}&#8220;][et_pb_column type=&#8220;1_2&#8243; _builder_version=&#8220;4.25.0&#8243; _module_preset=&#8220;default&#8220; global_colors_info=&#8220;{}&#8220;][et_pb_video src=&#8220;https:\/\/nlp-core.ch\/wp-content\/uploads\/2021\/05\/7-Best-Optical-Illusions-of-All-Time.mp4&#8243; _builder_version=&#8220;4.25.0&#8243; _module_preset=&#8220;default&#8220; global_colors_info=&#8220;{}&#8220;][\/et_pb_video][\/et_pb_column][et_pb_column type=&#8220;1_2&#8243; _builder_version=&#8220;4.25.0&#8243; _module_preset=&#8220;default&#8220; global_colors_info=&#8220;{}&#8220;][et_pb_text _builder_version=&#8220;4.25.0&#8243; _module_preset=&#8220;default&#8220; hover_enabled=&#8220;0&#8243; sticky_enabled=&#8220;0&#8243;]<\/p>\n<h3><span style=\"color: rgba(6, 7, 104, 0.75);\">Optische T\u00e4uschungen<\/span><\/h3>\n<p>[\/et_pb_text][\/et_pb_column][\/et_pb_row][\/et_pb_section]<\/p>\n","protected":false},"excerpt":{"rendered":"<p>Filme von Alfred KorzybskiAlfred Korzybski &#8211; Die Welt ist keine Illusion Alfred Korzybski demonstriert, wie unser Nervensystem \u201eRealit\u00e4t\u201c durch einen Prozess kreiert, den er \u201eAbstrahieren\u201c nennt. Ich habe einen kleinen Ventilator gemacht.Er hat Propellerfl\u00fcgel.Jetzt rotiere ich die Propellerfl\u00fcgel.Und du siehst eine Scheibe, obwohl dort keine Scheibe ist.Nenn es nicht eine \u201eIllusion\u201c. Es ist eine Abstraktion.Einige [&hellip;]<\/p>\n","protected":false},"author":1,"featured_media":0,"parent":0,"menu_order":0,"comment_status":"closed","ping_status":"closed","template":"","meta":{"_et_pb_use_builder":"on","_et_pb_old_content":"","_et_gb_content_width":"","footnotes":""},"class_list":["post-4828","page","type-page","status-publish","hentry"],"_links":{"self":[{"href":"https:\/\/nlp-core.ch\/index.php\/wp-json\/wp\/v2\/pages\/4828","targetHints":{"allow":["GET"]}}],"collection":[{"href":"https:\/\/nlp-core.ch\/index.php\/wp-json\/wp\/v2\/pages"}],"about":[{"href":"https:\/\/nlp-core.ch\/index.php\/wp-json\/wp\/v2\/types\/page"}],"author":[{"embeddable":true,"href":"https:\/\/nlp-core.ch\/index.php\/wp-json\/wp\/v2\/users\/1"}],"replies":[{"embeddable":true,"href":"https:\/\/nlp-core.ch\/index.php\/wp-json\/wp\/v2\/comments?post=4828"}],"version-history":[{"count":22,"href":"https:\/\/nlp-core.ch\/index.php\/wp-json\/wp\/v2\/pages\/4828\/revisions"}],"predecessor-version":[{"id":243073,"href":"https:\/\/nlp-core.ch\/index.php\/wp-json\/wp\/v2\/pages\/4828\/revisions\/243073"}],"wp:attachment":[{"href":"https:\/\/nlp-core.ch\/index.php\/wp-json\/wp\/v2\/media?parent=4828"}],"curies":[{"name":"wp","href":"https:\/\/api.w.org\/{rel}","templated":true}]}}