{"id":4820,"date":"2021-05-07T14:14:41","date_gmt":"2021-05-07T14:14:41","guid":{"rendered":"https:\/\/nlp-core.ch\/?page_id=4820"},"modified":"2025-12-20T11:02:03","modified_gmt":"2025-12-20T11:02:03","slug":"mem-was-ist-das","status":"publish","type":"page","link":"https:\/\/nlp-core.ch\/index.php\/mem-was-ist-das\/","title":{"rendered":"MEM &#8211; Mind Energy Method"},"content":{"rendered":"<p>[et_pb_section fb_built=&#8220;1&#8243; _builder_version=&#8220;4.16&#8243; _module_preset=&#8220;default&#8220; global_colors_info=&#8220;{}&#8220; custom_padding=&#8220;0px|||||&#8220;][et_pb_row _builder_version=&#8220;4.25.0&#8243; _module_preset=&#8220;default&#8220; hover_enabled=&#8220;0&#8243; global_colors_info=&#8220;{}&#8220; min_height=&#8220;437.2px&#8220; custom_padding=&#8220;30px|||||&#8220; custom_margin=&#8220;-7px|auto||auto||&#8220; sticky_enabled=&#8220;0&#8243;][et_pb_column type=&#8220;4_4&#8243; _builder_version=&#8220;4.16&#8243; _module_preset=&#8220;default&#8220; global_colors_info=&#8220;{}&#8220;][et_pb_image src=&#8220;https:\/\/nlp-core.ch\/wp-content\/uploads\/2021\/05\/iStock_000026060920Small-gekauft-Kopie-2.jpg&#8220; title_text=&#8220;Sea at night with stars.&#8220; _builder_version=&#8220;4.16&#8243; _module_preset=&#8220;default&#8220; global_colors_info=&#8220;{}&#8220; min_height=&#8220;308.4px&#8220; custom_margin=&#8220;||-36px|||&#8220;][\/et_pb_image][\/et_pb_column][\/et_pb_row][et_pb_row _builder_version=&#8220;4.25.0&#8243; _module_preset=&#8220;default&#8220; custom_margin=&#8220;-51px|auto||auto||&#8220; custom_padding=&#8220;75px|||||&#8220;][et_pb_column _builder_version=&#8220;4.25.0&#8243; _module_preset=&#8220;default&#8220; type=&#8220;4_4&#8243;][et_pb_text _builder_version=&#8220;4.25.0&#8243; _module_preset=&#8220;default&#8220; hover_enabled=&#8220;0&#8243; sticky_enabled=&#8220;0&#8243; custom_margin=&#8220;-80px|||||&#8220; min_height=&#8220;156px&#8220; custom_padding=&#8220;0px|||||&#8220;]<\/p>\n<p style=\"text-align: center;\"><span style=\"color: #333399;\"><em>Die Methode f\u00fcr schnelle und dauerhafte Ver\u00e4nderung<\/em><\/span><\/p>\n<p style=\"text-align: center;\"><span style=\"color: #333399;\">&#8222;To assist people to be in control of their lives and live their own dreams.&#8220;<\/span><\/p>\n<p style=\"text-align: center;\"><span style=\"color: #333399;\">Menschen unterst\u00fctzen, Kontrolle \u00fcber ihr Leben zu gewinnen und ihre eigenen Tr\u00e4ume zu leben.<\/span><\/p>\n<p style=\"text-align: center;\"><span style=\"color: #333399;\"><\/span><\/p>\n<p style=\"text-align: center;\"><span style=\"color: #333399;\"><\/span><\/p>\n<p>[\/et_pb_text][\/et_pb_column][\/et_pb_row][et_pb_row _builder_version=&#8220;4.16&#8243; _module_preset=&#8220;default&#8220; global_colors_info=&#8220;{}&#8220; custom_margin=&#8220;-274px|auto||auto||&#8220;][et_pb_column type=&#8220;4_4&#8243; _builder_version=&#8220;4.16&#8243; _module_preset=&#8220;default&#8220; global_colors_info=&#8220;{}&#8220;][et_pb_text _builder_version=&#8220;4.16&#8243; _module_preset=&#8220;default&#8220; global_colors_info=&#8220;{}&#8220; min_height=&#8220;2120px&#8220; custom_padding=&#8220;||0px|||&#8220; custom_margin=&#8220;||-31px|||&#8220;]<\/p>\n<h2><span style=\"color: #000080;\">Was ist MEM?<\/span><\/h2>\n<p>MEM ist ein angeleiteter Visualisierungsprozess zur Aufl\u00f6sung einschr\u00e4nkender \u00dcberzeugungen und negativer Gef\u00fchle. Die Methode basiert auf einer fundamentalen Einsicht:<\/p>\n<p>Du bist nicht die Landkarte, das Selbstbild, das du von dir entworfen hast. Du bist nicht identisch mit dem, was du denkst, f\u00fchlst oder tust. Und weil du es nicht bist, kannst du es \u00e4ndern.<\/p>\n<p>Entwickelt wurde MEM \u00fcber 50 Jahre vom Australier John Mace, inspiriert durch Alfred Korzybskis philosophische Arbeit zur Allgemeinen Semantik.<\/p>\n<h3><span style=\"color: #000080;\">Kernkonzepte<\/span><o:p><\/o:p><\/h3>\n<h4><span style=\"color: #000080;\">Being: Reine Energie<\/span><o:p><\/o:p><\/h4>\n<p>Im Kern bist du ein <em>Being<\/em> \u2013 reine, positive Energie. Dies ist keine religi\u00f6se Aussage, sondern eine durch Quantenphysik belegte Erkenntnis: Auf fundamentaler Ebene besteht alles aus Energie und Information. Als Being bist du zu Gl\u00fcck, Optimismus und Lebensfreude begabt.<\/p>\n<h4><span style=\"color: #000080;\">Identit\u00e4ten: Die Rollen im Spiel des Lebens<\/span><\/h4>\n<p>Um am Leben teilzunehmen, entwickeln wir <strong>Identit\u00e4ten<\/strong> \u2013 koh\u00e4rente Sets von Gedanken, Gef\u00fchlen und Verhaltensweisen:<\/p>\n<ul>\n<li>Funktionale Identit\u00e4ten: Arzt, Mutter, Ingenieur, Freund<\/li>\n<li>Kulturelle Identit\u00e4ten: Christ, Buddhist, Europ\u00e4er<\/li>\n<li>Unbewusste Identit\u00e4ten: &#8222;Ich bin dumm&#8220;, &#8222;Ich bin nicht liebenswert&#8220;<\/li>\n<\/ul>\n<p>Der entscheidende Unterschied: Mit einer <em>Rolle<\/em> k\u00f6nnen wir spielen \u2013 mit einer <em>Identit\u00e4t<\/em> sind wir identifiziert. Wir glauben, dass wir das &#8222;sind&#8220;.<\/p>\n<h4><span style=\"color: #000080;\">Negative Identit\u00e4ten: Entstehung und Wirkung<\/span><\/h4>\n<p><span style=\"color: #000080;\"><strong>Wie entstehen sie?<\/strong><\/span><\/p>\n<p>W\u00e4hrend einer Stresserfahrung (<em>&#8222;Upset&#8220;<\/em>) zieht das Gehirn blitzschnell Schlussfolgerungen \u00fcber sich selbst \u2013 vermeintlich zum Schutz:<\/p>\n<p>Ein Kind wird in der ersten Klasse blo\u00dfgestellt und schlussfolgert: &#8222;Ich bin dumm.&#8220; Diese Schlussfolgerung erscheint dem Kind als \u00fcberlebenswichtig, wird vergessen \u2013 und wirkt fortan unbewusst wie ein hypnotisches Kommando.<\/p>\n<p><span style=\"color: #000080;\"><strong>Das Paradox des Widerstands:<\/strong><\/span><\/p>\n<p>Negative Identit\u00e4ten bleiben aktiv, weil wir sie unbewusst bek\u00e4mpfen. Dem, was wir bek\u00e4mpfen, geben wir Energie. Hier liegt eine rekursive Falle: Der Widerstand gegen eine negative Identit\u00e4t <em>ist selbst<\/em> eine Identifikation mit ihr.<\/p>\n<p><span style=\"color: #000080;\">&#8222;What you resist, persist.&#8220;<\/span><\/p>\n<p>Erst wenn wir aufh\u00f6ren zu k\u00e4mpfen und absichtslos betrachten, entzieht sich die Energie. Die Identit\u00e4t verliert ihre Macht.<\/p>\n<h4><span style=\"color: #000080;\">Analogie: Das Schnellboot und der Anker<\/span><\/h4>\n<p>Stellen Sie sich vor, Sie sind ein Schnellboot (das Being), das \u00fcber den Ozean rasen k\u00f6nnte. Aber Sie schleppen Anker mit sich (negative Identit\u00e4ten). Je mehr Sie Gas geben (k\u00e4mpfen), desto tiefer graben sich die Anker ein. Erst wenn Sie den Motor abstellen (absichtsloses Betrachten), k\u00f6nnen die Anker gel\u00f6st werden.<\/p>\n<h4><span style=\"color: #000080;\">Wie funktioniert MEM?<\/span><\/h4>\n<p>Der MEM-Prozess ist prozessorientiert und kommt ohne extensive Selbstoffenbarung aus:<\/p>\n<ul>\n<li><strong><span style=\"color: #000080;\">Bewusstmachen<\/span>:<\/strong> Negative Identit\u00e4ten werden durch gezielte Fragen sichtbar<\/li>\n<li><strong><span style=\"color: #000080;\">Absichtsloses Betrachten<\/span>:<\/strong> Ein angeleiteter Visualisierungsprozess erm\u00f6glicht wertungsfreie Beobachtung<\/li>\n<li><strong><span style=\"color: #000080;\">Energieentzug<\/span>:<\/strong> Durch das Nicht-Bek\u00e4mpfen verliert die negative Identit\u00e4t ihre Energie<\/li>\n<li><strong><span style=\"color: #000080;\">Aufl\u00f6sung<\/span>:<\/strong> Die Identit\u00e4t wird unwirksam \u2013 dauerhaft<\/li>\n<\/ul>\n<p>MEM geh\u00f6rt zur energetischen Psychotherapie. Der MEM-Practitioner leitet den Prozess an, aber <em>Sie<\/em> machen die Arbeit.<\/p>\n<h4><span style=\"color: #000080;\">Was bewirkt MEM?<\/span><\/h4>\n<p>Die Aufl\u00f6sung negativer Identit\u00e4ten geschieht oft \u00fcberraschend schnell. Typische Resultate:<\/p>\n<ul>\n<li>Starkes Gef\u00fchl von Gel\u00f6stheit und Freiheit<\/li>\n<li>Erh\u00f6hter Selbstwert und Lebensfreude<\/li>\n<li>Pl\u00f6tzliche F\u00e4higkeit, lang ersehnte Dinge zu tun<\/li>\n<li>Neue Ideen und Perspektiven<\/li>\n<li>Positive Resonanz im sozialen Umfeld<\/li>\n<\/ul>\n<h4><span style=\"color: #000080;\">Theoretische Grundlagen<\/span><\/h4>\n<p>[\/et_pb_text][\/et_pb_column][\/et_pb_row][et_pb_row _builder_version=&#8220;4.16&#8243; _module_preset=&#8220;default&#8220; global_colors_info=&#8220;{}&#8220;][et_pb_column type=&#8220;4_4&#8243; _builder_version=&#8220;4.16&#8243; _module_preset=&#8220;default&#8220; global_colors_info=&#8220;{}&#8220;][et_pb_image src=&#8220;https:\/\/nlp-core.ch\/wp-content\/uploads\/2021\/05\/meer-4-900-1.png&#8220; title_text=&#8220;meer 4 900&#8243; _builder_version=&#8220;4.16&#8243; _module_preset=&#8220;default&#8220; global_colors_info=&#8220;{}&#8220;][\/et_pb_image][\/et_pb_column][\/et_pb_row][et_pb_row _builder_version=&#8220;4.25.0&#8243; _module_preset=&#8220;default&#8220; hover_enabled=&#8220;0&#8243; global_colors_info=&#8220;{}&#8220; min_height=&#8220;73.1px&#8220; sticky_enabled=&#8220;0&#8243; custom_padding=&#8220;||0px|||&#8220;][et_pb_column type=&#8220;4_4&#8243; _builder_version=&#8220;4.16&#8243; _module_preset=&#8220;default&#8220; global_colors_info=&#8220;{}&#8220;][et_pb_text _builder_version=&#8220;4.16&#8243; _module_preset=&#8220;default&#8220; header_text_align=&#8220;left&#8220; header_text_color=&#8220;#E02B20&#8243; custom_padding=&#8220;3px||2px|||&#8220; global_colors_info=&#8220;{}&#8220; min_height=&#8220;60.1px&#8220;]<\/p>\n<h2><span style=\"color: #000080;\"><span style=\"font-size: x-large;\"><strong>Alfred Korzybski und die Allgemeine Semantik<\/strong><\/span><\/span><\/h2>\n<p>[\/et_pb_text][\/et_pb_column][\/et_pb_row][et_pb_row _builder_version=&#8220;4.16&#8243; _module_preset=&#8220;default&#8220; global_colors_info=&#8220;{}&#8220; min_height=&#8220;273px&#8220; custom_padding=&#8220;0px|||||&#8220;][et_pb_column type=&#8220;4_4&#8243; _builder_version=&#8220;4.16&#8243; _module_preset=&#8220;default&#8220; global_colors_info=&#8220;{}&#8220;][et_pb_text _builder_version=&#8220;4.25.0&#8243; _module_preset=&#8220;default&#8220; custom_padding=&#8220;14px||0px|||&#8220; hover_enabled=&#8220;0&#8243; global_colors_info=&#8220;{}&#8220; min_height=&#8220;1678px&#8220; custom_margin=&#8220;||-1380px|||&#8220; sticky_enabled=&#8220;0&#8243;]<\/p>\n<p>Alfred Korzybski (1879-1950) war polnisch-amerikanischer Ingenieur, Linguist und Philosoph. Als Offizier im Ersten Weltkrieg erlebte er die erschreckende Diskrepanz zwischen technischer Entwicklung und menschlicher Psyche. Dies pr\u00e4gte seine Lebensaufgabe:<\/p>\n<p style=\"text-align: center;\"><em>&#8222;Wenn Verhaltens\u00e4nderung und Therapie nicht eines Tages so einfach wird wie das Bet\u00e4tigen eines Lichtschalters, geht der Erdball verloren.&#8220;<\/em><\/p>\n<p>1933 ver\u00f6ffentlichte er &#8222;Science and Sanity&#8220;, in dem er die <span style=\"color: #000080;\"><strong>Allgemeine Semantik<\/strong><\/span> entwickelte \u2013 eine Methode, um die Verwechslung von sprachlicher Abstraktion und Realit\u00e4t zu vermeiden.<\/p>\n<p>[\/et_pb_text][\/et_pb_column][\/et_pb_row][et_pb_row _builder_version=&#8220;4.25.0&#8243; _module_preset=&#8220;default&#8220;][et_pb_column _builder_version=&#8220;4.25.0&#8243; _module_preset=&#8220;default&#8220; type=&#8220;4_4&#8243;][et_pb_image src=&#8220;https:\/\/nlp-core.ch\/wp-content\/uploads\/2021\/05\/korzybski-3-2.png&#8220; _builder_version=&#8220;4.25.0&#8243; _module_preset=&#8220;default&#8220; hover_enabled=&#8220;0&#8243; sticky_enabled=&#8220;0&#8243; title_text=&#8220;korzybski 3&#8243;][\/et_pb_image][\/et_pb_column][\/et_pb_row][et_pb_row _builder_version=&#8220;4.16&#8243; _module_preset=&#8220;default&#8220; global_colors_info=&#8220;{}&#8220; custom_margin=&#8220;-1411px|auto|-60px|auto||&#8220;][et_pb_column type=&#8220;4_4&#8243; _builder_version=&#8220;4.16&#8243; _module_preset=&#8220;default&#8220; global_colors_info=&#8220;{}&#8220;][\/et_pb_column][\/et_pb_row][et_pb_row _builder_version=&#8220;4.25.0&#8243; _module_preset=&#8220;default&#8220;][et_pb_column _builder_version=&#8220;4.25.0&#8243; _module_preset=&#8220;default&#8220; type=&#8220;4_4&#8243;][et_pb_text _builder_version=&#8220;4.25.0&#8243; _module_preset=&#8220;default&#8220; hover_enabled=&#8220;0&#8243; sticky_enabled=&#8220;0&#8243; custom_padding=&#8220;0px|||||&#8220; min_height=&#8220;55px&#8220;]<\/p>\n<p style=\"text-align: center;\"><span style=\"color: #339966;\">Photo used with permission of Institute of General Semantics<\/span><\/p>\n<p>&nbsp;<\/p>\n<p>[\/et_pb_text][et_pb_text _builder_version=&#8220;4.25.0&#8243; _module_preset=&#8220;default&#8220; hover_enabled=&#8220;0&#8243; sticky_enabled=&#8220;0&#8243; custom_padding=&#8220;0px|||||&#8220; min_height=&#8220;8805.6px&#8220;]<\/p>\n<p><span style=\"color: #000080;\"><strong>Die Landkarte ist nicht das Gebiet<\/strong><\/span><\/p>\n<p>Korzybskis zentrale Erkenntnis: Der Mensch lebt in zwei Welten \u2013 der Welt der Sprache (Abstraktion) und der Welt der Erfahrung (Realit\u00e4t). Die Sprache ist eine Landkarte der Wirklichkeit, kann aber niemals identisch mit ihr sein. Probleme entstehen, wenn wir die Landkarte f\u00fcr das Gebiet halten und aufh\u00f6ren zu \u00fcberpr\u00fcfen, ob unsere mentalen Modelle noch stimmen.<\/p>\n<p>Korzybskis Arbeit beeinflusste zahlreiche moderne Therapieformen: Transaktionsanalyse <span style=\"color: #ff0000;\">(Eric Berne)<\/span>, systemische Therapie <span style=\"color: #ff0000;\">(Gregory Bateson, Paul Watzlawick)<\/span>, Rational-Emotive Therapie <span style=\"color: #ff0000;\">(Albert Ellis)<\/span> und <span style=\"color: #ff0000;\">NLP (Bandler, Grinder, Dilts)<\/span>.<\/p>\n<p>John Mace hatte beim Lesen von &#8222;Science and Sanity&#8220; ein spirituelles Offenbarungserlebnis und widmete sein Leben der Entwicklung einer Methode, die Korzybskis Vision umsetzt: <em>Verhaltens\u00e4nderung so einfach wie einen Lichtschalter zu bet\u00e4tigen.<\/em><\/p>\n<p><span style=\"color: #333399;\"><strong>Ihr n\u00e4chster Schritt<\/strong><\/span><\/p>\n<p>John Mace hat seinen &#8222;Topf Gold am Ende des Regenbogens&#8220; gefunden \u2013 eine Methode, die sowohl hochwirksam als auch einfach anzuwenden ist.<\/p>\n<p>Sie entscheiden, ob Sie Ihr Leben unter Kontrolle haben m\u00f6chten.<\/p>\n<p><span style=\"color: #333399;\"><strong>Profitieren Sie davon. Noch heute.<\/strong><\/span><\/p>\n<p>Es ist Korzybskis Hauptverdienst, eine philosophische Richtung geschaffen zu haben, die er <em>Allgemeine Semantik<\/em> nennt, nicht zu verwechseln mit der Semantik, mit der sie nach Korzybskis eigener Aussage nur wenig zu tun hat. Ihre Hauptprinzipien sind in <em>Science and Sanity<\/em> (erschienen 1933) dargestellt.<\/p>\n<p>Alfred Korzybski war im Ersten Weltkrieg Offizier. Damals schon beeindruckt von der Diskrepanz zwischen technischen M\u00f6glichkeiten und psychologischer Entwicklung, war es sein Ziel, Psychotherapie so zu vereinfachen, dass die menschliche mit der technischen Entwicklung Schritt halten kann. Er emigrierte rechtzeitig vor dem Zweiten Weltkrieg in die USA, wo er 1938 das \u201eInstitute for General Semantics\u201c gr\u00fcndete. Bis zu seinem Tod 1950 lehrte er seine therapeutischen und philosophischen Prinzipien.<\/p>\n<p>Das vielleicht bekannteste Zitat aus seinem Hauptwerk <em>Science and Sanity<\/em> lautet: <span style=\"color: #333399;\">\u201eDie Landkarte ist nicht die Landschaft, aber wenn die Landkarte brauchbar ist, ist sie der Struktur der Landschaft \u00e4hnlich\u201c.<\/span> Es zielt darauf ab, dass der Mensch in zwei Welten lebt: in der Welt der Sprache und der Symbole und in der realen Welt der Erfahrung. Korzybski legte dar, dass die Welt der Sprache eine Abstraktion der Welt der Erfahrung ist und daher die Abstraktion (die Landkarte) niemals mit der Erfahrung (der Landschaft) identisch sein kann. Und er wies auf folgendes hin: Wenn die sprachliche Welt die Welt der Erfahrung nicht ad\u00e4quat abbildet, l\u00e4uft der Mensch, geleitet von einer falschen Landkarte, in die Irre. Die auf dem \u201eist\u201c der Pr\u00e4dikation eines begrifflich beziehungsweise sprachlich erkl\u00e4rbaren Ph\u00e4nomens oder dem \u201eist\u201c der Identit\u00e4t von etwas beruhenden Landkarten sind prinzipiell falsch, weil sie eine Identit\u00e4t zwischen einem Ph\u00e4nomen und seiner sprachlichen Benennung behaupten. Ein Ph\u00e4nomen ist niemals identisch mit der sprachlichen Kategorie, mit welcher es beschrieben wird. Sprache ist demnach gleichsam eine Landkarte der Wirklichkeit. In seinem Buch stellt Korzybski dar, dass das menschliche Gehirn f\u00e4hig ist, allein auf die Landkarte zu reagieren und das dargestellte Gel\u00e4nde (im Extremfall) vollst\u00e4ndig zu vergessen. Das bedeutet, dass das menschliche Gehirn dazu f\u00e4hig ist, etwas f\u00fcr wahr zu halten beziehungsweise zu glauben, was es nicht gibt, und dann damit aufh\u00f6rt, zu \u00fcberpr\u00fcfen, ob es das wirklich gibt. Das kann zu gravierenden Fehlentscheidungen f\u00fchren, vor denen Korzybski angeblich warnen wollte.<\/p>\n<p>Auf der Basis einer ausgiebigen Kritik am Aristotelischen System legte er eine Methode dar, wie sich der Einzelne so weiterentwickeln kann, dass er eben nicht die Landkarte mit dem Gebiet verwechselt und sich so durch Worte und die konditionierte \u201esemantische Reaktion\u201c auf Worte in pers\u00f6nliches Leid treiben l\u00e4sst. Kern dieser Methode ist die Erfahrung, dass nichts so \u201eist\u201c (gemeint ist: vollst\u00e4ndig so ist), wie das \u201eist\u201c der Pr\u00e4dikation oder das \u201eist\u201c der Identit\u00e4t es beschreiben. Diese Erfahrung sollte ein Instrument vermitteln, das Korzybski das \u201eStrukturelle Differential\u201c nannte. Die Arbeit mit dem \u201estrukturellen Differential\u201c wird von Sch\u00fclern der <em>General Semantics<\/em> bis heute in Coaching und Therapie angewendet.<\/p>\n<p>Korzybskis B\u00fccher haben keine grosse Verbreitung gefunden, aber er hat viele Wissenschaftler angeregt, sich mit den beschriebenen Ph\u00e4nomenen genauer zu befassen. Alfred Korzybski hat \u00fcberdies sehr viele derzeit praktizierte Therapieformen beeinflusst. Er unterrichtete beispielsweise Eric Berne, der die Transaktionsanalyse entwickelte, und Gregory Bateson, der wiederum Paul Watzlawick und mit ihm s\u00e4mtliche Formen der systemischen Therapie und der Familientherapie beeinflusste. Direkt auf die <em>General Semantics<\/em> zur\u00fcck gehen die RET (Rational-Emotive Therapie) nach Albert Ellis, aber auch einige sehr wichtige Grundideen des NLP (Neuro-Linguistisches Programmieren). Alle wichtigen NLP-Entwickler, also Richard Bandler, John Grinder und Robert Dilts, kannten die Werke Korzybskis und nutzten seine Erkenntnisse. Eine neuere Variante ist die Mace-Methode.<\/p>\n<p>Die Sekund\u00e4rliteratur zu Alfred Korzybski ist reichhaltig. Bekannt wurden unter anderem: <em>Die Tyrannei der Worte<\/em> von Stuart Chase, S.\u00a0I. Hayakawas <em>Semantik \u2013 Sprache im Denken und Handeln<\/em> sowie Anatol Rapoports Buch <em>Operational Philosophy<\/em>.<\/p>\n<p>Die allgemeine Semantik wurde auch in den <em>Null-A<\/em>-B\u00fcchern des Science Fiction-Autors A. E. van Vogt beschrieben und als Hauptthema umgesetzt.<\/p>\n<p><span style=\"color: #333399;\"><strong>Wirkung<\/strong><\/span><\/p>\n<p>Korzybskis Arbeit beeinflusste die P\u00e4dagogik, Gestalttherapie, Rational Emotive Therapie, das NLP (Neuro-Linguistisches Programmieren) und mehrere Autoren und Wissenschaftler. Isaac Asimov hat einige der zentralen Thesen Korzybskis in seine Schriften einfliessen lassen und Robert A. Heinlein sagte \u00fcber Korzybski: \u201eMan kann ihn pers\u00f6nlich nicht m\u00f6gen, aber er ist ein mindestens so bedeutender Mann wie Einstein, zumindest deshalb weil sein Feld breiter ist. Die gleiche Art von Arbeit wie Einsteins, die gleiche Art von Arbeit, mit den gleichen Methoden; aber in einem viel breiteren Feld, viel n\u00e4her zu menschlichen Beziehungen.\u201c Alfred Korzybski lehnte jegliche Religion explizit ab. Das brachte er besonders in <em>Science and Sanity<\/em> zum Ausdruck. Korzybski war an der emotionalen Befreiung von Menschen gelegen und lebte pers\u00f6nlich sehr einfach und bescheiden.<\/p>\n<p>&nbsp;<\/p>\n<p>[\/et_pb_text][\/et_pb_column][\/et_pb_row][et_pb_row column_structure=&#8220;1_3,1_3,1_3&#8243; make_equal=&#8220;on&#8220; _builder_version=&#8220;4.16&#8243; _module_preset=&#8220;default&#8220; global_colors_info=&#8220;{}&#8220;][et_pb_column type=&#8220;1_3&#8243; _builder_version=&#8220;4.16&#8243; _module_preset=&#8220;default&#8220; global_colors_info=&#8220;{}&#8220;][et_pb_image src=&#8220;https:\/\/nlp-core.ch\/wp-content\/uploads\/2021\/05\/Korzybski-2.png&#8220; title_text=&#8220;Korzybski 2&#8243; force_fullwidth=&#8220;on&#8220; _builder_version=&#8220;4.16&#8243; _module_preset=&#8220;default&#8220; global_colors_info=&#8220;{}&#8220;][\/et_pb_image][\/et_pb_column][et_pb_column type=&#8220;1_3&#8243; _builder_version=&#8220;4.16&#8243; _module_preset=&#8220;default&#8220; global_colors_info=&#8220;{}&#8220;][et_pb_image src=&#8220;https:\/\/nlp-core.ch\/wp-content\/uploads\/2021\/05\/Korzybski-1.png&#8220; title_text=&#8220;Korzybski&#8220; force_fullwidth=&#8220;on&#8220; _builder_version=&#8220;4.16&#8243; _module_preset=&#8220;default&#8220; global_colors_info=&#8220;{}&#8220;][\/et_pb_image][\/et_pb_column][et_pb_column type=&#8220;1_3&#8243; _builder_version=&#8220;4.16&#8243; _module_preset=&#8220;default&#8220; global_colors_info=&#8220;{}&#8220;][et_pb_image src=&#8220;https:\/\/nlp-core.ch\/wp-content\/uploads\/2021\/05\/korzybski-differtial-1.png&#8220; title_text=&#8220;korzybski differtial&#8220; force_fullwidth=&#8220;on&#8220; _builder_version=&#8220;4.16&#8243; _module_preset=&#8220;default&#8220; global_colors_info=&#8220;{}&#8220; custom_margin=&#8220;||-132px|||&#8220;][\/et_pb_image][\/et_pb_column][\/et_pb_row][et_pb_row column_structure=&#8220;1_2,1_2&#8243; _builder_version=&#8220;4.16&#8243; _module_preset=&#8220;default&#8220; global_colors_info=&#8220;{}&#8220;][et_pb_column type=&#8220;1_2&#8243; _builder_version=&#8220;4.16&#8243; _module_preset=&#8220;default&#8220; global_colors_info=&#8220;{}&#8220;][et_pb_image src=&#8220;https:\/\/nlp-core.ch\/wp-content\/uploads\/2021\/05\/darstellung-silent-nonverbal-verbal_farbig-Kopie.png&#8220; title_text=&#8220;darstellung silent &#8211; nonverbal &#8211; verbal_farbig &#8211; Kopie&#8220; _builder_version=&#8220;4.16&#8243; _module_preset=&#8220;default&#8220; global_colors_info=&#8220;{}&#8220;][\/et_pb_image][\/et_pb_column][et_pb_column type=&#8220;1_2&#8243; _builder_version=&#8220;4.16&#8243; _module_preset=&#8220;default&#8220; global_colors_info=&#8220;{}&#8220;][et_pb_image src=&#8220;https:\/\/nlp-core.ch\/wp-content\/uploads\/2021\/05\/strukturelles-Differential-1-Bild.png&#8220; title_text=&#8220;strukturelles Differential 1 Bild&#8220; _builder_version=&#8220;4.16&#8243; _module_preset=&#8220;default&#8220; global_colors_info=&#8220;{}&#8220;][\/et_pb_image][\/et_pb_column][\/et_pb_row][\/et_pb_section]<\/p>\n","protected":false},"excerpt":{"rendered":"<p>Die Methode f\u00fcr schnelle und dauerhafte Ver\u00e4nderung &#8222;To assist people to be in control of their lives and live their own dreams.&#8220; Menschen unterst\u00fctzen, Kontrolle \u00fcber ihr Leben zu gewinnen und ihre eigenen Tr\u00e4ume zu leben. Was ist MEM? MEM ist ein angeleiteter Visualisierungsprozess zur Aufl\u00f6sung einschr\u00e4nkender \u00dcberzeugungen und negativer Gef\u00fchle. Die Methode basiert auf [&hellip;]<\/p>\n","protected":false},"author":1,"featured_media":0,"parent":0,"menu_order":0,"comment_status":"closed","ping_status":"closed","template":"","meta":{"_et_pb_use_builder":"on","_et_pb_old_content":"","_et_gb_content_width":"","footnotes":""},"class_list":["post-4820","page","type-page","status-publish","hentry"],"_links":{"self":[{"href":"https:\/\/nlp-core.ch\/index.php\/wp-json\/wp\/v2\/pages\/4820","targetHints":{"allow":["GET"]}}],"collection":[{"href":"https:\/\/nlp-core.ch\/index.php\/wp-json\/wp\/v2\/pages"}],"about":[{"href":"https:\/\/nlp-core.ch\/index.php\/wp-json\/wp\/v2\/types\/page"}],"author":[{"embeddable":true,"href":"https:\/\/nlp-core.ch\/index.php\/wp-json\/wp\/v2\/users\/1"}],"replies":[{"embeddable":true,"href":"https:\/\/nlp-core.ch\/index.php\/wp-json\/wp\/v2\/comments?post=4820"}],"version-history":[{"count":40,"href":"https:\/\/nlp-core.ch\/index.php\/wp-json\/wp\/v2\/pages\/4820\/revisions"}],"predecessor-version":[{"id":243025,"href":"https:\/\/nlp-core.ch\/index.php\/wp-json\/wp\/v2\/pages\/4820\/revisions\/243025"}],"wp:attachment":[{"href":"https:\/\/nlp-core.ch\/index.php\/wp-json\/wp\/v2\/media?parent=4820"}],"curies":[{"name":"wp","href":"https:\/\/api.w.org\/{rel}","templated":true}]}}