{"id":4721,"date":"2021-05-05T20:32:00","date_gmt":"2021-05-05T20:32:00","guid":{"rendered":"https:\/\/nlp-core.ch\/?page_id=4721"},"modified":"2025-12-18T16:13:51","modified_gmt":"2025-12-18T16:13:51","slug":"nlp-master-coach-dvnlp","status":"publish","type":"page","link":"https:\/\/nlp-core.ch\/index.php\/nlp-master-coach-dvnlp\/","title":{"rendered":"CORE NLP Master Coach"},"content":{"rendered":"<p>[et_pb_section fb_built=&#8220;1&#8243; _builder_version=&#8220;4.16&#8243; _module_preset=&#8220;default&#8220; global_colors_info=&#8220;{}&#8220;][et_pb_row _builder_version=&#8220;4.16&#8243; _module_preset=&#8220;default&#8220; global_colors_info=&#8220;{}&#8220;][et_pb_column type=&#8220;4_4&#8243; _builder_version=&#8220;4.16&#8243; _module_preset=&#8220;default&#8220; global_colors_info=&#8220;{}&#8220;][et_pb_image src=&#8220;https:\/\/nlp-core.ch\/wp-content\/uploads\/2021\/04\/Mental-Mentoring-by.png&#8220; title_text=&#8220;Mental Mentoring by&#8220; _builder_version=&#8220;4.16&#8243; _module_preset=&#8220;default&#8220; hover_enabled=&#8220;0&#8243; global_colors_info=&#8220;{}&#8220; sticky_enabled=&#8220;0&#8243;][\/et_pb_image][et_pb_text _builder_version=&#8220;4.16&#8243; _module_preset=&#8220;default&#8220; global_colors_info=&#8220;{}&#8220;][\/et_pb_text][et_pb_text _builder_version=&#8220;4.16&#8243; _module_preset=&#8220;default&#8220; global_colors_info=&#8220;{}&#8220;][\/et_pb_text][\/et_pb_column][\/et_pb_row][et_pb_row _builder_version=&#8220;4.25.0&#8243; _module_preset=&#8220;default&#8220; min_height=&#8220;321.6px&#8220;][et_pb_column _builder_version=&#8220;4.25.0&#8243; _module_preset=&#8220;default&#8220; type=&#8220;4_4&#8243;][et_pb_text _builder_version=&#8220;4.25.0&#8243; _module_preset=&#8220;default&#8220; hover_enabled=&#8220;0&#8243; sticky_enabled=&#8220;0&#8243; custom_padding=&#8220;||0px|||&#8220;]<\/p>\n<h4><span style=\"color: #ff6600; font-size: medium; font-family: inherit; font-weight: normal;\">Seit 2026 bieten wir keine offiziellen Master Coach Ausbildungen an \u2013 doch gerne f\u00fcr ein Team o.\u00e4. nach spezifischen W\u00fcnschen.<\/span><br \/><span style=\"color: #ff6600; font-size: medium; font-family: inherit; font-weight: normal;\">2026 stehen noch 2x NLP Master Stufen f\u00fcr Sie offen \u2013 siehe <a href=\"https:\/\/nlp-core.ch\/index.php\/core-nlp-master-2\/\">NLP Master<\/a>.<\/span><\/h4>\n<h4><span style=\"font-size: medium; font-family: inherit; font-weight: normal;\"><span style=\"color: #ff6600;\">Beginn:<br \/>+\u00a0 <\/span><span style=\"color: #ff6600;\">Januar 26<br \/>+\u00a0 September 26<\/span><\/span><\/h4>\n<p><span style=\"font-size: medium; font-family: inherit; font-weight: normal;\"><span style=\"color: #ff6600;\">Weiterhin findet 4x j\u00e4hrlich ein <a href=\"https:\/\/nlp-core.ch\/index.php\/core-supervisionen-und-workshops\/\">Supervisionstag<\/a> statt.<\/span><\/span><\/p>\n<p>[\/et_pb_text][\/et_pb_column][\/et_pb_row][\/et_pb_section][et_pb_section fb_built=&#8220;1&#8243; admin_label=&#8220;Courses&#8220; _builder_version=&#8220;4.16&#8243; custom_padding=&#8220;0px|0px|101px|0px||&#8220; global_colors_info=&#8220;{}&#8220;][et_pb_row column_structure=&#8220;1_2,1_2&#8243; _builder_version=&#8220;4.16&#8243; background_size=&#8220;initial&#8220; background_position=&#8220;top_left&#8220; background_repeat=&#8220;repeat&#8220; custom_margin=&#8220;|||&#8220; custom_padding=&#8220;0px|0px|27px|0px&#8220; global_colors_info=&#8220;{}&#8220;][et_pb_column type=&#8220;1_2&#8243; _builder_version=&#8220;4.16&#8243; custom_padding=&#8220;|||&#8220; global_colors_info=&#8220;{}&#8220; custom_padding__hover=&#8220;|||&#8220;][et_pb_blurb title=&#8220;Modul A&#8220; url=&#8220;@ET-DC@eyJkeW5hbWljIjp0cnVlLCJjb250ZW50IjoicG9zdF9saW5rX3VybF9hdHRhY2htZW50Iiwic2V0dGluZ3MiOnsicG9zdF9pZCI6IjI0MjYwMyJ9fQ==@&#8220; image=&#8220;https:\/\/nlp-core.ch\/wp-content\/uploads\/2020\/09\/CORE_Dreh-zur-L\u00f6sung-links.jpg&#8220; icon_placement=&#8220;left&#8220; content_max_width=&#8220;1100px&#8220; _builder_version=&#8220;4.16&#8243; _dynamic_attributes=&#8220;url&#8220; header_font=&#8220;|on|||&#8220; header_text_color=&#8220;#2e2545&#8243; header_line_height=&#8220;1.5em&#8220; body_text_color=&#8220;#8585bd&#8220; body_font_size=&#8220;16px&#8220; body_line_height=&#8220;1.9em&#8220; background_color=&#8220;#ffffff&#8220; background_size=&#8220;initial&#8220; background_position=&#8220;top_left&#8220; background_repeat=&#8220;repeat&#8220; min_height=&#8220;482.2px&#8220; custom_margin=&#8220;||10%|&#8220; custom_padding=&#8220;30px|0px|30px|40px||&#8220; animation_style=&#8220;zoom&#8220; animation_direction=&#8220;bottom&#8220; animation_intensity_zoom=&#8220;20%&#8220; animation_starting_opacity=&#8220;100%&#8220; box_shadow_style=&#8220;preset2&#8243; box_shadow_horizontal=&#8220;0px&#8220; box_shadow_vertical=&#8220;0px&#8220; box_shadow_blur=&#8220;60px&#8220; box_shadow_color=&#8220;rgba(71,74,182,0.12)&#8220; locked=&#8220;off&#8220; global_colors_info=&#8220;{}&#8220;]<\/p>\n<ul>\n<li>\n<div><span>Gestaltungsm\u00f6glichkeiten Systemischer Gespr\u00e4che<\/span><\/div>\n<\/li>\n<li>\n<div><span>Neutralit\u00e4t \/ Zirkularit\u00e4t und das Prinzip von Ursache und Wirkung<\/span><\/div>\n<\/li>\n<li>\n<div><span>Weitere Beratungs- und Coachingmodelle: Palo Alto, De Shazer<\/span><\/div>\n<\/li>\n<li>\n<div><span>Zirkul\u00e4re und andere Fragetechniken<\/span><\/div>\n<\/li>\n<li>\n<div><span>Bausteine Systemsichen Denkens f\u00fcr die Praxis<\/span><span><\/span><span><\/span><\/div>\n<\/li>\n<\/ul>\n<p><span><\/span><\/p>\n<p>[\/et_pb_blurb][et_pb_blurb title=&#8220;Modul B&#8220; url=&#8220;#&#8220; image=&#8220;https:\/\/nlp-core.ch\/wp-content\/uploads\/2020\/09\/cropped-CORE_Dreh-zur-Loesung-links.jpg&#8220; icon_placement=&#8220;left&#8220; content_max_width=&#8220;1100px&#8220; _builder_version=&#8220;4.16&#8243; header_font=&#8220;|on|||&#8220; header_text_color=&#8220;#2e2545&#8243; header_line_height=&#8220;1.5em&#8220; body_text_color=&#8220;#8585bd&#8220; body_font_size=&#8220;16px&#8220; body_line_height=&#8220;1.9em&#8220; background_color=&#8220;#ffffff&#8220; background_size=&#8220;initial&#8220; background_position=&#8220;top_left&#8220; background_repeat=&#8220;repeat&#8220; min_height=&#8220;482.2px&#8220; custom_margin=&#8220;||10%|&#8220; custom_padding=&#8220;30px|0px|30px|40px||&#8220; animation_style=&#8220;zoom&#8220; animation_direction=&#8220;bottom&#8220; animation_intensity_zoom=&#8220;20%&#8220; animation_starting_opacity=&#8220;100%&#8220; box_shadow_style=&#8220;preset2&#8243; box_shadow_horizontal=&#8220;0px&#8220; box_shadow_vertical=&#8220;0px&#8220; box_shadow_blur=&#8220;60px&#8220; box_shadow_color=&#8220;rgba(71,74,182,0.12)&#8220; locked=&#8220;off&#8220; global_colors_info=&#8220;{}&#8220;]<\/p>\n<ul>\n<li>\n<div><span>Gestaltungsm\u00f6glichkeiten Systemischer Gespr\u00e4che<\/span><\/div>\n<\/li>\n<li>\n<div><span>Neutralit\u00e4t \/ Zirkularit\u00e4t und das Prinzip von Ursache und Wirkung<\/span><\/div>\n<\/li>\n<li>\n<div><span>Weitere Beratungs- und Coachingmodelle: Palo Alto, De Shazer<\/span><\/div>\n<\/li>\n<li>\n<div><span>Zirkul\u00e4re und andere Fragetechniken<\/span><\/div>\n<\/li>\n<li>\n<div><span>Bausteine Systemsichen Denkens f\u00fcr die Praxis<\/span><span><\/span><span><\/span><\/div>\n<\/li>\n<\/ul>\n<p><span><\/span><\/p>\n<p>[\/et_pb_blurb][et_pb_blurb title=&#8220;Modul C&#8220; url=&#8220;#&#8220; image=&#8220;https:\/\/nlp-core.ch\/wp-content\/uploads\/2020\/09\/CORE_Dreh-zur-L\u00f6sung-links.jpg&#8220; icon_placement=&#8220;left&#8220; content_max_width=&#8220;1100px&#8220; _builder_version=&#8220;4.16&#8243; header_font=&#8220;|on|||&#8220; header_text_color=&#8220;#2e2545&#8243; header_line_height=&#8220;1.5em&#8220; body_text_color=&#8220;#8585bd&#8220; body_font_size=&#8220;16px&#8220; body_line_height=&#8220;1.9em&#8220; background_color=&#8220;#ffffff&#8220; background_size=&#8220;initial&#8220; background_position=&#8220;top_left&#8220; background_repeat=&#8220;repeat&#8220; custom_margin=&#8220;||10%|&#8220; custom_padding=&#8220;30px|40px|30px|40px&#8220; animation_style=&#8220;zoom&#8220; animation_direction=&#8220;bottom&#8220; animation_intensity_zoom=&#8220;20%&#8220; animation_starting_opacity=&#8220;100%&#8220; box_shadow_style=&#8220;preset2&#8243; box_shadow_horizontal=&#8220;0px&#8220; box_shadow_vertical=&#8220;0px&#8220; box_shadow_blur=&#8220;60px&#8220; box_shadow_color=&#8220;rgba(71,74,182,0.12)&#8220; locked=&#8220;off&#8220; global_colors_info=&#8220;{}&#8220;]<\/p>\n<ul>\n<li>\n<div><span>Grundannahmen der systemsichen Beratung<\/span><\/div>\n<\/li>\n<li>\n<div><span>Genogrammarbeit<\/span><\/div>\n<\/li>\n<li>\n<div><span>Unterschiedliche Auftragskontrakte<\/span><\/div>\n<\/li>\n<li>\n<div><span>Systemische Hypothesenbildung<\/span><\/div>\n<\/li>\n<li>\n<div><span>Systemische Interventionen<\/span><span>\u00a0<\/span><\/div>\n<\/li>\n<\/ul>\n<p>[\/et_pb_blurb][et_pb_blurb title=&#8220;Modul D&#8220; url=&#8220;#&#8220; image=&#8220;https:\/\/nlp-core.ch\/wp-content\/uploads\/2020\/09\/CORE_Dreh-zur-L\u00f6sung-links.jpg&#8220; icon_placement=&#8220;left&#8220; content_max_width=&#8220;1100px&#8220; _builder_version=&#8220;4.16&#8243; header_font=&#8220;|on|||&#8220; header_text_color=&#8220;#2e2545&#8243; header_line_height=&#8220;1.5em&#8220; body_text_color=&#8220;#8585bd&#8220; body_font_size=&#8220;16px&#8220; body_line_height=&#8220;1.9em&#8220; background_color=&#8220;#ffffff&#8220; background_size=&#8220;initial&#8220; background_position=&#8220;top_left&#8220; background_repeat=&#8220;repeat&#8220; custom_margin=&#8220;||10%|&#8220; custom_padding=&#8220;30px|40px|30px|40px&#8220; animation_style=&#8220;zoom&#8220; animation_direction=&#8220;bottom&#8220; animation_intensity_zoom=&#8220;20%&#8220; animation_starting_opacity=&#8220;100%&#8220; box_shadow_style=&#8220;preset2&#8243; box_shadow_horizontal=&#8220;0px&#8220; box_shadow_vertical=&#8220;0px&#8220; box_shadow_blur=&#8220;60px&#8220; box_shadow_color=&#8220;rgba(71,74,182,0.12)&#8220; locked=&#8220;off&#8220; global_colors_info=&#8220;{}&#8220;]<\/p>\n<ul>\n<li>\n<div><span>Verbale und nonverbale Kommunikation &#8211; eine Einheit<\/span><\/div>\n<\/li>\n<li>\n<div><span>Nonverbale Sprache in der Gespr\u00e4chsf\u00fchrung<\/span><\/div>\n<\/li>\n<li>\n<div><span>Gespr\u00e4chsf\u00fchrung im Team<\/span><\/div>\n<\/li>\n<li>\n<div><span>Metaphern &#8211; mit Metaphern leben<\/span><\/div>\n<\/li>\n<\/ul>\n<p>[\/et_pb_blurb][et_pb_blurb title=&#8220;Modul E&#8220; url=&#8220;#&#8220; image=&#8220;https:\/\/nlp-core.ch\/wp-content\/uploads\/2020\/09\/CORE_Dreh-zur-L\u00f6sung-links.jpg&#8220; icon_placement=&#8220;left&#8220; content_max_width=&#8220;1100px&#8220; _builder_version=&#8220;4.16&#8243; header_font=&#8220;|on|||&#8220; header_text_color=&#8220;#2e2545&#8243; header_line_height=&#8220;1.5em&#8220; body_text_color=&#8220;#8585bd&#8220; body_font_size=&#8220;16px&#8220; body_line_height=&#8220;1.9em&#8220; background_color=&#8220;#ffffff&#8220; background_size=&#8220;initial&#8220; background_position=&#8220;top_left&#8220; background_repeat=&#8220;repeat&#8220; custom_margin=&#8220;||10%|&#8220; custom_padding=&#8220;30px|40px|30px|40px&#8220; animation_style=&#8220;zoom&#8220; animation_direction=&#8220;bottom&#8220; animation_intensity_zoom=&#8220;20%&#8220; animation_starting_opacity=&#8220;100%&#8220; box_shadow_style=&#8220;preset2&#8243; box_shadow_horizontal=&#8220;0px&#8220; box_shadow_vertical=&#8220;0px&#8220; box_shadow_blur=&#8220;60px&#8220; box_shadow_color=&#8220;rgba(71,74,182,0.12)&#8220; locked=&#8220;off&#8220; global_colors_info=&#8220;{}&#8220;]<\/p>\n<ul>\n<li>\n<div><span>Ordnung in Systemen<\/span><\/div>\n<\/li>\n<li>\n<div><span>Das Geheimnis des schlechten Gewissens<\/span><\/div>\n<\/li>\n<li>\n<div><span>Systemische Strukturaufstellungen<\/span><\/div>\n<\/li>\n<li><span>Systemsiche Familienaufstellungen<\/span><span>\u00a0<\/span><\/li>\n<\/ul>\n<p>[\/et_pb_blurb][\/et_pb_column][et_pb_column type=&#8220;1_2&#8243; _builder_version=&#8220;4.16&#8243; _module_preset=&#8220;default&#8220; global_colors_info=&#8220;{}&#8220;][et_pb_blurb title=&#8220;Modul A Erg\u00e4nzung NLP CORE Trialog&#8220; url=&#8220;#&#8220; image=&#8220;https:\/\/nlp-core.ch\/wp-content\/uploads\/2021\/04\/home_0_8.png&#8220; icon_placement=&#8220;left&#8220; content_max_width=&#8220;1100px&#8220; _builder_version=&#8220;4.16&#8243; header_font=&#8220;|on|||&#8220; header_text_color=&#8220;#2e2545&#8243; header_line_height=&#8220;1.5em&#8220; body_text_color=&#8220;#8585bd&#8220; body_font_size=&#8220;16px&#8220; body_line_height=&#8220;1.9em&#8220; background_color=&#8220;#ffffff&#8220; background_size=&#8220;initial&#8220; background_position=&#8220;top_left&#8220; background_repeat=&#8220;repeat&#8220; width=&#8220;100%&#8220; custom_margin=&#8220;1px||10%|||&#8220; custom_margin_tablet=&#8220;0px||10%|&#8220; custom_margin_phone=&#8220;&#8220; custom_margin_last_edited=&#8220;on|phone&#8220; custom_padding=&#8220;30px|40px|30px|40px&#8220; animation_style=&#8220;zoom&#8220; animation_direction=&#8220;bottom&#8220; animation_delay=&#8220;100ms&#8220; animation_intensity_zoom=&#8220;20%&#8220; animation_starting_opacity=&#8220;100%&#8220; box_shadow_style=&#8220;preset2&#8243; box_shadow_horizontal=&#8220;0px&#8220; box_shadow_vertical=&#8220;0px&#8220; box_shadow_blur=&#8220;60px&#8220; box_shadow_color=&#8220;rgba(71,74,182,0.12)&#8220; locked=&#8220;off&#8220; global_colors_info=&#8220;{}&#8220;]<\/p>\n<p>NLP &#8211; systemisch analysiert<\/p>\n<p>Kernprozesse des Traditions-NLP<\/p>\n<p>Wohlgeformte Zielbestimmung und Anliegenskl\u00e4rung<\/p>\n<p>Das Traditions-NLP aus Sicht der Kybernetik 1. und 2. Ordnung<\/p>\n<p>[\/et_pb_blurb][et_pb_blurb title=&#8220;Modul B Erg\u00e4nzung NLP CORE Trialog&#8220; url=&#8220;#&#8220; image=&#8220;https:\/\/nlp-core.ch\/wp-content\/uploads\/2021\/04\/home_0_8.png&#8220; icon_placement=&#8220;left&#8220; content_max_width=&#8220;1100px&#8220; _builder_version=&#8220;4.16&#8243; header_font=&#8220;|on|||&#8220; header_text_color=&#8220;#2e2545&#8243; header_line_height=&#8220;1.5em&#8220; body_text_color=&#8220;#8585bd&#8220; body_font_size=&#8220;16px&#8220; body_line_height=&#8220;1.9em&#8220; background_color=&#8220;#ffffff&#8220; background_size=&#8220;initial&#8220; background_position=&#8220;top_left&#8220; background_repeat=&#8220;repeat&#8220; custom_margin=&#8220;||10%|&#8220; custom_padding=&#8220;30px|40px|30px|40px&#8220; animation_style=&#8220;zoom&#8220; animation_direction=&#8220;bottom&#8220; animation_intensity_zoom=&#8220;20%&#8220; animation_starting_opacity=&#8220;100%&#8220; box_shadow_style=&#8220;preset2&#8243; box_shadow_horizontal=&#8220;0px&#8220; box_shadow_vertical=&#8220;0px&#8220; box_shadow_blur=&#8220;60px&#8220; box_shadow_color=&#8220;rgba(71,74,182,0.12)&#8220; locked=&#8220;off&#8220; global_colors_info=&#8220;{}&#8220;]<\/p>\n<p>&#8222;Zirkularit\u00e4t&#8220; im Traditions-NLP und Ursachenlehre des NLP (Was, Wie, Warum, Wozu)<\/p>\n<p>Das NLP ein Beratungsmodell unter vielen<\/p>\n<p>Fragetechniken: Kritik des traditionellen Meta-Modells der Sprache<\/p>\n<p>Eine kritische Anwendung des systemischen Denkens (Hochschule St. Gallen) auf das Traditions-NLP<\/p>\n<p>[\/et_pb_blurb][et_pb_blurb title=&#8220;Modul C Erg\u00e4nzung NLP CORE Trialog&#8220; url=&#8220;#&#8220; image=&#8220;https:\/\/nlp-core.ch\/wp-content\/uploads\/2021\/04\/home_0_8.png&#8220; icon_placement=&#8220;left&#8220; content_max_width=&#8220;1100px&#8220; _builder_version=&#8220;4.16&#8243; header_font=&#8220;|on|||&#8220; header_text_color=&#8220;#2e2545&#8243; header_line_height=&#8220;1.5em&#8220; body_text_color=&#8220;#8585bd&#8220; body_font_size=&#8220;16px&#8220; body_line_height=&#8220;1.9em&#8220; background_color=&#8220;#ffffff&#8220; background_size=&#8220;initial&#8220; background_position=&#8220;top_left&#8220; background_repeat=&#8220;repeat&#8220; custom_margin=&#8220;||10%|&#8220; custom_padding=&#8220;30px|40px|30px|40px&#8220; animation_style=&#8220;zoom&#8220; animation_direction=&#8220;bottom&#8220; animation_intensity_zoom=&#8220;20%&#8220; animation_starting_opacity=&#8220;100%&#8220; box_shadow_style=&#8220;preset2&#8243; box_shadow_horizontal=&#8220;0px&#8220; box_shadow_vertical=&#8220;0px&#8220; box_shadow_blur=&#8220;60px&#8220; box_shadow_color=&#8220;rgba(71,74,182,0.12)&#8220; locked=&#8220;off&#8220; global_colors_info=&#8220;{}&#8220;]<\/p>\n<p>Grundannahmen der systemischen Beratung und NLP Vorannahmen<\/p>\n<p>Systemische Hypothesenbildung und NLP Glaubenss\u00e4tze<\/p>\n<p>Was fehlt NLP-Interventionen unter dem Aspekt &#8222;systemischer Interventionen&#8220;?<\/p>\n<p>[\/et_pb_blurb][et_pb_blurb title=&#8220;Modul B Erg\u00e4nzung NLP CORE Trialog&#8220; url=&#8220;#&#8220; image=&#8220;https:\/\/nlp-core.ch\/wp-content\/uploads\/2021\/04\/home_0_8.png&#8220; icon_placement=&#8220;left&#8220; content_max_width=&#8220;1100px&#8220; _builder_version=&#8220;4.16&#8243; header_font=&#8220;|on|||&#8220; header_text_color=&#8220;#2e2545&#8243; header_line_height=&#8220;1.5em&#8220; body_text_color=&#8220;#8585bd&#8220; body_font_size=&#8220;16px&#8220; body_line_height=&#8220;1.9em&#8220; background_color=&#8220;#ffffff&#8220; background_size=&#8220;initial&#8220; background_position=&#8220;top_left&#8220; background_repeat=&#8220;repeat&#8220; custom_margin=&#8220;||10%|&#8220; custom_padding=&#8220;30px|40px|30px|40px&#8220; animation_style=&#8220;zoom&#8220; animation_direction=&#8220;bottom&#8220; animation_intensity_zoom=&#8220;20%&#8220; animation_starting_opacity=&#8220;100%&#8220; box_shadow_style=&#8220;preset2&#8243; box_shadow_horizontal=&#8220;0px&#8220; box_shadow_vertical=&#8220;0px&#8220; box_shadow_blur=&#8220;60px&#8220; box_shadow_color=&#8220;rgba(71,74,182,0.12)&#8220; locked=&#8220;off&#8220; global_colors_info=&#8220;{}&#8220;]<\/p>\n<p>&#8222;Zirkularit\u00e4t&#8220; im Traditions-NLP und Ursachenlehre des NLP (Was, Wie, Warum, Wozu)<\/p>\n<p>Das NLP ein Beratungsmodell unter vielen<\/p>\n<p>Fragetechniken: Kritik des traditionellen Meta-Modells der Sprache<\/p>\n<p>Eine kritische Anwendung des systemischen Denkens (Hochschule St. Gallen) auf das Traditions-NLP<\/p>\n<p>[\/et_pb_blurb][et_pb_blurb title=&#8220;Modul B Erg\u00e4nzung NLP CORE Trialog&#8220; url=&#8220;#&#8220; image=&#8220;https:\/\/nlp-core.ch\/wp-content\/uploads\/2021\/04\/home_0_8.png&#8220; icon_placement=&#8220;left&#8220; content_max_width=&#8220;1100px&#8220; _builder_version=&#8220;4.16&#8243; header_font=&#8220;|on|||&#8220; header_text_color=&#8220;#2e2545&#8243; header_line_height=&#8220;1.5em&#8220; body_text_color=&#8220;#8585bd&#8220; body_font_size=&#8220;16px&#8220; body_line_height=&#8220;1.9em&#8220; background_color=&#8220;#ffffff&#8220; background_size=&#8220;initial&#8220; background_position=&#8220;top_left&#8220; background_repeat=&#8220;repeat&#8220; custom_margin=&#8220;||10%|&#8220; custom_padding=&#8220;30px|40px|30px|40px&#8220; animation_style=&#8220;zoom&#8220; animation_direction=&#8220;bottom&#8220; animation_intensity_zoom=&#8220;20%&#8220; animation_starting_opacity=&#8220;100%&#8220; box_shadow_style=&#8220;preset2&#8243; box_shadow_horizontal=&#8220;0px&#8220; box_shadow_vertical=&#8220;0px&#8220; box_shadow_blur=&#8220;60px&#8220; box_shadow_color=&#8220;rgba(71,74,182,0.12)&#8220; locked=&#8220;off&#8220; global_colors_info=&#8220;{}&#8220;]<\/p>\n<p>&#8222;Zirkularit\u00e4t&#8220; im Traditions-NLP und Ursachenlehre des NLP (Was, Wie, Warum, Wozu)<\/p>\n<p>Das NLP ein Beratungsmodell unter vielen<\/p>\n<p>Fragetechniken: Kritik des traditionellen Meta-Modells der Sprache<\/p>\n<p>Eine kritische Anwendung des systemischen Denkens (Hochschule St. Gallen) auf das Traditions-NLP<\/p>\n<p>[\/et_pb_blurb][et_pb_blurb title=&#8220;Modul D Erg\u00e4nzung NLP CORE Trialog &#8220; url=&#8220;#www.nlp-core.ch\/startnlp&#8220; image=&#8220;https:\/\/nlp-core.ch\/wp-content\/uploads\/2021\/04\/home_0_8.png&#8220; icon_placement=&#8220;left&#8220; content_max_width=&#8220;1100px&#8220; _builder_version=&#8220;4.16&#8243; header_font=&#8220;|on|||&#8220; header_text_color=&#8220;#2e2545&#8243; header_line_height=&#8220;1.5em&#8220; body_text_color=&#8220;#8585bd&#8220; body_font_size=&#8220;16px&#8220; body_line_height=&#8220;1.9em&#8220; background_color=&#8220;#ffffff&#8220; background_size=&#8220;initial&#8220; background_position=&#8220;top_left&#8220; background_repeat=&#8220;repeat&#8220; custom_margin=&#8220;||10%|&#8220; custom_padding=&#8220;30px|40px|30px|40px&#8220; animation_style=&#8220;zoom&#8220; animation_direction=&#8220;bottom&#8220; animation_delay=&#8220;100ms&#8220; animation_intensity_zoom=&#8220;20%&#8220; animation_starting_opacity=&#8220;100%&#8220; link_option_url=&#8220;www.nlp-core.ch\/startnlp&#8220; link_option_url_new_window=&#8220;on&#8220; box_shadow_style=&#8220;preset2&#8243; box_shadow_horizontal=&#8220;0px&#8220; box_shadow_vertical=&#8220;0px&#8220; box_shadow_blur=&#8220;60px&#8220; box_shadow_color=&#8220;rgba(71,74,182,0.12)&#8220; locked=&#8220;off&#8220; global_colors_info=&#8220;{}&#8220;]<\/p>\n<p>Verbale und nonverbale Kommunikation &#8211; ein NLP-Vergleich<\/p>\n<p>Metaphern in traditionellen NLP-Ausbildungen als suggestiv-manipulative Instrumente der Beeinflussung durch NLP-Trainer<\/p>\n<p>[\/et_pb_blurb][et_pb_blurb title=&#8220;Modul E &#8220; url=&#8220;#&#8220; image=&#8220;https:\/\/nlp-core.ch\/wp-content\/uploads\/2021\/04\/home_0_8.png&#8220; icon_placement=&#8220;left&#8220; content_max_width=&#8220;1100px&#8220; _builder_version=&#8220;4.16&#8243; header_font=&#8220;|on|||&#8220; header_text_color=&#8220;#2e2545&#8243; header_line_height=&#8220;1.5em&#8220; body_text_color=&#8220;#8585bd&#8220; body_font_size=&#8220;16px&#8220; body_line_height=&#8220;1.9em&#8220; background_color=&#8220;#ffffff&#8220; background_size=&#8220;initial&#8220; background_position=&#8220;top_left&#8220; background_repeat=&#8220;repeat&#8220; custom_margin=&#8220;||10%|&#8220; custom_padding=&#8220;30px|40px|30px|40px&#8220; animation_style=&#8220;zoom&#8220; animation_direction=&#8220;bottom&#8220; animation_delay=&#8220;100ms&#8220; animation_intensity_zoom=&#8220;20%&#8220; animation_starting_opacity=&#8220;100%&#8220; box_shadow_style=&#8220;preset2&#8243; box_shadow_horizontal=&#8220;0px&#8220; box_shadow_vertical=&#8220;0px&#8220; box_shadow_blur=&#8220;60px&#8220; box_shadow_color=&#8220;rgba(71,74,182,0.12)&#8220; locked=&#8220;off&#8220; global_colors_info=&#8220;{}&#8220;]<\/p>\n<p>Die einfache Ordnung des Systems NLP &#8211; Keep it small and simple<\/p>\n<p>NLP Gewissen? Zur \u00d6kologie der NLP-Anwendung &#8211; Chancen\/Risiken, St\u00e4rken\/Schw\u00e4chen<\/p>\n<p>Eine Aufstellung des NLP im Kontext seiner Quellen &#8211; NLP demystified<\/p>\n<p>[\/et_pb_blurb][\/et_pb_column][\/et_pb_row][\/et_pb_section][et_pb_section fb_built=&#8220;1&#8243; _builder_version=&#8220;4.16&#8243; _module_preset=&#8220;default&#8220; global_colors_info=&#8220;{}&#8220;][et_pb_row _builder_version=&#8220;4.16&#8243; _module_preset=&#8220;default&#8220; global_colors_info=&#8220;{}&#8220;][et_pb_column type=&#8220;4_4&#8243; _builder_version=&#8220;4.16&#8243; _module_preset=&#8220;default&#8220; global_colors_info=&#8220;{}&#8220;][et_pb_button button_url=&#8220;@ET-DC@eyJkeW5hbWljIjp0cnVlLCJjb250ZW50IjoicG9zdF9saW5rX3VybF9wYWdlIiwic2V0dGluZ3MiOnsicG9zdF9pZCI6IjM1NDYifX0=@&#8220; url_new_window=&#8220;on&#8220; button_text=&#8220;Anmeldung&#8220; button_alignment=&#8220;center&#8220; _builder_version=&#8220;4.16&#8243; _dynamic_attributes=&#8220;button_url&#8220; _module_preset=&#8220;default&#8220; global_colors_info=&#8220;{}&#8220;][\/et_pb_button][\/et_pb_column][\/et_pb_row][\/et_pb_section]<\/p>\n","protected":false},"excerpt":{"rendered":"<p>Seit 2026 bieten wir keine offiziellen Master Coach Ausbildungen an \u2013 doch gerne f\u00fcr ein Team o.\u00e4. nach spezifischen W\u00fcnschen.2026 stehen noch 2x NLP Master Stufen f\u00fcr Sie offen \u2013 siehe NLP Master. Beginn:+\u00a0 Januar 26+\u00a0 September 26 Weiterhin findet 4x j\u00e4hrlich ein Supervisionstag statt. Gestaltungsm\u00f6glichkeiten Systemischer Gespr\u00e4che Neutralit\u00e4t \/ Zirkularit\u00e4t und das Prinzip von [&hellip;]<\/p>\n","protected":false},"author":1,"featured_media":0,"parent":0,"menu_order":0,"comment_status":"closed","ping_status":"closed","template":"","meta":{"_et_pb_use_builder":"on","_et_pb_old_content":"","_et_gb_content_width":"","footnotes":""},"class_list":["post-4721","page","type-page","status-publish","hentry"],"_links":{"self":[{"href":"https:\/\/nlp-core.ch\/index.php\/wp-json\/wp\/v2\/pages\/4721","targetHints":{"allow":["GET"]}}],"collection":[{"href":"https:\/\/nlp-core.ch\/index.php\/wp-json\/wp\/v2\/pages"}],"about":[{"href":"https:\/\/nlp-core.ch\/index.php\/wp-json\/wp\/v2\/types\/page"}],"author":[{"embeddable":true,"href":"https:\/\/nlp-core.ch\/index.php\/wp-json\/wp\/v2\/users\/1"}],"replies":[{"embeddable":true,"href":"https:\/\/nlp-core.ch\/index.php\/wp-json\/wp\/v2\/comments?post=4721"}],"version-history":[{"count":18,"href":"https:\/\/nlp-core.ch\/index.php\/wp-json\/wp\/v2\/pages\/4721\/revisions"}],"predecessor-version":[{"id":242953,"href":"https:\/\/nlp-core.ch\/index.php\/wp-json\/wp\/v2\/pages\/4721\/revisions\/242953"}],"wp:attachment":[{"href":"https:\/\/nlp-core.ch\/index.php\/wp-json\/wp\/v2\/media?parent=4721"}],"curies":[{"name":"wp","href":"https:\/\/api.w.org\/{rel}","templated":true}]}}