{"id":4711,"date":"2021-05-05T18:54:40","date_gmt":"2021-05-05T18:54:40","guid":{"rendered":"https:\/\/nlp-core.ch\/?page_id=4711"},"modified":"2025-12-20T09:34:55","modified_gmt":"2025-12-20T09:34:55","slug":"nlp-einfuehrungsseminare","status":"publish","type":"page","link":"https:\/\/nlp-core.ch\/index.php\/nlp-einfuehrungsseminare\/","title":{"rendered":"NLP Einf\u00fchrungsseminare"},"content":{"rendered":"<p>[et_pb_section fb_built=&#8220;1&#8243; _builder_version=&#8220;4.16&#8243; _module_preset=&#8220;default&#8220; global_colors_info=&#8220;{}&#8220; min_height=&#8220;1348.8px&#8220; custom_padding=&#8220;0px|||||&#8220;][et_pb_row _builder_version=&#8220;4.16&#8243; _module_preset=&#8220;default&#8220; global_colors_info=&#8220;{}&#8220; custom_margin=&#8220;-30px|auto||auto||&#8220;][et_pb_column type=&#8220;4_4&#8243; _builder_version=&#8220;4.16&#8243; _module_preset=&#8220;default&#8220; global_colors_info=&#8220;{}&#8220;][et_pb_text _builder_version=&#8220;4.25.0&#8243; _module_preset=&#8220;default&#8220; hover_enabled=&#8220;0&#8243; global_colors_info=&#8220;{}&#8220; custom_padding=&#8220;0px|||||&#8220; sticky_enabled=&#8220;0&#8243;]<\/p>\n<p><span style=\"color: #ff6600;\">Seit 2026 bieten wir keine offiziellen Practitioner Ausbildungen an &#8211; doch gerne f\u00fcr ein Team o.\u00e4. nach spezifischen W\u00fcnschen.<\/span><br \/><span style=\"color: #ff6600;\">2026 stehen noch 2x NLP Master Stufen f\u00fcr Sie offen &#8211; siehe <a href=\"https:\/\/nlp-core.ch\/index.php\/core-nlp-master-2\/\">NLP Master<\/a>.<\/span><\/p>\n<p><span style=\"color: #ff6600;\">Beginn:<br \/>+\u00a0 <\/span><span style=\"color: #ff6600;\">Januar 26<br \/>+\u00a0 September 26<\/span><span style=\"color: #ff6600;\"><\/span><\/p>\n<p><span style=\"color: #ff6600;\">Ebenso findet 4x j\u00e4hrlich ein <a href=\"https:\/\/nlp-core.ch\/index.php\/core-supervisionen-und-workshops\/\">Supervisionsstag<\/a> statt.<\/span><\/p>\n<p><span style=\"color: #ff6600;\">Consulting: wenn Sie auf der Suche sind nach einer Weiterbildung im Bereich Coaching, beraten wir Sie gerne.<\/span><\/p>\n<p>[\/et_pb_text][\/et_pb_column][\/et_pb_row][et_pb_row _builder_version=&#8220;4.16&#8243; _module_preset=&#8220;default&#8220; global_colors_info=&#8220;{}&#8220;][et_pb_column type=&#8220;4_4&#8243; _builder_version=&#8220;4.16&#8243; _module_preset=&#8220;default&#8220; global_colors_info=&#8220;{}&#8220;][et_pb_text _builder_version=&#8220;4.16&#8243; _module_preset=&#8220;default&#8220; global_colors_info=&#8220;{}&#8220;]<\/p>\n<p>NLP zum Kennenlernen: Modul NLP 1 als Grundlagen des Neuro-Linguistischen Programmierens \u2013 NLP zum Kennen lernen &#8211; Einf\u00fchrung in das NLP CORE Trialogkonzept als Erg\u00e4nzung und Alternative zum Traditions-NLP<\/p>\n<p>Das Basisseminar bietet einen \u00dcberblick und eine praktische Einf\u00fchrung in die Methoden des NLP. Die Erg\u00e4nzung zum traditionellen NLP &#8211; das NLP CORE Trialogkonzept seit 2003 &#8211; wird auf Wunsch online erweitert und erg\u00e4nzt. Ein zus\u00e4tzlicher Nutzen \/ added value zum herk\u00f6mmlichen NLP (vgl. auch Homepage)<\/p>\n<ul>\n<li>Erweiterung der Wahrnehmung durch bessere Nutzung aller Sinne<\/li>\n<li>Sprache und Verhaltens\u00e4nderung<\/li>\n<li>\u00c4ussere (physiologische) Hinweise auf inneres Denken und F\u00fchlen<\/li>\n<li>Ankern und die Aktivierung energievoller Zust\u00e4nde<\/li>\n<li>Verketten von Ankern (chaining)<\/li>\n<li>Rapport, Angleichen und F\u00fchren zur Verbesserung zwischenmenschlicher Kommunikation<\/li>\n<li>erh\u00f6hte Handlungskompetenz durch wohlgeformte Zielbestimmung<\/li>\n<\/ul>\n<p>Warum als Erg\u00e4nzung \/ Alternative das NLP CORE Trialogkonzept &#8211; wozu, in welcher Form, mit welchen zus\u00e4tzlichen medialen Werkzeugen (CORE-Teams, CORE LernWebsites seit 2008, Micro-Learning Tools zum Selberlernen usw)<\/p>\n<p><b>Voraussetzungen:<\/b> <br \/>Bereitschaft, sich auf neue Prozesse einzulassen. Interesse das traditionelle NLP zu hinterfragen &#8211; NLP kompetent konstruktiv kritisch &#8211; <a href=\"https:\/\/nlp-core.ch\">siehe Homepage &#8211; Ausf\u00fchrungsformen: <br \/>Einf\u00fchrungsseminar (NLP 1) als Voraussetzung f\u00fcr die Weiterf\u00fchrung zum NLP Practitioner (Module NLP 2-10) nach DVNLP-Zertifikat, In-House-Seminare zugeschnitten auf den spezifischen Bedarf von Organisationen und HR-Abteilungen, Workshops, Online-Seminare.<\/a>\u00a0<\/p>\n<p>[\/et_pb_text][\/et_pb_column][\/et_pb_row][et_pb_row column_structure=&#8220;3_5,2_5&#8243; _builder_version=&#8220;4.16&#8243; _module_preset=&#8220;default&#8220; global_colors_info=&#8220;{}&#8220;][et_pb_column type=&#8220;3_5&#8243; _builder_version=&#8220;4.16&#8243; _module_preset=&#8220;default&#8220; global_colors_info=&#8220;{}&#8220;][et_pb_image src=&#8220;https:\/\/nlp-core.ch\/wp-content\/uploads\/2021\/04\/Google-Suite-Geteilte-Ablagen.png&#8220; title_text=&#8220;Google Suite Geteilte Ablagen&#8220; _builder_version=&#8220;4.16&#8243; _module_preset=&#8220;default&#8220; width=&#8220;100%&#8220; box_shadow_style=&#8220;preset1&#8243; global_colors_info=&#8220;{}&#8220;][\/et_pb_image][\/et_pb_column][et_pb_column type=&#8220;2_5&#8243; _builder_version=&#8220;4.16&#8243; _module_preset=&#8220;default&#8220; global_colors_info=&#8220;{}&#8220;][\/et_pb_column][\/et_pb_row][\/et_pb_section]<\/p>\n","protected":false},"excerpt":{"rendered":"<p>Seit 2026 bieten wir keine offiziellen Practitioner Ausbildungen an &#8211; doch gerne f\u00fcr ein Team o.\u00e4. nach spezifischen W\u00fcnschen.2026 stehen noch 2x NLP Master Stufen f\u00fcr Sie offen &#8211; siehe NLP Master. Beginn:+\u00a0 Januar 26+\u00a0 September 26 Ebenso findet 4x j\u00e4hrlich ein Supervisionsstag statt. Consulting: wenn Sie auf der Suche sind nach einer Weiterbildung im [&hellip;]<\/p>\n","protected":false},"author":1,"featured_media":0,"parent":0,"menu_order":0,"comment_status":"closed","ping_status":"closed","template":"","meta":{"_et_pb_use_builder":"on","_et_pb_old_content":"","_et_gb_content_width":"","footnotes":""},"class_list":["post-4711","page","type-page","status-publish","hentry"],"_links":{"self":[{"href":"https:\/\/nlp-core.ch\/index.php\/wp-json\/wp\/v2\/pages\/4711","targetHints":{"allow":["GET"]}}],"collection":[{"href":"https:\/\/nlp-core.ch\/index.php\/wp-json\/wp\/v2\/pages"}],"about":[{"href":"https:\/\/nlp-core.ch\/index.php\/wp-json\/wp\/v2\/types\/page"}],"author":[{"embeddable":true,"href":"https:\/\/nlp-core.ch\/index.php\/wp-json\/wp\/v2\/users\/1"}],"replies":[{"embeddable":true,"href":"https:\/\/nlp-core.ch\/index.php\/wp-json\/wp\/v2\/comments?post=4711"}],"version-history":[{"count":29,"href":"https:\/\/nlp-core.ch\/index.php\/wp-json\/wp\/v2\/pages\/4711\/revisions"}],"predecessor-version":[{"id":242977,"href":"https:\/\/nlp-core.ch\/index.php\/wp-json\/wp\/v2\/pages\/4711\/revisions\/242977"}],"wp:attachment":[{"href":"https:\/\/nlp-core.ch\/index.php\/wp-json\/wp\/v2\/media?parent=4711"}],"curies":[{"name":"wp","href":"https:\/\/api.w.org\/{rel}","templated":true}]}}