{"id":4655,"date":"2021-05-01T20:42:07","date_gmt":"2021-05-01T20:42:07","guid":{"rendered":"https:\/\/nlp-core.ch\/?page_id=4655"},"modified":"2021-05-01T21:01:42","modified_gmt":"2021-05-01T21:01:42","slug":"systemisches-nlp-management-1","status":"publish","type":"page","link":"https:\/\/nlp-core.ch\/index.php\/systemisches-nlp-management-1\/","title":{"rendered":"Systemisches NLP Management 1-&#8230;"},"content":{"rendered":"<p>[et_pb_section fb_built=&#8220;1&#8243; admin_label=&#8220;Services&#8220; _builder_version=&#8220;3.22&#8243; custom_margin=&#8220;|||&#8220; custom_padding=&#8220;100px|0px|100px|0px&#8220;][et_pb_row _builder_version=&#8220;4.9.4&#8243; _module_preset=&#8220;default&#8220; transform_scale=&#8220;102%|102%&#8220; transform_translate=&#8220;8px|-96px&#8220; transform_rotate=&#8220;3deg|0deg|352deg&#8220;][et_pb_column type=&#8220;4_4&#8243; _builder_version=&#8220;4.9.4&#8243; _module_preset=&#8220;default&#8220;][et_pb_image src=&#8220;https:\/\/nlp-core.ch\/wp-content\/uploads\/2021\/04\/Google-Suite-Geteilte-Ablagen.png&#8220; title_text=&#8220;Google Suite Geteilte Ablagen&#8220; align=&#8220;right&#8220; _builder_version=&#8220;4.9.4&#8243; _module_preset=&#8220;default&#8220; transform_scale=&#8220;120%|120%&#8220; transform_translate=&#8220;-7px|35px&#8220; transform_rotate=&#8220;349deg|332deg|5deg&#8220; transform_skew=&#8220;-3deg|-3deg&#8220; animation_style=&#8220;fade&#8220; hover_enabled=&#8220;0&#8243; border_color_all=&#8220;#E02B20&#8243; sticky_enabled=&#8220;0&#8243;][\/et_pb_image][\/et_pb_column][\/et_pb_row][et_pb_row _builder_version=&#8220;4.9.4&#8243; _module_preset=&#8220;default&#8220;][et_pb_column type=&#8220;4_4&#8243; _builder_version=&#8220;4.9.4&#8243; _module_preset=&#8220;default&#8220;][et_pb_text _builder_version=&#8220;4.9.4&#8243; _module_preset=&#8220;default&#8220; background_color=&#8220;RGBA(0,0,0,0)&#8220; box_shadow_style=&#8220;preset1&#8243;]<\/p>\n<p><span style=\"color: rgba(51, 51, 51, 0.5);\">&#8222;Wer nichts weiss muss alles glauben!&#8220; (Science Busters)<\/span><\/p>\n<p>[\/et_pb_text][\/et_pb_column][\/et_pb_row][et_pb_row column_structure=&#8220;1_2,1_2&#8243; _builder_version=&#8220;4.9.4&#8243; custom_padding=&#8220;|||&#8220; animation_style=&#8220;fade&#8220; hover_enabled=&#8220;0&#8243; background_color=&#8220;#e8e8e8&#8243; sticky_enabled=&#8220;0&#8243;][et_pb_column type=&#8220;1_2&#8243; _builder_version=&#8220;3.25&#8243; custom_padding=&#8220;1px|||&#8220; custom_padding__hover=&#8220;|||&#8220;][et_pb_text _builder_version=&#8220;4.9.4&#8243; text_font=&#8220;||||||||&#8220; header_font=&#8220;||||||||&#8220; header_2_font=&#8220;Playfair Display|700|||||||&#8220; header_2_font_size=&#8220;38px&#8220; header_2_letter_spacing=&#8220;1px&#8220; header_2_line_height=&#8220;1.4em&#8220; header_3_font=&#8220;Poppins|700||on|||||&#8220; header_3_text_color=&#8220;#edbb5f&#8220; header_3_font_size=&#8220;14px&#8220; header_3_letter_spacing=&#8220;1px&#8220; header_3_line_height=&#8220;2em&#8220; locked=&#8220;off&#8220;]<\/p>\n<h3><\/h3>\n<h2>Kiss nlp &#8211; NLP CORE Clouds &#8211; z.B. Google Suite <\/h2>\n<p>[\/et_pb_text][et_pb_divider color=&#8220;#edbb5f&#8220; divider_weight=&#8220;2px&#8220; _builder_version=&#8220;3.2&#8243; max_width=&#8220;60px&#8220; module_alignment=&#8220;left&#8220; height=&#8220;2px&#8220; locked=&#8220;off&#8220;][\/et_pb_divider][et_pb_text _builder_version=&#8220;4.9.4&#8243; text_font=&#8220;Poppins||||||||&#8220; text_font_size=&#8220;16px&#8220; text_letter_spacing=&#8220;1px&#8220; text_line_height=&#8220;2em&#8220; max_width=&#8220;550px&#8220; custom_padding=&#8220;4px|||||&#8220; locked=&#8220;off&#8220;]<\/p>\n<p>&#8222;Der Unterschied von CORE NLP und NLP CORE wurde auf der <span style=\"text-decoration: underline;\"><a href=\"https:\/\/nlp-core.ch\">Homepage<\/a><\/span> erl\u00e4utert. NLP CORE: &#8222;Kiss NLP&#8220; und &#8222;Control NLP&#8220;. Jetzt geht es in weitere Optionen f\u00fcr CORE-Kunden\/innen.\u00a0 DVNLP- und anders zertifizierte traditionelle NLP Ausbildungen aus der Perspektive von NLP CORE. Added Value \/ Zusatznutzen f\u00fcr CORE-interne und CORE-externe Anwender. Dies mit Konzepten \u00a0 Lernender Organisationen, des Qualit\u00e4tsmanagements (TQM) und Kontinuierlicher Verbesserungs-Prozesse (KVP).\u00a0 &#8222;NLP-Universit\u00e4g&#8220;:\u00a0 das traditionell zertifizierte NLP wird mit seri\u00f6sen Kriterien aus Wissenschaft und Forschung &#8222;getaggt&#8220; und umgedeutet (reframet). Der Kern des NLP (&#8222;NLP CORE&#8220;) wird transparent und nachvollziehbar. Finis NLP <span style=\"text-decoration: underline;\"><a href=\"https:\/\/www.google.com\/search?q=harry+frankfurt+on+bullshit&amp;client=firefox-b-d&amp;sxsrf=ALeKk026A2cwiN6isehpy9KkVjQ2OBOmkw%3A1619533956507&amp;ei=hCCIYP6XHsr8kwXvyKbQDA&amp;oq=harry+frankfurt+on+bullshit&amp;gs_lcp=Cgdnd3Mtd2l6EANQitkBWKj7AWCQhwJoAnAAeACAAdsCiAHABZIBBTUuMy0xmAEAoAEBqgEHZ3dzLXdpesABAQ&amp;sclient=gws-wiz&amp;ved=0ahUKEwj-6baR0p7wAhVK_qQKHW-kCcoQ4dUDCA0&amp;uact=5\">Bullshit.<\/a><\/span><\/p>\n<p>[\/et_pb_text][\/et_pb_column][et_pb_column type=&#8220;1_2&#8243; _builder_version=&#8220;3.25&#8243; custom_padding=&#8220;1px|||&#8220; custom_padding__hover=&#8220;|||&#8220;][et_pb_image src=&#8220;https:\/\/nlp-core.ch\/wp-content\/uploads\/2021\/04\/Wer-nichts-weiss-muss-alles-glauben.jpg&#8220; _builder_version=&#8220;4.9.4&#8243; _module_preset=&#8220;default&#8220; custom_padding=&#8220;|578px||||&#8220;][\/et_pb_image][\/et_pb_column][\/et_pb_row][\/et_pb_section][et_pb_section fb_built=&#8220;1&#8243; admin_label=&#8220;Contact&#8220; _builder_version=&#8220;3.22&#8243; background_image=&#8220;https:\/\/nlp-core.ch\/wp-content\/uploads\/2021\/04\/consutant-03.jpg&#8220; custom_margin=&#8220;|||&#8220; custom_padding=&#8220;0px|0px|0px|0px&#8220; box_shadow_style=&#8220;preset7&#8243; box_shadow_horizontal=&#8220;0px&#8220; box_shadow_vertical=&#8220;80px&#8220; box_shadow_color=&#8220;#ffffff&#8220;][\/et_pb_section][et_pb_section fb_built=&#8220;1&#8243; admin_label=&#8220;Services&#8220; _builder_version=&#8220;3.22&#8243; custom_margin=&#8220;|||&#8220; custom_padding=&#8220;100px|0px|100px|0px&#8220;][et_pb_row column_structure=&#8220;1_3,2_3&#8243; _builder_version=&#8220;3.25&#8243; custom_padding=&#8220;|||&#8220; animation_style=&#8220;fade&#8220;][et_pb_column type=&#8220;1_3&#8243; _builder_version=&#8220;3.25&#8243; custom_padding=&#8220;1px|||&#8220; custom_padding__hover=&#8220;|||&#8220;][et_pb_text _builder_version=&#8220;4.9.4&#8243; text_font=&#8220;||||||||&#8220; header_font=&#8220;||||||||&#8220; header_2_font=&#8220;Playfair Display|700|||||||&#8220; header_2_font_size=&#8220;38px&#8220; header_2_letter_spacing=&#8220;1px&#8220; header_2_line_height=&#8220;1.4em&#8220; header_3_font=&#8220;Poppins|700||on|||||&#8220; header_3_text_color=&#8220;#edbb5f&#8220; header_3_font_size=&#8220;14px&#8220; header_3_letter_spacing=&#8220;1px&#8220; header_3_line_height=&#8220;2em&#8220; locked=&#8220;off&#8220;]<\/p>\n<h3><\/h3>\n<h2><span style=\"font-size: medium;\">Control\u00a0 nlp &#8211; NLP CORE Lernwebsites seit 2008<\/span><\/h2>\n<p>[\/et_pb_text][\/et_pb_column][et_pb_column type=&#8220;2_3&#8243; _builder_version=&#8220;3.25&#8243; custom_padding=&#8220;5%|||&#8220; custom_padding__hover=&#8220;|||&#8220;][et_pb_blurb title=&#8220;Startnlp &#8211; Ein NLP Projekt von ca. 2015&#8243; use_icon=&#8220;on&#8220; font_icon=&#8220;%%221%%&#8220; icon_color=&#8220;#ffffff&#8220; use_circle=&#8220;on&#8220; circle_color=&#8220;#edbb5f&#8220; icon_placement=&#8220;left&#8220; content_max_width=&#8220;1100%&#8220; use_icon_font_size=&#8220;on&#8220; icon_font_size=&#8220;25px&#8220; _builder_version=&#8220;4.9.4&#8243; header_font=&#8220;Poppins|700||on|||||&#8220; header_font_size=&#8220;14px&#8220; header_letter_spacing=&#8220;1px&#8220; header_line_height=&#8220;1.8em&#8220; body_font=&#8220;Poppins||||||||&#8220; body_letter_spacing=&#8220;1px&#8220; body_line_height=&#8220;1.8em&#8220; background_color=&#8220;#ffffff&#8220; text_orientation=&#8220;center&#8220; custom_margin=&#8220;|12%|20px|12%&#8220; custom_padding=&#8220;20px|20px|20px|20px&#8220; filter_opacity=&#8220;50%&#8220; filter_blur=&#8220;1px&#8220; animation_style=&#8220;zoom&#8220; animation_direction=&#8220;bottom&#8220; animation_delay=&#8220;100ms&#8220; animation_intensity_zoom=&#8220;30%&#8220; animation=&#8220;off&#8220; link_option_url=&#8220;https:\/\/nlp-core.ch\/startnlp\/nlp-einfuehrung-erster-nlp-block\/&#8220; link_option_url_new_window=&#8220;on&#8220; border_style_all=&#8220;dashed&#8220; box_shadow_style=&#8220;preset3&#8243; box_shadow_vertical=&#8220;15px&#8220; box_shadow_blur=&#8220;80px&#8220; box_shadow_color=&#8220;rgba(0,0,0,0.2)&#8220;]<\/p>\n<p>Beispiele f\u00fcr NLP CORE LernWebsites.<\/p>\n<p>&nbsp;<\/p>\n<p>[\/et_pb_blurb][et_pb_blurb title=&#8220;Kritisches NLP W\u00f6rterbuch (Pilotprojekt)&#8220; use_icon=&#8220;on&#8220; font_icon=&#8220;%%134%%&#8220; icon_color=&#8220;#ffffff&#8220; use_circle=&#8220;on&#8220; circle_color=&#8220;#edbb5f&#8220; icon_placement=&#8220;left&#8220; content_max_width=&#8220;1100%&#8220; use_icon_font_size=&#8220;on&#8220; icon_font_size=&#8220;25px&#8220; _builder_version=&#8220;4.9.4&#8243; header_font=&#8220;Poppins|700||on|||||&#8220; header_font_size=&#8220;14px&#8220; header_letter_spacing=&#8220;1px&#8220; header_line_height=&#8220;1.8em&#8220; body_font=&#8220;Poppins||||||||&#8220; body_letter_spacing=&#8220;1px&#8220; body_line_height=&#8220;1.8em&#8220; background_color=&#8220;#ffffff&#8220; text_orientation=&#8220;center&#8220; custom_margin=&#8220;|4%|20px|4%&#8220; custom_padding=&#8220;20px|20px|20px|20px&#8220; filter_opacity=&#8220;80%&#8220; animation_style=&#8220;zoom&#8220; animation_direction=&#8220;bottom&#8220; animation_delay=&#8220;50ms&#8220; animation_intensity_zoom=&#8220;30%&#8220; animation=&#8220;off&#8220; link_option_url=&#8220;https:\/\/nlp-core.ch\/startnlp\/nlp-woerterbuch-2\/&#8220; link_option_url_new_window=&#8220;on&#8220; border_style_all=&#8220;dashed&#8220; box_shadow_style=&#8220;preset3&#8243; box_shadow_vertical=&#8220;15px&#8220; box_shadow_blur=&#8220;80px&#8220; box_shadow_color=&#8220;rgba(0,0,0,0.2)&#8220;]<\/p>\n<p>Beispiele f\u00fcr NLP CORE LernWebsites<\/p>\n<p>&nbsp;<\/p>\n<p>[\/et_pb_blurb][et_pb_blurb title=&#8220;Tagesanzeiger Interview Professor Kanning, Wirtschaftspsychologe zu NLP&#8220; use_icon=&#8220;on&#8220; font_icon=&#8220;%%231%%&#8220; icon_color=&#8220;#ffffff&#8220; use_circle=&#8220;on&#8220; circle_color=&#8220;#edbb5f&#8220; icon_placement=&#8220;left&#8220; content_max_width=&#8220;800px&#8220; use_icon_font_size=&#8220;on&#8220; icon_font_size=&#8220;25px&#8220; _builder_version=&#8220;4.9.4&#8243; header_font=&#8220;Poppins|700||on|||||&#8220; header_font_size=&#8220;14px&#8220; header_letter_spacing=&#8220;1px&#8220; header_line_height=&#8220;1.8em&#8220; body_font=&#8220;Poppins||||||||&#8220; body_letter_spacing=&#8220;1px&#8220; body_line_height=&#8220;1.8em&#8220; background_color=&#8220;#ffffff&#8220; text_orientation=&#8220;center&#8220; custom_margin=&#8220;30px||30px|&#8220; custom_padding=&#8220;40px|30px|40px|30px&#8220; animation_style=&#8220;zoom&#8220; animation_intensity_zoom=&#8220;30%&#8220; animation=&#8220;off&#8220; link_option_url=&#8220;https:\/\/nlp-core.ch\/startnlp\/tagesanzeiger-interview-professor-kanning-wirtschaftspsychologe-jetzt-wird-es-richtig-spekulativ\/&#8220; border_style_all=&#8220;dashed&#8220; box_shadow_style=&#8220;preset3&#8243; box_shadow_vertical=&#8220;15px&#8220; box_shadow_blur=&#8220;80px&#8220; box_shadow_color=&#8220;rgba(0,0,0,0.2)&#8220;]<\/p>\n<p>Beispiele f\u00fcr NLP CORE LernWebsites<\/p>\n<p>[\/et_pb_blurb][et_pb_blurb title=&#8220;Kognitive Landkarte NLP und CORE Trialog&#8220; use_icon=&#8220;on&#8220; font_icon=&#8220;%%234%%&#8220; icon_color=&#8220;#ffffff&#8220; use_circle=&#8220;on&#8220; circle_color=&#8220;#edbb5f&#8220; icon_placement=&#8220;left&#8220; content_max_width=&#8220;1100%&#8220; use_icon_font_size=&#8220;on&#8220; icon_font_size=&#8220;25px&#8220; _builder_version=&#8220;4.9.4&#8243; header_font=&#8220;Poppins|700||on|||||&#8220; header_font_size=&#8220;14px&#8220; header_letter_spacing=&#8220;1px&#8220; header_line_height=&#8220;1.8em&#8220; body_font=&#8220;Poppins||||||||&#8220; body_letter_spacing=&#8220;1px&#8220; body_line_height=&#8220;1.8em&#8220; background_color=&#8220;#ffffff&#8220; text_orientation=&#8220;center&#8220; custom_margin=&#8220;|4%|20px|4%&#8220; custom_padding=&#8220;20px|20px|20px|20px&#8220; filter_opacity=&#8220;80%&#8220; animation_style=&#8220;zoom&#8220; animation_direction=&#8220;bottom&#8220; animation_delay=&#8220;50ms&#8220; animation_intensity_zoom=&#8220;30%&#8220; animation=&#8220;off&#8220; link_option_url=&#8220;https:\/\/nlp-core.ch\/nlp_deutschland\/&#8220; border_style_all=&#8220;dashed&#8220; box_shadow_style=&#8220;preset3&#8243; box_shadow_vertical=&#8220;15px&#8220; box_shadow_blur=&#8220;80px&#8220; box_shadow_color=&#8220;rgba(0,0,0,0.2)&#8220;]<\/p>\n<p>Beispiele f\u00fcr NLP CORE LernWebsites<\/p>\n<p>[\/et_pb_blurb][et_pb_blurb title=&#8220;Kognitive Landkarte Links NLP und CORE Trialog&#8220; use_icon=&#8220;on&#8220; font_icon=&#8220;%%276%%&#8220; icon_color=&#8220;#ffffff&#8220; use_circle=&#8220;on&#8220; circle_color=&#8220;#edbb5f&#8220; icon_placement=&#8220;left&#8220; content_max_width=&#8220;1100%&#8220; use_icon_font_size=&#8220;on&#8220; icon_font_size=&#8220;25px&#8220; _builder_version=&#8220;4.9.4&#8243; header_font=&#8220;Poppins|700||on|||||&#8220; header_font_size=&#8220;14px&#8220; header_letter_spacing=&#8220;1px&#8220; header_line_height=&#8220;1.8em&#8220; body_font=&#8220;Poppins||||||||&#8220; body_letter_spacing=&#8220;1px&#8220; body_line_height=&#8220;1.8em&#8220; background_color=&#8220;#ffffff&#8220; text_orientation=&#8220;center&#8220; custom_margin=&#8220;|12%|20px|12%&#8220; custom_padding=&#8220;20px|20px|20px|20px&#8220; filter_opacity=&#8220;50%&#8220; filter_blur=&#8220;1px&#8220; animation_style=&#8220;zoom&#8220; animation_direction=&#8220;bottom&#8220; animation_delay=&#8220;100ms&#8220; animation_intensity_zoom=&#8220;30%&#8220; animation=&#8220;off&#8220; link_option_url=&#8220;https:\/\/nlp-core.ch\/Vue-copy-copy.html&#8220; border_style_all=&#8220;dashed&#8220; box_shadow_style=&#8220;preset3&#8243; box_shadow_vertical=&#8220;15px&#8220; box_shadow_blur=&#8220;80px&#8220; box_shadow_color=&#8220;rgba(0,0,0,0.2)&#8220;]<\/p>\n<p>Beispiele f\u00fcr NLP CORE LernWebsites<\/p>\n<p>Auf der &#8222;R\u00fcckseite&#8220; werden weitere Links zu CORE LernWebsites angeboten.<\/p>\n<p>[\/et_pb_blurb][et_pb_blurb title=&#8220;NLP CORE Men\u00fc&#8220; use_icon=&#8220;on&#8220; font_icon=&#8220;%%276%%&#8220; icon_color=&#8220;#ffffff&#8220; use_circle=&#8220;on&#8220; circle_color=&#8220;#edbb5f&#8220; icon_placement=&#8220;left&#8220; content_max_width=&#8220;1100%&#8220; use_icon_font_size=&#8220;on&#8220; icon_font_size=&#8220;25px&#8220; _builder_version=&#8220;4.9.4&#8243; header_font=&#8220;Poppins|700||on|||||&#8220; header_font_size=&#8220;14px&#8220; header_letter_spacing=&#8220;1px&#8220; header_line_height=&#8220;1.8em&#8220; body_font=&#8220;Poppins||||||||&#8220; body_letter_spacing=&#8220;1px&#8220; body_line_height=&#8220;1.8em&#8220; background_color=&#8220;#ffffff&#8220; text_orientation=&#8220;center&#8220; custom_margin=&#8220;|12%|20px|12%&#8220; custom_padding=&#8220;20px|20px|7px|20px||&#8220; filter_opacity=&#8220;50%&#8220; filter_blur=&#8220;1px&#8220; animation_style=&#8220;zoom&#8220; animation_direction=&#8220;bottom&#8220; animation_delay=&#8220;100ms&#8220; animation_intensity_zoom=&#8220;30%&#8220; animation=&#8220;off&#8220; link_option_url=&#8220;https:\/\/nlp-core.ch\/startnlp\/nlp-woerterbuch\/&#8220; border_style_all=&#8220;dashed&#8220; box_shadow_style=&#8220;preset3&#8243; box_shadow_vertical=&#8220;15px&#8220; box_shadow_blur=&#8220;80px&#8220; box_shadow_color=&#8220;rgba(0,0,0,0.2)&#8220;]<\/p>\n<p>Beispiele f\u00fcr NLP CORE LernWebsites<\/p>\n<p>[\/et_pb_blurb][\/et_pb_column][\/et_pb_row][\/et_pb_section][et_pb_section fb_built=&#8220;1&#8243; admin_label=&#8220;Contact&#8220; _builder_version=&#8220;3.22&#8243; background_image=&#8220;https:\/\/nlp-core.ch\/wp-content\/uploads\/2021\/04\/consutant-03.jpg&#8220; custom_margin=&#8220;|||&#8220; custom_padding=&#8220;0px|0px|0px|0px&#8220; box_shadow_style=&#8220;preset7&#8243; box_shadow_horizontal=&#8220;0px&#8220; box_shadow_vertical=&#8220;80px&#8220; box_shadow_color=&#8220;#ffffff&#8220;][et_pb_row _builder_version=&#8220;4.9.4&#8243; _module_preset=&#8220;default&#8220;][et_pb_column type=&#8220;4_4&#8243; _builder_version=&#8220;4.9.4&#8243; _module_preset=&#8220;default&#8220;][et_pb_blurb title=&#8220;Under Construction &#8211; kleiner Auszug aus NLP CORE LernWebsites&#8220; image=&#8220;https:\/\/nlp-core.ch\/wp-content\/uploads\/2021\/04\/Mentale-Mentoren-neu.png&#8220; _builder_version=&#8220;4.9.4&#8243; _module_preset=&#8220;default&#8220;]<\/p>\n<p>Dies sind nur wenige Beispiele aus der F\u00fclle von NLP CORE LernWebsites. Diese Websites entstanden parallel zu den Ausbildungen in den letzten ca. 15 Jahren als Erg\u00e4nzung und Alternative zum Traditions-NLP. Z.T. haben sie noch einen anheimelnden oder irritierenden &#8222;Retro-Look&#8220; &#8211; und landen demn\u00e4chst im wohlverdienten NLP CORE Archiv. Wir bitten um Verst\u00e4ndnis: Einige Links und Webseiten k\u00f6nnten aufgrund des Alter(n)s gebrechlich sein. Gleichwohl zeigen diese NLP CORE LernWebsites: Wir verfolgen einen KVP &#8211; Kontinuierlichen Verbesserungsprozess. CORE NLP seit 1995. NLP CORE Trialog seit 2003.<\/p>\n<p>[\/et_pb_blurb][\/et_pb_column][\/et_pb_row][\/et_pb_section]<\/p>\n","protected":false},"excerpt":{"rendered":"<p>&#8222;Wer nichts weiss muss alles glauben!&#8220; (Science Busters) Kiss nlp &#8211; NLP CORE Clouds &#8211; z.B. Google Suite &#8222;Der Unterschied von CORE NLP und NLP CORE wurde auf der Homepage erl\u00e4utert. NLP CORE: &#8222;Kiss NLP&#8220; und &#8222;Control NLP&#8220;. Jetzt geht es in weitere Optionen f\u00fcr CORE-Kunden\/innen.\u00a0 DVNLP- und anders zertifizierte traditionelle NLP Ausbildungen aus der [&hellip;]<\/p>\n","protected":false},"author":1,"featured_media":0,"parent":0,"menu_order":0,"comment_status":"closed","ping_status":"closed","template":"","meta":{"_et_pb_use_builder":"on","_et_pb_old_content":"","_et_gb_content_width":"","footnotes":""},"class_list":["post-4655","page","type-page","status-publish","hentry"],"_links":{"self":[{"href":"https:\/\/nlp-core.ch\/index.php\/wp-json\/wp\/v2\/pages\/4655","targetHints":{"allow":["GET"]}}],"collection":[{"href":"https:\/\/nlp-core.ch\/index.php\/wp-json\/wp\/v2\/pages"}],"about":[{"href":"https:\/\/nlp-core.ch\/index.php\/wp-json\/wp\/v2\/types\/page"}],"author":[{"embeddable":true,"href":"https:\/\/nlp-core.ch\/index.php\/wp-json\/wp\/v2\/users\/1"}],"replies":[{"embeddable":true,"href":"https:\/\/nlp-core.ch\/index.php\/wp-json\/wp\/v2\/comments?post=4655"}],"version-history":[{"count":4,"href":"https:\/\/nlp-core.ch\/index.php\/wp-json\/wp\/v2\/pages\/4655\/revisions"}],"predecessor-version":[{"id":4666,"href":"https:\/\/nlp-core.ch\/index.php\/wp-json\/wp\/v2\/pages\/4655\/revisions\/4666"}],"wp:attachment":[{"href":"https:\/\/nlp-core.ch\/index.php\/wp-json\/wp\/v2\/media?parent=4655"}],"curies":[{"name":"wp","href":"https:\/\/api.w.org\/{rel}","templated":true}]}}