{"id":4640,"date":"2021-04-30T21:16:25","date_gmt":"2021-04-30T21:16:25","guid":{"rendered":"https:\/\/nlp-core.ch\/?page_id=4640"},"modified":"2021-05-01T21:10:05","modified_gmt":"2021-05-01T21:10:05","slug":"4640-2","status":"publish","type":"page","link":"https:\/\/nlp-core.ch\/index.php\/4640-2\/","title":{"rendered":"NLP CORE systemisch 1"},"content":{"rendered":"<p>[et_pb_section fb_built=&#8220;1&#8243; _builder_version=&#8220;4.9.4&#8243; _module_preset=&#8220;default&#8220;][et_pb_row _builder_version=&#8220;4.9.4&#8243; _module_preset=&#8220;default&#8220;][et_pb_column type=&#8220;4_4&#8243; _builder_version=&#8220;4.9.4&#8243; _module_preset=&#8220;default&#8220;][et_pb_image src=&#8220;https:\/\/nlp-core.ch\/wp-content\/uploads\/2021\/04\/Systemische-Zu-Unterordnung-des-NLP.png&#8220; title_text=&#8220;Systemische Zu- Unterordnung des NLP&#8220; _builder_version=&#8220;4.9.4&#8243; _module_preset=&#8220;default&#8220;][\/et_pb_image][\/et_pb_column][\/et_pb_row][et_pb_row _builder_version=&#8220;4.9.4&#8243; _module_preset=&#8220;default&#8220;][et_pb_column type=&#8220;4_4&#8243; _builder_version=&#8220;4.9.4&#8243; _module_preset=&#8220;default&#8220;][et_pb_blurb title=&#8220;System &#8211; systemisch &#8211; systematisch&#8220; image=&#8220;data:image\/svg+xml;base64,PHN2ZyB3aWR0aD0iMTA4MCIgaGVpZ2h0PSI1NDAiIHZpZXdCb3g9IjAgMCAxMDgwIDU0MCIgeG1sbnM9Imh0dHA6Ly93d3cudzMub3JnLzIwMDAvc3ZnIj4KICAgIDxnIGZpbGw9Im5vbmUiIGZpbGwtcnVsZT0iZXZlbm9kZCI+CiAgICAgICAgPHBhdGggZmlsbD0iI0VCRUJFQiIgZD0iTTAgMGgxMDgwdjU0MEgweiIvPgogICAgICAgIDxwYXRoIGQ9Ik00NDUuNjQ5IDU0MGgtOTguOTk1TDE0NC42NDkgMzM3Ljk5NSAwIDQ4Mi42NDR2LTk4Ljk5NWwxMTYuMzY1LTExNi4zNjVjMTUuNjItMTUuNjIgNDAuOTQ3LTE1LjYyIDU2LjU2OCAwTDQ0NS42NSA1NDB6IiBmaWxsLW9wYWNpdHk9Ii4xIiBmaWxsPSIjMDAwIiBmaWxsLXJ1bGU9Im5vbnplcm8iLz4KICAgICAgICA8Y2lyY2xlIGZpbGwtb3BhY2l0eT0iLjA1IiBmaWxsPSIjMDAwIiBjeD0iMzMxIiBjeT0iMTQ4IiByPSI3MCIvPgogICAgICAgIDxwYXRoIGQ9Ik0xMDgwIDM3OXYxMTMuMTM3TDcyOC4xNjIgMTQwLjMgMzI4LjQ2MiA1NDBIMjE1LjMyNEw2OTkuODc4IDU1LjQ0NmMxNS42Mi0xNS42MiA0MC45NDgtMTUuNjIgNTYuNTY4IDBMMTA4MCAzNzl6IiBmaWxsLW9wYWNpdHk9Ii4yIiBmaWxsPSIjMDAwIiBmaWxsLXJ1bGU9Im5vbnplcm8iLz4KICAgIDwvZz4KPC9zdmc+Cg==&#8220; icon_placement=&#8220;left&#8220; _builder_version=&#8220;4.9.4&#8243; _module_preset=&#8220;default&#8220;]<\/p>\n<p>&nbsp;<\/p>\n<p><img loading=\"lazy\" decoding=\"async\" src=\"https:\/\/nlp-core.ch\/wp-content\/uploads\/2021\/04\/Ulrich-Probst-Ganzheitliches-Denken-und-Handeln-2019-12-12-232105-2019_12_15-13_20_20-UTC.png\" alt=\"\" class=\"wp-image-4473 aligncenter size-full\" width=\"164\" height=\"236\" \/><\/p>\n<p>Mit systemischen Mitteln und Methoden l\u00e4sst sich das traditionelle NLP einfach beschreiben: <strong>KISS NLP &#8211; Keep it small and simple &#8211; halte es klein und einfach<\/strong>. Das obige Netzwerk-Bild wurde in der NLP CORE Coaching-Ausbildung vor fast 10 Jahren eingesetzt. Hilfreich bei der systemischen Analyse und Modellierung des Traditions-NLP war ua die Anleitung zum ganzheitlichen Denken und Handeln \/ Brevier f\u00fcr F\u00fchrungskr\u00e4fte der <strong>Hochschule St. Gallen<\/strong>. Es ging u.a. darum, das NLP in einen gr\u00f6sseren Kontext ein-, zu- und unterzuordnen. So gelingt die Lenkung, Steuerung und Kontrolle von pers\u00f6nlichen NLP-Lernprozessen. Weitere Erl\u00e4uterungen unter diesem Hauptmen\u00fc.<\/p>\n<p>[\/et_pb_blurb][\/et_pb_column][\/et_pb_row][\/et_pb_section][et_pb_section fb_built=&#8220;1&#8243; _builder_version=&#8220;4.9.4&#8243; _module_preset=&#8220;default&#8220;][et_pb_row column_structure=&#8220;1_2,1_2&#8243; _builder_version=&#8220;4.9.4&#8243; _module_preset=&#8220;default&#8220;][et_pb_column type=&#8220;1_2&#8243; _builder_version=&#8220;4.9.4&#8243; _module_preset=&#8220;default&#8220;][et_pb_image src=&#8220;https:\/\/nlp-core.ch\/wp-content\/uploads\/2021\/04\/Systemischer-Berater-Coach-NLP-Startseite.png&#8220; title_text=&#8220;Systemischer Berater Coach NLP Startseite&#8220; url=&#8220;https:\/\/nlp-core.ch\/corecoach2013\/index.html&#8220; _builder_version=&#8220;4.9.4&#8243; _module_preset=&#8220;default&#8220;][\/et_pb_image][\/et_pb_column][et_pb_column type=&#8220;1_2&#8243; _builder_version=&#8220;4.9.4&#8243; _module_preset=&#8220;default&#8220;][et_pb_image url=&#8220;https:\/\/nlp-core.ch\/corecoach2013\/map.htm&#8220; _builder_version=&#8220;4.9.4&#8243; _module_preset=&#8220;default&#8220;][\/et_pb_image][et_pb_image src=&#8220;https:\/\/nlp-core.ch\/wp-content\/uploads\/2021\/04\/Systemischer-Berater-Coach-NLP-Inhaltsmap-Auszug.png&#8220; title_text=&#8220;Systemischer Berater Coach NLP Inhaltsmap Auszug&#8220; url=&#8220;https:\/\/nlp-core.ch\/corecoach2013\/contents.htm&#8220; _builder_version=&#8220;4.9.4&#8243; _module_preset=&#8220;default&#8220;][\/et_pb_image][\/et_pb_column][\/et_pb_row][et_pb_row _builder_version=&#8220;4.9.4&#8243; _module_preset=&#8220;default&#8220;][et_pb_column type=&#8220;4_4&#8243; _builder_version=&#8220;4.9.4&#8243; _module_preset=&#8220;default&#8220;][et_pb_image src=&#8220;https:\/\/nlp-core.ch\/wp-content\/uploads\/2021\/04\/Systemischer-Berater-Coach-NLP-Uebersichtsmap.png&#8220; title_text=&#8220;Systemischer Berater Coach NLP \u00dcbersichtsmap&#8220; url=&#8220;https:\/\/nlp-core.ch\/corecoach2013\/map.htm&#8220; _builder_version=&#8220;4.9.4&#8243; _module_preset=&#8220;default&#8220;][\/et_pb_image][\/et_pb_column][\/et_pb_row][\/et_pb_section][et_pb_section fb_built=&#8220;1&#8243; _builder_version=&#8220;4.9.4&#8243; _module_preset=&#8220;default&#8220;][et_pb_row _builder_version=&#8220;4.9.4&#8243; _module_preset=&#8220;default&#8220;][et_pb_column type=&#8220;4_4&#8243; _builder_version=&#8220;4.9.4&#8243; _module_preset=&#8220;default&#8220;][et_pb_text _builder_version=&#8220;4.9.4&#8243; _module_preset=&#8220;default&#8220; hover_enabled=&#8220;0&#8243; sticky_enabled=&#8220;0&#8243;]<\/p>\n<p>Bei den drei Grafiken handelt es sich um unterschiedliche Darstellungen der gleichen Inhalte &#8211; erstellt 2013 mit der Business-Software Mindmanager. Bitte per Click vergr\u00f6ssern. Diese Darstellungen haben den Sinn, eine (!) systemische Ein- und Zuordnung des traditionellen NLP vorzunehmen. Mehrere Links bieten dar\u00fcber hinaus Materialien zur Vertiefung. Insbesondere verweisen wir auf den <a href=\"https:\/\/nlp-core.ch\/corecoach2013\/index.html\">Einleitungstext auf der <span style=\"text-decoration: underline;\">Start-Seite.<\/span><\/a><\/p>\n<p>&nbsp;<\/p>\n<p>[\/et_pb_text][\/et_pb_column][\/et_pb_row][\/et_pb_section][et_pb_section fb_built=&#8220;1&#8243; _builder_version=&#8220;4.9.4&#8243; _module_preset=&#8220;default&#8220;][et_pb_row _builder_version=&#8220;4.9.4&#8243; _module_preset=&#8220;default&#8220;][et_pb_column type=&#8220;4_4&#8243; _builder_version=&#8220;4.9.4&#8243; _module_preset=&#8220;default&#8220;][et_pb_blurb title=&#8220;Under Construction &#8211; kleiner Auszug aus NLP CORE LernWebsites&#8220; image=&#8220;https:\/\/nlp-core.ch\/wp-content\/uploads\/2021\/04\/Mentale-Mentoren-neu.png&#8220; _builder_version=&#8220;4.9.4&#8243; _module_preset=&#8220;default&#8220;]<\/p>\n<p>Dies sind nur wenige Beispiele aus der F\u00fclle von NLP CORE LernWebsites. Diese Websites entstanden parallel zu den Ausbildungen in den letzten ca. 15 Jahren als Erg\u00e4nzung und Alternative zum Traditions-NLP. Z.T. haben sie noch einen anheimelnden oder irritierenden &#8222;Retro-Look&#8220; &#8211; und landen demn\u00e4chst im wohlverdienten NLP CORE Archiv. Wir bitten um Verst\u00e4ndnis: Einige Links und Webseiten k\u00f6nnten aufgrund des Alter(n)s gebrechlich sein. Gleichwohl zeigen diese NLP CORE LernWebsites: Wir verfolgen einen KVP &#8211; Kontinuierlichen Verbesserungsprozess. CORE NLP seit 1995. NLP CORE Trialog seit 2003.<\/p>\n<p>[\/et_pb_blurb][\/et_pb_column][\/et_pb_row][\/et_pb_section]<\/p>\n","protected":false},"excerpt":{"rendered":"<p>&nbsp; Mit systemischen Mitteln und Methoden l\u00e4sst sich das traditionelle NLP einfach beschreiben: KISS NLP &#8211; Keep it small and simple &#8211; halte es klein und einfach. Das obige Netzwerk-Bild wurde in der NLP CORE Coaching-Ausbildung vor fast 10 Jahren eingesetzt. Hilfreich bei der systemischen Analyse und Modellierung des Traditions-NLP war ua die Anleitung zum [&hellip;]<\/p>\n","protected":false},"author":1,"featured_media":0,"parent":0,"menu_order":0,"comment_status":"closed","ping_status":"closed","template":"","meta":{"_et_pb_use_builder":"on","_et_pb_old_content":"","_et_gb_content_width":"","footnotes":""},"class_list":["post-4640","page","type-page","status-publish","hentry"],"_links":{"self":[{"href":"https:\/\/nlp-core.ch\/index.php\/wp-json\/wp\/v2\/pages\/4640","targetHints":{"allow":["GET"]}}],"collection":[{"href":"https:\/\/nlp-core.ch\/index.php\/wp-json\/wp\/v2\/pages"}],"about":[{"href":"https:\/\/nlp-core.ch\/index.php\/wp-json\/wp\/v2\/types\/page"}],"author":[{"embeddable":true,"href":"https:\/\/nlp-core.ch\/index.php\/wp-json\/wp\/v2\/users\/1"}],"replies":[{"embeddable":true,"href":"https:\/\/nlp-core.ch\/index.php\/wp-json\/wp\/v2\/comments?post=4640"}],"version-history":[{"count":7,"href":"https:\/\/nlp-core.ch\/index.php\/wp-json\/wp\/v2\/pages\/4640\/revisions"}],"predecessor-version":[{"id":4669,"href":"https:\/\/nlp-core.ch\/index.php\/wp-json\/wp\/v2\/pages\/4640\/revisions\/4669"}],"wp:attachment":[{"href":"https:\/\/nlp-core.ch\/index.php\/wp-json\/wp\/v2\/media?parent=4640"}],"curies":[{"name":"wp","href":"https:\/\/api.w.org\/{rel}","templated":true}]}}