{"id":4357,"date":"2021-04-26T20:44:59","date_gmt":"2021-04-26T20:44:59","guid":{"rendered":"https:\/\/nlp-core.ch\/?page_id=4357"},"modified":"2025-12-18T15:55:55","modified_gmt":"2025-12-18T15:55:55","slug":"nlpausbildung-practitioner-htm","status":"publish","type":"page","link":"https:\/\/nlp-core.ch\/index.php\/nlpausbildung-practitioner-htm\/","title":{"rendered":"CORE NLP Practitioner"},"content":{"rendered":"<p>[et_pb_section fb_built=&#8220;1&#8243; theme_builder_area=&#8220;post_content&#8220; _builder_version=&#8220;4.25.0&#8243; _module_preset=&#8220;default&#8220;][et_pb_row _builder_version=&#8220;4.25.0&#8243; _module_preset=&#8220;default&#8220; theme_builder_area=&#8220;post_content&#8220; custom_padding=&#8220;0px|||||&#8220; min_height=&#8220;203.8px&#8220; custom_margin=&#8220;-54px|auto||auto||&#8220;][et_pb_column _builder_version=&#8220;4.25.0&#8243; _module_preset=&#8220;default&#8220; type=&#8220;4_4&#8243; theme_builder_area=&#8220;post_content&#8220;][et_pb_text _builder_version=&#8220;4.25.0&#8243; _module_preset=&#8220;default&#8220; theme_builder_area=&#8220;post_content&#8220; hover_enabled=&#8220;0&#8243; sticky_enabled=&#8220;0&#8243; text_font=&#8220;|600|||||||&#8220; text_font_size=&#8220;18px&#8220; custom_padding=&#8220;||1px|||&#8220;]<\/p>\n<p><span style=\"color: #ff6600;\"><br \/>Seit 2026 bieten wir keine offiziellen Practitioner Ausbildungen an &#8211; doch gerne f\u00fcr ein Team o.\u00e4. nach spezifischen W\u00fcnschen.<\/span><br \/><span style=\"color: #ff6600;\">2026 stehen noch 2x NLP Master Stufen f\u00fcr Sie offen &#8211; siehe <a href=\"https:\/\/nlp-core.ch\/index.php\/core-nlp-master-2\/\">NLP Master<\/a>.<\/span><\/p>\n<p><span style=\"color: #ff6600;\">Beginn:<br \/>+\u00a0 <\/span><span style=\"color: #ff6600;\">Januar 26\u00a0<br \/>+\u00a0 September 26<\/span><span style=\"color: #ff6600;\"><\/span><\/p>\n<p><span style=\"color: #ff6600;\"><\/span><\/p>\n<p><span style=\"color: #ff6600;\">Ebenso findet 4x j\u00e4hrlich ein <a href=\"https:\/\/nlp-core.ch\/index.php\/core-supervisionen-und-workshops\/\">Supervisionsstag<\/a> statt.<\/span><\/p>\n<p>[\/et_pb_text][\/et_pb_column][\/et_pb_row][\/et_pb_section][et_pb_section fb_built=&#8220;1&#8243; admin_label=&#8220;Courses&#8220; _builder_version=&#8220;4.16&#8243; custom_padding=&#8220;0px|0px|101px|0px||&#8220; global_colors_info=&#8220;{}&#8220;][et_pb_row column_structure=&#8220;1_2,1_2&#8243; _builder_version=&#8220;4.16&#8243; background_size=&#8220;initial&#8220; background_position=&#8220;top_left&#8220; background_repeat=&#8220;repeat&#8220; custom_margin=&#8220;|||&#8220; custom_padding=&#8220;0px|0px|27px|0px&#8220; global_colors_info=&#8220;{}&#8220;][et_pb_column type=&#8220;1_2&#8243; _builder_version=&#8220;4.16&#8243; custom_padding=&#8220;|||&#8220; global_colors_info=&#8220;{}&#8220; custom_padding__hover=&#8220;|||&#8220;][et_pb_blurb title=&#8220;CORE NLP Practitioner&#8220; url=&#8220;#&#8220; image=&#8220;https:\/\/nlp-core.ch\/wp-content\/uploads\/2021\/04\/coding-icon_8.jpg&#8220; icon_placement=&#8220;left&#8220; content_max_width=&#8220;1100px&#8220; _builder_version=&#8220;4.16&#8243; header_font=&#8220;|on|||&#8220; header_text_color=&#8220;#2e2545&#8243; header_line_height=&#8220;1.5em&#8220; body_text_color=&#8220;#8585bd&#8220; body_font_size=&#8220;16px&#8220; body_line_height=&#8220;1.9em&#8220; background_color=&#8220;#ffffff&#8220; background_size=&#8220;initial&#8220; background_position=&#8220;top_left&#8220; background_repeat=&#8220;repeat&#8220; custom_margin=&#8220;-80px||10%|&#8220; custom_padding=&#8220;30px|40px|30px|40px&#8220; animation_style=&#8220;zoom&#8220; animation_direction=&#8220;bottom&#8220; animation_intensity_zoom=&#8220;20%&#8220; animation_starting_opacity=&#8220;100%&#8220; box_shadow_style=&#8220;preset2&#8243; box_shadow_horizontal=&#8220;0px&#8220; box_shadow_vertical=&#8220;0px&#8220; box_shadow_blur=&#8220;60px&#8220; box_shadow_color=&#8220;rgba(71,74,182,0.12)&#8220; locked=&#8220;off&#8220; global_colors_info=&#8220;{}&#8220;]NLP 1 &#8211; das Basisseminar &#8211; NLP zum Kennen lernen Die Grundlagen des Neuro-Linguistischen Programmierens Das Basisseminar bietet einen \u00dcberblick und eine praktische Einf\u00fchrung in die Methoden des NLP. Erweiterung der Wahrnehmung durch bessere Nutzung aller Sinne Sprache und Verhaltens\u00e4nderung \u00c4ussere (physiologische) Hinweise auf inneres Denken und F\u00fchlen Ankern und die Aktivierung energievoller Zust\u00e4nde Verketten von Ankern (chaining)Rapport, Angleichen und F\u00fchren zur Verbesserung zwischenmenschlicher Kommunikation erh\u00f6hte Handlungskompetenz durch wohlgeformte Zielbestimmung<br \/>\nVoraussetzungen: Bereitschaft, sich auf neue Prozesse einzulassen<br \/>\n2021: 02.\/03. Januar 2021[\/et_pb_blurb][et_pb_blurb title=&#8220;NLP 2&#8243; url=&#8220;#&#8220; image=&#8220;https:\/\/nlp-core.ch\/wp-content\/uploads\/2021\/04\/coding-icon_1.jpg&#8220; icon_placement=&#8220;left&#8220; content_max_width=&#8220;1100px&#8220; _builder_version=&#8220;4.16&#8243; header_font=&#8220;|on|||&#8220; header_text_color=&#8220;#2e2545&#8243; header_line_height=&#8220;1.5em&#8220; body_text_color=&#8220;#8585bd&#8220; body_font_size=&#8220;16px&#8220; body_line_height=&#8220;1.9em&#8220; background_color=&#8220;#ffffff&#8220; background_size=&#8220;initial&#8220; background_position=&#8220;top_left&#8220; background_repeat=&#8220;repeat&#8220; custom_margin=&#8220;||10%|&#8220; custom_padding=&#8220;30px|40px|30px|40px&#8220; animation_style=&#8220;zoom&#8220; animation_direction=&#8220;bottom&#8220; animation_intensity_zoom=&#8220;20%&#8220; animation_starting_opacity=&#8220;100%&#8220; box_shadow_style=&#8220;preset2&#8243; box_shadow_horizontal=&#8220;0px&#8220; box_shadow_vertical=&#8220;0px&#8220; box_shadow_blur=&#8220;60px&#8220; box_shadow_color=&#8220;rgba(71,74,182,0.12)&#8220; locked=&#8220;off&#8220; global_colors_info=&#8220;{}&#8220;]Meta-Sprache, Ressourcen nutzen<br \/>\nDie Kunst des sinnvollen Fragens: Sprachmuster und Verhaltens\u00e4nderung Erweiterung von Erfahrungen der Vergangenheit zur kreativen Entfaltung neuen Verhaltens Aktivierung eigener Ressourcen Gestaltungsebenen nach Robert Dilts: Identit\u00e4t, Werte, F\u00e4higkeiten, Verhalten und Umweltflexibler Wechsel von Wahrnehmungspositionen (ich, du, wir, meta) Mit dem Moment of Excellence wird das Verst\u00e4ndnis von NLP erweitert und vertieft[\/et_pb_blurb][et_pb_blurb title=&#8220;NLP 3&#8243; url=&#8220;#&#8220; image=&#8220;https:\/\/nlp-core.ch\/wp-content\/uploads\/2021\/04\/coding-icon_1.jpg&#8220; icon_placement=&#8220;left&#8220; content_max_width=&#8220;1100px&#8220; _builder_version=&#8220;4.16&#8243; header_font=&#8220;|on|||&#8220; header_text_color=&#8220;#2e2545&#8243; header_line_height=&#8220;1.5em&#8220; body_text_color=&#8220;#8585bd&#8220; body_font_size=&#8220;16px&#8220; body_line_height=&#8220;1.9em&#8220; background_color=&#8220;#ffffff&#8220; background_size=&#8220;initial&#8220; background_position=&#8220;top_left&#8220; background_repeat=&#8220;repeat&#8220; custom_margin=&#8220;||10%|&#8220; custom_padding=&#8220;30px|40px|30px|40px&#8220; animation_style=&#8220;zoom&#8220; animation_direction=&#8220;bottom&#8220; animation_intensity_zoom=&#8220;20%&#8220; animation_starting_opacity=&#8220;100%&#8220; box_shadow_style=&#8220;preset2&#8243; box_shadow_horizontal=&#8220;0px&#8220; box_shadow_vertical=&#8220;0px&#8220; box_shadow_blur=&#8220;60px&#8220; box_shadow_color=&#8220;rgba(71,74,182,0.12)&#8220; locked=&#8220;off&#8220; global_colors_info=&#8220;{}&#8220;]Kreatives Umdeuten (Reframing) Aus welchem Blickwinkel nehmen wir wahr? Welchen Rahmen setzen wir unserer Wahrnehmung von Menschen und Situationen und wie kann er ver\u00e4ndert oder erweitert werden? Mehr Wahlm\u00f6glichkeiten durch einfache Techniken der Umdeutung Nutzung der Wahrnehmung anderer f\u00fcr eigenes Lernen, Feedback Achtsamkeit und Pr\u00e4senz durch sprachliches Reframing Verhandlungs-, Kontext-, 6-Stufen-Reframing Ein\u00fcbung an pers\u00f6nlichen Prozessen[\/et_pb_blurb][et_pb_blurb title=&#8220;NLP 4&#8243; url=&#8220;#&#8220; image=&#8220;https:\/\/nlp-core.ch\/wp-content\/uploads\/2021\/04\/coding-icon_1.jpg&#8220; icon_placement=&#8220;left&#8220; content_max_width=&#8220;1100px&#8220; _builder_version=&#8220;4.16&#8243; header_font=&#8220;|on|||&#8220; header_text_color=&#8220;#2e2545&#8243; header_line_height=&#8220;1.5em&#8220; body_text_color=&#8220;#8585bd&#8220; body_font_size=&#8220;16px&#8220; body_line_height=&#8220;1.9em&#8220; background_color=&#8220;#ffffff&#8220; background_size=&#8220;initial&#8220; background_position=&#8220;top_left&#8220; background_repeat=&#8220;repeat&#8220; custom_margin=&#8220;||10%|&#8220; custom_padding=&#8220;30px|40px|30px|40px&#8220; animation_style=&#8220;zoom&#8220; animation_direction=&#8220;bottom&#8220; animation_intensity_zoom=&#8220;20%&#8220; animation_starting_opacity=&#8220;100%&#8220; box_shadow_style=&#8220;preset2&#8243; box_shadow_horizontal=&#8220;0px&#8220; box_shadow_vertical=&#8220;0px&#8220; box_shadow_blur=&#8220;60px&#8220; box_shadow_color=&#8220;rgba(71,74,182,0.12)&#8220; locked=&#8220;off&#8220; global_colors_info=&#8220;{}&#8220;]Wege zum Unbewussten (Milton-Modell, Metaphern)<br \/>\nEntspannung und Phantasie als Wege zur Kreativit\u00e4t. Grundmuster der Trance-Arbeit von Milton H. Erickson hypnotische Sprachmuster zur Aktivierung der rechten Gehirnh\u00e4lfte Regeneration und Sch\u00f6pfung neuer Einsichten Aufbau und Anwendung von Bildern, Symbolen und Metaphern[\/et_pb_blurb][et_pb_blurb title=&#8220;NLP 5&#8243; url=&#8220;#&#8220; image=&#8220;https:\/\/nlp-core.ch\/wp-content\/uploads\/2021\/04\/coding-icon_1.jpg&#8220; icon_placement=&#8220;left&#8220; content_max_width=&#8220;1100px&#8220; _builder_version=&#8220;4.16&#8243; header_font=&#8220;|on|||&#8220; header_text_color=&#8220;#2e2545&#8243; header_line_height=&#8220;1.5em&#8220; body_text_color=&#8220;#8585bd&#8220; body_font_size=&#8220;16px&#8220; body_line_height=&#8220;1.9em&#8220; background_color=&#8220;#ffffff&#8220; background_size=&#8220;initial&#8220; background_position=&#8220;top_left&#8220; background_repeat=&#8220;repeat&#8220; custom_margin=&#8220;||10%|&#8220; custom_padding=&#8220;30px|40px|30px|40px&#8220; animation_style=&#8220;zoom&#8220; animation_direction=&#8220;bottom&#8220; animation_intensity_zoom=&#8220;20%&#8220; animation_starting_opacity=&#8220;100%&#8220; box_shadow_style=&#8220;preset2&#8243; box_shadow_horizontal=&#8220;0px&#8220; box_shadow_vertical=&#8220;0px&#8220; box_shadow_blur=&#8220;60px&#8220; box_shadow_color=&#8220;rgba(71,74,182,0.12)&#8220; locked=&#8220;off&#8220; global_colors_info=&#8220;{}&#8220;]<\/p>\n<p>Lern- und Kreativit\u00e4tstechniken<br \/>Meisterhaftes Verhalten modellieren Kreativit\u00e4tsstrategien sch\u00f6pferischer Menschen verstehen und anwenden: In den Schuhen von Walt Disney stehen durch die Augen von Moshe Feldenkrais blicken das bildhafte Denken von Albert Einstein nachvollziehen mit den Ohren von Wolfgang Amadeus Mozart h\u00f6ren <em>(weiter oben&#8230;.)<\/em><\/p>\n<p>[\/et_pb_blurb][\/et_pb_column][et_pb_column type=&#8220;1_2&#8243; _builder_version=&#8220;4.16&#8243; custom_padding=&#8220;|||&#8220; global_colors_info=&#8220;{}&#8220; custom_padding__hover=&#8220;|||&#8220;][et_pb_text _builder_version=&#8220;4.16&#8243; _module_preset=&#8220;default&#8220; global_colors_info=&#8220;{}&#8220;][\/et_pb_text][et_pb_blurb title=&#8220;NLP 6&#8243; url=&#8220;#&#8220; image=&#8220;https:\/\/nlp-core.ch\/wp-content\/uploads\/2021\/04\/coding-icon_7.jpg&#8220; icon_placement=&#8220;left&#8220; content_max_width=&#8220;1100px&#8220; _builder_version=&#8220;4.16&#8243; header_font=&#8220;|on|||&#8220; header_text_color=&#8220;#2e2545&#8243; header_line_height=&#8220;1.5em&#8220; body_text_color=&#8220;#8585bd&#8220; body_font_size=&#8220;16px&#8220; body_line_height=&#8220;1.9em&#8220; background_color=&#8220;#ffffff&#8220; background_size=&#8220;initial&#8220; background_position=&#8220;top_left&#8220; background_repeat=&#8220;repeat&#8220; custom_margin=&#8220;-76px||10%|||&#8220; custom_margin_tablet=&#8220;0px||10%|&#8220; custom_margin_phone=&#8220;&#8220; custom_margin_last_edited=&#8220;on|phone&#8220; custom_padding=&#8220;30px|40px|30px|40px&#8220; animation_style=&#8220;zoom&#8220; animation_direction=&#8220;bottom&#8220; animation_delay=&#8220;100ms&#8220; animation_intensity_zoom=&#8220;20%&#8220; animation_starting_opacity=&#8220;100%&#8220; box_shadow_style=&#8220;preset2&#8243; box_shadow_horizontal=&#8220;0px&#8220; box_shadow_vertical=&#8220;0px&#8220; box_shadow_blur=&#8220;60px&#8220; box_shadow_color=&#8220;rgba(71,74,182,0.12)&#8220; locked=&#8220;off&#8220; global_colors_info=&#8220;{}&#8220;]NLP 6<br \/>\nNonverbale Kommunikation Stimmmuster \/ nonverbale Gesten zur Lenkung der Kommunikation<br \/>\nPraxistag NLP Vertiefen und \u00dcben der Inhalte, Austausch<br \/>\nFeiern der Halbzeit[\/et_pb_blurb][et_pb_blurb title=&#8220;NLP 7&#8243; url=&#8220;#&#8220; image=&#8220;https:\/\/nlp-core.ch\/wp-content\/uploads\/2021\/04\/coding-icon_1.jpg&#8220; icon_placement=&#8220;left&#8220; content_max_width=&#8220;1100px&#8220; _builder_version=&#8220;4.16&#8243; header_font=&#8220;|on|||&#8220; header_text_color=&#8220;#2e2545&#8243; header_line_height=&#8220;1.5em&#8220; body_text_color=&#8220;#8585bd&#8220; body_font_size=&#8220;16px&#8220; body_line_height=&#8220;1.9em&#8220; background_color=&#8220;#ffffff&#8220; background_size=&#8220;initial&#8220; background_position=&#8220;top_left&#8220; background_repeat=&#8220;repeat&#8220; custom_margin=&#8220;||10%|&#8220; custom_padding=&#8220;30px|40px|30px|40px&#8220; animation_style=&#8220;zoom&#8220; animation_direction=&#8220;bottom&#8220; animation_intensity_zoom=&#8220;20%&#8220; animation_starting_opacity=&#8220;100%&#8220; box_shadow_style=&#8220;preset2&#8243; box_shadow_horizontal=&#8220;0px&#8220; box_shadow_vertical=&#8220;0px&#8220; box_shadow_blur=&#8220;60px&#8220; box_shadow_color=&#8220;rgba(71,74,182,0.12)&#8220; locked=&#8220;off&#8220; global_colors_info=&#8220;{}&#8220;]Zielbezogene Wahrnehmungsver\u00e4nderung, Submodalit\u00e4ten, Swish<br \/>\nGestaltung und Lenkung von Denkprozessen durch Ver\u00e4nderungen in der visuellen, auditiven und gef\u00fchlsm\u00e4ssigen Erfahrung (Swish-Technik) Selbstmanagement und Nutzung des Perspektivenwechsels zur Verbesserung von Kommunikation (Meta-Mirror) Nutzung der Submodalit\u00e4ten zur Ver\u00e4nderung der Zust\u00e4nde Zugang finden zu eigenen Ressourcen.[\/et_pb_blurb][et_pb_blurb title=&#8220;NLP 8&#8243; url=&#8220;#&#8220; image=&#8220;https:\/\/nlp-core.ch\/wp-content\/uploads\/2021\/04\/coding-icon_1.jpg&#8220; icon_placement=&#8220;left&#8220; content_max_width=&#8220;1100px&#8220; _builder_version=&#8220;4.16&#8243; header_font=&#8220;|on|||&#8220; header_text_color=&#8220;#2e2545&#8243; header_line_height=&#8220;1.5em&#8220; body_text_color=&#8220;#8585bd&#8220; body_font_size=&#8220;16px&#8220; body_line_height=&#8220;1.9em&#8220; background_color=&#8220;#ffffff&#8220; background_size=&#8220;initial&#8220; background_position=&#8220;top_left&#8220; background_repeat=&#8220;repeat&#8220; custom_margin=&#8220;||10%|&#8220; custom_padding=&#8220;30px|40px|30px|40px&#8220; animation_style=&#8220;zoom&#8220; animation_direction=&#8220;bottom&#8220; animation_intensity_zoom=&#8220;20%&#8220; animation_starting_opacity=&#8220;100%&#8220; box_shadow_style=&#8220;preset2&#8243; box_shadow_horizontal=&#8220;0px&#8220; box_shadow_vertical=&#8220;0px&#8220; box_shadow_blur=&#8220;60px&#8220; box_shadow_color=&#8220;rgba(71,74,182,0.12)&#8220; locked=&#8220;off&#8220; global_colors_info=&#8220;{}&#8220;]Zeitlinien (Timeline) und Re-Imprinting<br \/>\nDie Arbeit in der Zeitlinie erm\u00f6glicht uns die Ver\u00e4nderung von einschr\u00e4nkenden Glaubenss\u00e4tzen in unterst\u00fctzende. In diesem Seminar werden alle bisherigen Techniken wie Ankern, Transfer von Ressourcen, Strategien, Submodalit\u00e4ten integriert. Die Phobietechnik bewirkt eine Reorganisation der Wahrnehmung.[\/et_pb_blurb][et_pb_blurb title=&#8220;NLP 9&#8243; url=&#8220;#www.nlp-core.ch\/startnlp&#8220; image=&#8220;https:\/\/nlp-core.ch\/wp-content\/uploads\/2020\/09\/cropped-CORE_Dreh-zur-Loesung-links.jpg&#8220; icon_placement=&#8220;left&#8220; content_max_width=&#8220;1100px&#8220; _builder_version=&#8220;4.16&#8243; header_font=&#8220;|on|||&#8220; header_text_color=&#8220;#2e2545&#8243; header_line_height=&#8220;1.5em&#8220; body_text_color=&#8220;#8585bd&#8220; body_font_size=&#8220;16px&#8220; body_line_height=&#8220;1.9em&#8220; background_color=&#8220;#ffffff&#8220; background_size=&#8220;initial&#8220; background_position=&#8220;top_left&#8220; background_repeat=&#8220;repeat&#8220; custom_margin=&#8220;||10%|&#8220; custom_padding=&#8220;30px|40px|30px|40px&#8220; animation_style=&#8220;zoom&#8220; animation_direction=&#8220;bottom&#8220; animation_delay=&#8220;100ms&#8220; animation_intensity_zoom=&#8220;20%&#8220; animation_starting_opacity=&#8220;100%&#8220; link_option_url=&#8220;www.nlp-core.ch\/startnlp&#8220; link_option_url_new_window=&#8220;on&#8220; box_shadow_style=&#8220;preset2&#8243; box_shadow_horizontal=&#8220;0px&#8220; box_shadow_vertical=&#8220;0px&#8220; box_shadow_blur=&#8220;60px&#8220; box_shadow_color=&#8220;rgba(71,74,182,0.12)&#8220; locked=&#8220;off&#8220; global_colors_info=&#8220;{}&#8220;]Identit\u00e4t, Glauben, Werte, \u00dcberzeugungen, Meta-Programme, Repetition und \u00dcberblick.<br \/>\nMetaprogramme sind Abl\u00e4ufe des innerlichen Erlebens und \u00e4usseren Handelns von Individuen und Gruppen. Erleben von Sorting-Modellen. Mit dem S.C.O.R.E-. &#8211; Modell werden alle Techniken im \u00dcberblick dargestellt zur Integration aller bisher gelernten Interventionen und Formate: Direkte und spezifische Anwendung.[\/et_pb_blurb][et_pb_blurb title=&#8220;NLP 10&#8243; url=&#8220;#&#8220; image=&#8220;https:\/\/nlp-core.ch\/wp-content\/uploads\/2021\/04\/coding-icon_6.jpg&#8220; icon_placement=&#8220;left&#8220; content_max_width=&#8220;1100px&#8220; _builder_version=&#8220;4.16&#8243; header_font=&#8220;|on|||&#8220; header_text_color=&#8220;#2e2545&#8243; header_line_height=&#8220;1.5em&#8220; body_text_color=&#8220;#8585bd&#8220; body_font_size=&#8220;16px&#8220; body_line_height=&#8220;1.9em&#8220; background_color=&#8220;#ffffff&#8220; background_size=&#8220;initial&#8220; background_position=&#8220;top_left&#8220; background_repeat=&#8220;repeat&#8220; custom_margin=&#8220;||10%|&#8220; custom_padding=&#8220;30px|40px|30px|40px&#8220; animation_style=&#8220;zoom&#8220; animation_direction=&#8220;bottom&#8220; animation_delay=&#8220;100ms&#8220; animation_intensity_zoom=&#8220;20%&#8220; animation_starting_opacity=&#8220;100%&#8220; box_shadow_style=&#8220;preset2&#8243; box_shadow_horizontal=&#8220;0px&#8220; box_shadow_vertical=&#8220;0px&#8220; box_shadow_blur=&#8220;60px&#8220; box_shadow_color=&#8220;rgba(71,74,182,0.12)&#8220; locked=&#8220;off&#8220; global_colors_info=&#8220;{}&#8220;]Testing, Integration<br \/>\nIntegration der F\u00e4higkeiten und Abschluss der Ausbildung. Pr\u00e4sentation von Problem- und Zielbestimmung und Anwendung nach Wahl. Anschliessend Feiern des erfolgreichen Abschlusses![\/et_pb_blurb][\/et_pb_column][\/et_pb_row][et_pb_row _builder_version=&#8220;4.16&#8243; _module_preset=&#8220;default&#8220; width=&#8220;45%&#8220; max_width=&#8220;558px&#8220; module_alignment=&#8220;center&#8220; min_height=&#8220;100px&#8220; global_colors_info=&#8220;{}&#8220;][et_pb_column type=&#8220;4_4&#8243; _builder_version=&#8220;4.16&#8243; _module_preset=&#8220;default&#8220; global_colors_info=&#8220;{}&#8220;][et_pb_code _builder_version=&#8220;4.16&#8243; _module_preset=&#8220;default&#8220; global_colors_info=&#8220;{}&#8220;]<iframe loading=\"lazy\" width=\"620px\" height=\"600px\" src=\"https:\/\/www.yumpu.com\/nl\/embed\/view\/fJw95HgXqot17njW\" frameborder=\"0\" allowfullscreen=\"true\"  allowtransparency=\"true\"><\/iframe>[\/et_pb_code][\/et_pb_column][\/et_pb_row][et_pb_row _builder_version=&#8220;4.16&#8243; _module_preset=&#8220;default&#8220; global_colors_info=&#8220;{}&#8220;][et_pb_column type=&#8220;4_4&#8243; _builder_version=&#8220;4.16&#8243; _module_preset=&#8220;default&#8220; global_colors_info=&#8220;{}&#8220;][et_pb_button button_url=&#8220;@ET-DC@eyJkeW5hbWljIjp0cnVlLCJjb250ZW50IjoicG9zdF9saW5rX3VybF9wYWdlIiwic2V0dGluZ3MiOnsicG9zdF9pZCI6IjM1NDYifX0=@&#8220; button_text=&#8220;Anmeldung&#8220; button_alignment=&#8220;center&#8220; _builder_version=&#8220;4.16&#8243; _dynamic_attributes=&#8220;button_url&#8220; _module_preset=&#8220;default&#8220; global_colors_info=&#8220;{}&#8220;][\/et_pb_button][\/et_pb_column][\/et_pb_row][\/et_pb_section]<\/p>\n","protected":false},"excerpt":{"rendered":"<p>Seit 2026 bieten wir keine offiziellen Practitioner Ausbildungen an &#8211; doch gerne f\u00fcr ein Team o.\u00e4. nach spezifischen W\u00fcnschen.2026 stehen noch 2x NLP Master Stufen f\u00fcr Sie offen &#8211; siehe NLP Master. Beginn:+\u00a0 Januar 26\u00a0+\u00a0 September 26 Ebenso findet 4x j\u00e4hrlich ein Supervisionsstag statt.NLP 1 &#8211; das Basisseminar &#8211; NLP zum Kennen lernen Die Grundlagen [&hellip;]<\/p>\n","protected":false},"author":1,"featured_media":0,"parent":0,"menu_order":0,"comment_status":"closed","ping_status":"closed","template":"","meta":{"_et_pb_use_builder":"on","_et_pb_old_content":"","_et_gb_content_width":"","footnotes":""},"class_list":["post-4357","page","type-page","status-publish","hentry"],"_links":{"self":[{"href":"https:\/\/nlp-core.ch\/index.php\/wp-json\/wp\/v2\/pages\/4357","targetHints":{"allow":["GET"]}}],"collection":[{"href":"https:\/\/nlp-core.ch\/index.php\/wp-json\/wp\/v2\/pages"}],"about":[{"href":"https:\/\/nlp-core.ch\/index.php\/wp-json\/wp\/v2\/types\/page"}],"author":[{"embeddable":true,"href":"https:\/\/nlp-core.ch\/index.php\/wp-json\/wp\/v2\/users\/1"}],"replies":[{"embeddable":true,"href":"https:\/\/nlp-core.ch\/index.php\/wp-json\/wp\/v2\/comments?post=4357"}],"version-history":[{"count":54,"href":"https:\/\/nlp-core.ch\/index.php\/wp-json\/wp\/v2\/pages\/4357\/revisions"}],"predecessor-version":[{"id":242935,"href":"https:\/\/nlp-core.ch\/index.php\/wp-json\/wp\/v2\/pages\/4357\/revisions\/242935"}],"wp:attachment":[{"href":"https:\/\/nlp-core.ch\/index.php\/wp-json\/wp\/v2\/media?parent=4357"}],"curies":[{"name":"wp","href":"https:\/\/api.w.org\/{rel}","templated":true}]}}