{"id":4313,"date":"2021-04-24T09:35:21","date_gmt":"2021-04-24T09:35:21","guid":{"rendered":"https:\/\/nlp-core.ch\/?page_id=4313"},"modified":"2021-05-05T16:51:17","modified_gmt":"2021-05-05T16:51:17","slug":"core-nlp-trainer","status":"publish","type":"page","link":"https:\/\/nlp-core.ch\/index.php\/core-nlp-trainer\/","title":{"rendered":"CORE NLP TRAINER"},"content":{"rendered":"<p>[et_pb_section fb_built=&#8220;1&#8243; _builder_version=&#8220;4.9.4&#8243; _module_preset=&#8220;default&#8220;][et_pb_row _builder_version=&#8220;4.9.4&#8243; _module_preset=&#8220;default&#8220;][et_pb_column type=&#8220;4_4&#8243; _builder_version=&#8220;4.9.4&#8243; _module_preset=&#8220;default&#8220;][et_pb_text _builder_version=&#8220;4.9.4&#8243; _module_preset=&#8220;default&#8220; hover_enabled=&#8220;0&#8243; admin_label=&#8220;Text&#8220; sticky_enabled=&#8220;0&#8243;]<\/p>\n<p>NLP Trainer Ausbildung<br \/>In der Trainerausbildung erweitern Sie Ihre p\u00e4dagogischen und kommunikativen F\u00e4higkeiten. Authentizit\u00e4t und das Wachsen der Trainerpers\u00f6nlichkeit stehen dabei im Mittelpunkt. Hierzu geh\u00f6rt die Achtung vor sich selbst, vor andern Menschen und ihren Modellen der Welt. Sinnbild der kommunikativen F\u00e4higkeiten ist weniger die B\u00fchne des perfekten Pr\u00e4sentators, sondern der Kreis der Gemeinschaft; der Trainer versteht sich als Teil und F\u00f6rderer dieses Kreises. Voraussetzung zur Teilnahme ist eine abgeschlossene und anerkannte NLP-Master-Ausbildung.<br \/>Vermittelt werden u.a. folgende Inhalte<br \/>Entwicklung der Trainerpers\u00f6nlichkeitInnere Balance der Pers\u00f6nlichkeitsebenen Lebensweg-Kl\u00e4rung, Visionen, Ziele, Modellieren von Excellenz Selbst-Management und Coaching<br \/>Erkennen und Gestalten von GruppenprozessenSach- und Beziehungsebenen, Psychogeografie, Gruppenstrukturen Gruppen-Interaktion und Rapport mit Gruppen Utilisation des Gruppengeschehens, Grundlagen der Prozessmoderation<br \/>Programm- und Trainingsentwicklung Didaktische Grundf\u00e4higkeiten; humanistisches Lehren und Lernen Trainingsphasen und Lerndynamik, Seminardesign, \u00dcbungsdesign<br \/>Pr\u00e4sentationsf\u00e4higkeiten und Trainerskills Pers\u00f6nliche Kongruenz Gebrauch von Stimme, Gestik, K\u00f6rper und Raum Gebrauch von Humor, Provokation, Metaphern Umgang mit St\u00f6rungen, Einw\u00e4nden und\u00a0 und stimmiges Pr\u00e4sentieren, Pr\u00e4sentationsformate<br \/>Die Kunst des Pr\u00e4sentierens Sprachgebrauch, Meta-Programme, Nested Loops u.a.<br \/>Dauer der Ausbildung: 21 Tage &#8211; Auf Anfrage &#8211; Bitte Eigenqualifikation angeben<\/p>\n<p>[\/et_pb_text][\/et_pb_column][\/et_pb_row][\/et_pb_section]<\/p>\n","protected":false},"excerpt":{"rendered":"<p>NLP Trainer AusbildungIn der Trainerausbildung erweitern Sie Ihre p\u00e4dagogischen und kommunikativen F\u00e4higkeiten. Authentizit\u00e4t und das Wachsen der Trainerpers\u00f6nlichkeit stehen dabei im Mittelpunkt. Hierzu geh\u00f6rt die Achtung vor sich selbst, vor andern Menschen und ihren Modellen der Welt. Sinnbild der kommunikativen F\u00e4higkeiten ist weniger die B\u00fchne des perfekten Pr\u00e4sentators, sondern der Kreis der Gemeinschaft; der Trainer [&hellip;]<\/p>\n","protected":false},"author":1,"featured_media":0,"parent":0,"menu_order":0,"comment_status":"closed","ping_status":"closed","template":"","meta":{"_et_pb_use_builder":"on","_et_pb_old_content":"<!-- wp:divi\/placeholder \/-->","_et_gb_content_width":"","footnotes":""},"class_list":["post-4313","page","type-page","status-publish","hentry"],"_links":{"self":[{"href":"https:\/\/nlp-core.ch\/index.php\/wp-json\/wp\/v2\/pages\/4313","targetHints":{"allow":["GET"]}}],"collection":[{"href":"https:\/\/nlp-core.ch\/index.php\/wp-json\/wp\/v2\/pages"}],"about":[{"href":"https:\/\/nlp-core.ch\/index.php\/wp-json\/wp\/v2\/types\/page"}],"author":[{"embeddable":true,"href":"https:\/\/nlp-core.ch\/index.php\/wp-json\/wp\/v2\/users\/1"}],"replies":[{"embeddable":true,"href":"https:\/\/nlp-core.ch\/index.php\/wp-json\/wp\/v2\/comments?post=4313"}],"version-history":[{"count":7,"href":"https:\/\/nlp-core.ch\/index.php\/wp-json\/wp\/v2\/pages\/4313\/revisions"}],"predecessor-version":[{"id":4709,"href":"https:\/\/nlp-core.ch\/index.php\/wp-json\/wp\/v2\/pages\/4313\/revisions\/4709"}],"wp:attachment":[{"href":"https:\/\/nlp-core.ch\/index.php\/wp-json\/wp\/v2\/media?parent=4313"}],"curies":[{"name":"wp","href":"https:\/\/api.w.org\/{rel}","templated":true}]}}