{"id":4310,"date":"2021-04-24T09:33:44","date_gmt":"2021-04-24T09:33:44","guid":{"rendered":"https:\/\/nlp-core.ch\/?page_id=4310"},"modified":"2025-12-18T16:30:09","modified_gmt":"2025-12-18T16:30:09","slug":"ausbildungen-core-advanced-nlp-master","status":"publish","type":"page","link":"https:\/\/nlp-core.ch\/index.php\/ausbildungen-core-advanced-nlp-master\/","title":{"rendered":"CORE NLP ADVANCED MASTER"},"content":{"rendered":"<p>[et_pb_section fb_built=&#8220;1&#8243; _builder_version=&#8220;4.16&#8243; _module_preset=&#8220;default&#8220; global_colors_info=&#8220;{}&#8220;][et_pb_row _builder_version=&#8220;4.25.0&#8243; _module_preset=&#8220;default&#8220; custom_margin=&#8220;-61px|auto||auto||&#8220; global_colors_info=&#8220;{}&#8220;][et_pb_column type=&#8220;4_4&#8243; _builder_version=&#8220;4.25.0&#8243; _module_preset=&#8220;default&#8220; global_colors_info=&#8220;{}&#8220;][et_pb_text _builder_version=&#8220;4.25.0&#8243; _module_preset=&#8220;default&#8220; custom_padding=&#8220;||0px|||&#8220; global_colors_info=&#8220;{}&#8220;]<\/p>\n<h4><span style=\"color: #ff6600; font-family: inherit; font-weight: normal;\">Seit 2026 bieten wir keine offiziellen Advanced Master Ausbildungen an \u2013 doch gerne f\u00fcr ein Team o.\u00e4. nach spezifischen W\u00fcnschen.<\/span><br \/><span style=\"color: #ff6600; font-family: inherit; font-weight: normal;\">2026 stehen noch 2x NLP Master Stufen f\u00fcr Sie offen \u2013 siehe <a href=\"https:\/\/nlp-core.ch\/index.php\/core-nlp-master-2\/\">NLP Master<\/a>.<\/span><\/h4>\n<h4><span style=\"font-family: inherit; font-weight: normal;\"><span style=\"color: #ff6600;\">Beginn:<br \/>+\u00a0 <\/span><span style=\"color: #ff6600;\">Januar 26<br \/>+\u00a0 September 26<\/span><\/span><\/h4>\n<h4><span style=\"font-family: inherit; font-weight: normal; font-size: medium;\"><span style=\"color: #ff6600;\">Weiterhin findet 4x j\u00e4hrich ein <a href=\"https:\/\/nlp-core.ch\/index.php\/core-supervisionen-und-workshops\/\">Supervisionstag<\/a> statt.<\/span><\/span><\/h4>\n<p>[\/et_pb_text][\/et_pb_column][\/et_pb_row][et_pb_row _builder_version=&#8220;4.16&#8243; _module_preset=&#8220;default&#8220; global_colors_info=&#8220;{}&#8220;][et_pb_column type=&#8220;4_4&#8243; _builder_version=&#8220;4.16&#8243; _module_preset=&#8220;default&#8220; global_colors_info=&#8220;{}&#8220;][et_pb_text _builder_version=&#8220;4.16&#8243; _module_preset=&#8220;default&#8220; global_colors_info=&#8220;{}&#8220;]<\/p>\n<p><a href=\"https:\/\/nlp-core.ch\/typo3\/sysext\/cms\/layout\/db_layout.php?id=130#\" onclick=\"window.location.href='..\/..\/..\/alt_doc.php?returnUrl=%2Ftypo3%2Fsysext%2Fcms%2Flayout%2Fdb_layout.php%3Fid%3D130&amp;edit[tt_content][381]=edit'; return false;\" title=\"Bearbeiten\" style=\"background: #ffffff; color: #212424; text-decoration: none; outline: none !important; font-family: Verdana, Arial, Helvetica, sans-serif; font-size: 12px; font-style: normal; font-variant-ligatures: normal; font-variant-caps: normal; font-weight: 400; letter-spacing: normal; orphans: 2; text-align: start; text-indent: 0px; text-transform: none; white-space: normal; widows: 2; word-spacing: 0px; -webkit-text-stroke-width: 0px;\">3\u00a0x 4 Tage (Supervisionstage inbegriffen)jeweils 9.00 &#8211; 18.00 Uhr<br \/>Voraussetzung:NLP Master oder &#8230;<br \/>Teilnehmende, die erst ein Practitioner-Zertifiakt abgeschlossen haben, k\u00f6nnen gleichwohl teilnehmen, erhalten nach Absolvierung eine Teilnahmebest\u00e4tigung &#8211; und nach Abschluss des Masters und aller Arbeiten erha<span style=\"text-decoration: underline;\">lten Sie das offizielle Zertifikat, DVNLP.<\/span><br \/><span style=\"text-decoration: underline;\">Bringen Sie andere Voraussetzungen mit, rufen Sie uns an, damit wir im Gespr\u00e4ch kl\u00e4ren k\u00f6nnen.<\/span><\/a><\/p>\n<p>[\/et_pb_text][\/et_pb_column][\/et_pb_row][\/et_pb_section][et_pb_section fb_built=&#8220;1&#8243; _builder_version=&#8220;4.16&#8243; _module_preset=&#8220;default&#8220; global_colors_info=&#8220;{}&#8220;][et_pb_row _builder_version=&#8220;4.16&#8243; _module_preset=&#8220;default&#8220; link_option_url=&#8220;<iframe width=%22620px%22 height=%22402px%22 src=%22https:\/\/www.yumpu.com\/de\/embed\/view\/04Fc2KTShjpXLnRg%22 frameborder=%220%22 allowfullscreen=%22true%22  allowtransparency=%22true%22><\/iframe>&#8220; global_colors_info=&#8220;{}&#8220;][et_pb_column type=&#8220;4_4&#8243; _builder_version=&#8220;4.16&#8243; _module_preset=&#8220;default&#8220; global_colors_info=&#8220;{}&#8220;][et_pb_button button_url=&#8220;@ET-DC@eyJkeW5hbWljIjp0cnVlLCJjb250ZW50IjoicG9zdF9saW5rX3VybF9wYWdlIiwic2V0dGluZ3MiOnsicG9zdF9pZCI6IjM1NDYifX0=@&#8220; url_new_window=&#8220;on&#8220; button_text=&#8220;Anmeldung&#8220; button_alignment=&#8220;center&#8220; _builder_version=&#8220;4.16&#8243; _dynamic_attributes=&#8220;button_url&#8220; _module_preset=&#8220;default&#8220; global_colors_info=&#8220;{}&#8220;][\/et_pb_button][\/et_pb_column][\/et_pb_row][\/et_pb_section]<\/p>\n","protected":false},"excerpt":{"rendered":"<p>Seit 2026 bieten wir keine offiziellen Advanced Master Ausbildungen an \u2013 doch gerne f\u00fcr ein Team o.\u00e4. nach spezifischen W\u00fcnschen.2026 stehen noch 2x NLP Master Stufen f\u00fcr Sie offen \u2013 siehe NLP Master. Beginn:+\u00a0 Januar 26+\u00a0 September 26 Weiterhin findet 4x j\u00e4hrich ein Supervisionstag statt.3\u00a0x 4 Tage (Supervisionstage inbegriffen)jeweils 9.00 &#8211; 18.00 UhrVoraussetzung:NLP Master oder [&hellip;]<\/p>\n","protected":false},"author":1,"featured_media":0,"parent":0,"menu_order":0,"comment_status":"closed","ping_status":"closed","template":"","meta":{"_et_pb_use_builder":"on","_et_pb_old_content":"<!-- wp:divi\/placeholder \/-->","_et_gb_content_width":"","footnotes":""},"class_list":["post-4310","page","type-page","status-publish","hentry"],"_links":{"self":[{"href":"https:\/\/nlp-core.ch\/index.php\/wp-json\/wp\/v2\/pages\/4310","targetHints":{"allow":["GET"]}}],"collection":[{"href":"https:\/\/nlp-core.ch\/index.php\/wp-json\/wp\/v2\/pages"}],"about":[{"href":"https:\/\/nlp-core.ch\/index.php\/wp-json\/wp\/v2\/types\/page"}],"author":[{"embeddable":true,"href":"https:\/\/nlp-core.ch\/index.php\/wp-json\/wp\/v2\/users\/1"}],"replies":[{"embeddable":true,"href":"https:\/\/nlp-core.ch\/index.php\/wp-json\/wp\/v2\/comments?post=4310"}],"version-history":[{"count":25,"href":"https:\/\/nlp-core.ch\/index.php\/wp-json\/wp\/v2\/pages\/4310\/revisions"}],"predecessor-version":[{"id":242956,"href":"https:\/\/nlp-core.ch\/index.php\/wp-json\/wp\/v2\/pages\/4310\/revisions\/242956"}],"wp:attachment":[{"href":"https:\/\/nlp-core.ch\/index.php\/wp-json\/wp\/v2\/media?parent=4310"}],"curies":[{"name":"wp","href":"https:\/\/api.w.org\/{rel}","templated":true}]}}