{"id":3544,"date":"2020-09-06T18:31:11","date_gmt":"2020-09-06T18:31:11","guid":{"rendered":"https:\/\/new.nlp-core.ch\/?page_id=3544"},"modified":"2021-05-07T16:52:22","modified_gmt":"2021-05-07T16:52:22","slug":"ueber-core","status":"publish","type":"page","link":"https:\/\/nlp-core.ch\/index.php\/ueber-core\/","title":{"rendered":"NLP CORE Manifesto 2003 \/ 2005 Baden Schweiz"},"content":{"rendered":"<p>[et_pb_section fb_built=&#8220;1&#8243; _builder_version=&#8220;4.9.4&#8243; _module_preset=&#8220;default&#8220; custom_margin=&#8220;-4px|||||&#8220;][et_pb_row column_structure=&#8220;1_2,1_2&#8243; _builder_version=&#8220;4.9.4&#8243; _module_preset=&#8220;default&#8220; hover_enabled=&#8220;0&#8243; sticky_enabled=&#8220;0&#8243;][et_pb_column type=&#8220;1_2&#8243; _builder_version=&#8220;4.9.4&#8243; _module_preset=&#8220;default&#8220;][et_pb_text admin_label=&#8220;Text&#8220; _builder_version=&#8220;4.9.4&#8243; hover_enabled=&#8220;0&#8243; sticky_enabled=&#8220;0&#8243; header_font=&#8220;|||on|||||&#8220;]<\/p>\n<p style=\"text-align: center;\"><img loading=\"lazy\" decoding=\"async\" class=\"wp-image-3661 alignnone size-medium\" style=\"font-size: 15px; text-align: left;\" src=\"https:\/\/nlp-core.ch\/wp-content\/uploads\/2021\/04\/Bild-300x212.png\" alt=\"\" width=\"395\" height=\"279\" \/><\/p>\n<p style=\"text-align: center;\"><strong>Gestalte,\u00a0 entwickle, kontrolliere<br \/>Deinen pers\u00f6nlichen NLP-Lernpfad.<br \/>Control NLP!\u00a0<\/strong><\/p>\n<table width=\"597\" border=\"0\">\n<tbody>\n<tr>\n<td width=\"81%\">\n<h2 style=\"text-align: center;\"><span style=\"font-size: large;\">Das NLP CORE Trialogkonzept<\/span><\/h2>\n<h4 style=\"text-align: center;\"><span style=\"font-size: small;\">Newsletter-Auszug August 2005<\/span><a name=\"Ausblicke\"><\/a><\/h4>\n<\/td>\n<\/tr>\n<\/tbody>\n<\/table>\n<p>Die CORE NLP Ausbildung basiert auf einer <a class=\"external-link-new-window\" title=\"\u00d6ffnet externen Link in neuem Fenster\" href=\"http:\/\/www.nlp-core.ch\/coreprac\/nlp_core_trialog-1.html\" data-htmlarea-external=\"1\">neuen Konzeption des Lernens und Lehrens von NLP<\/a>: die St\u00e4rken herk\u00f6mmlicher zertifizierter NLP-Ausbildungen bleiben erhalten: <b>&#8222;CORE NLP&#8220;<\/b>. Die Schw\u00e4chen \u00fcblicher, zertifizierter NLP Lehrg\u00e4nge werden thematisiert und umgangen: &#8222;<b>NLP CORE<\/b>&#8222;.<\/p>\n<p><b>&#8222;NLP CORE&#8220;<\/b> bedeutet: &#8222;Kern&#8220;, &#8222;Basis&#8220;, &#8222;Herzst\u00fcck&#8220; des NLP. &#8222;NLP CORE&#8220; bietet &#8211; zus\u00e4tzlich zur herk\u00f6mmlichen NLP Ausbildung bei uns und anderen Anbietern &#8211; eine qualifizierte Analyse und Erkl\u00e4rung des &#8222;Systems NLP&#8220;. Wir arbeiten auf Grundlage aktueller Ergebnisse der System-, Gehirn- und Psychotherapieforschung. Dies in einfacher und verst\u00e4ndlicher Form&#8230;. Wof\u00fcr NLP, Was genau &#8222;ist&#8220; NLP, Wozu f\u00fchrt NLP, Warum funktioniert NLP?<\/p>\n<p>Das traditionelle NLP wird <a class=\"external-link-new-window\" title=\"\u00d6ffnet externen Link in neuem Fenster\" href=\"http:\/\/www.nlp-core.ch\/nlp%20zuerich\/nlp_entzaubern_2_kommunikation_sprache_buhler.html\" data-htmlarea-external=\"1\">entzaubert &#8211; &#8222;NLP demystified&#8220;<b>. <\/b><br \/><\/a><br \/>Dazu geh\u00f6rt auch eine Offenlegung der &#8222;Programmier-Techniken&#8220;, die herk\u00f6mmliche NLP Trainer in vielen NLP Ausbildungen &#8211; f\u00fcr die Teilnehmer nur schwer oder \u00fcberhaupt nicht zu erkennen &#8211; indirekt und verdeckt einsetzen. Wir thematisieren diese ethisch und lernpsychologisch fragw\u00fcrdige Form solcher &#8222;Ausbildungen&#8220;. Unser NLP Trialogkonzept bietet Ihnen dazu eine Alternative. Zu dieser Alternative geh\u00f6rt, neben den Chancen die Risiken, neben den St\u00e4rken auch die Schw\u00e4chen des NLP im jeweiligen Kontext seiner Anwendung aufzuzeigen.<a href=\"https:\/\/nlp-core.ch\/?file:76\"><b>NLP LernCOREnversation (NLC)<\/b><\/a><br \/>jetzt auch ausserhalb \u00fcblicher Ausbildungen<\/p>\n<p>Dies ist &#8211; neben &#8222;CORE NLP&#8220; und &#8222;NLP CORE&#8220; der dritte Pol unserer NLP Ausbildung: Die \u00dcberf\u00fchrung der Ausbildung in einen kritischen und fairen Dialog zwischen Ausbildern und Kunden. Damit wird die teilweise zu Recht kritisierte &#8222;manipulative&#8220; Dimension vieler herk\u00f6mmlicher NLP Ausbildungen endg\u00fcltig thematisiert und unterlaufen. Siehe auch Selbstorganisiertes, Subjektives Lernen NLP.<\/p>\n<p><em>Cor4Es: Effizienz, Effektivit\u00e4t, Ethik, \u00c9kologie:<\/em><br \/><em> &#8222;Der Unterschied, der einen Unterschied macht&#8220;<\/em><\/p>\n<p>&nbsp;<\/p>\n<p>&nbsp;<\/p>\n<p>[\/et_pb_text][\/et_pb_column][et_pb_column type=&#8220;1_2&#8243; _builder_version=&#8220;4.9.4&#8243; _module_preset=&#8220;default&#8220;][et_pb_text _builder_version=&#8220;4.9.4&#8243; _module_preset=&#8220;default&#8220; custom_padding=&#8220;1px|||||&#8220; hover_enabled=&#8220;0&#8243; sticky_enabled=&#8220;0&#8243;]<\/p>\n<h4 style=\"text-align: center;\">Denk<strong> weise mit CORE<\/strong><\/h4>\n<p>CORE Ausbildungen und CORE Coachings vermitteln machtvolle und wirksame Werkzeuge der Kommunikation, des Lernens und des Selbstmanagements. Solche Werkzeuge erfordern einen achtsamen und verantwortungsvollen Umgang. Es stellen sich \u2013 wie bei jeder Technik und Verfahrensweise \u2013 Fragen der Ethik, &#8222;\u00d6kologie&#8220; und Nachhaltigkeit. M\u00f6glichkeiten und Grenzen, Chancen und Risiken sind in Abh\u00e4ngigkeit vom jeweiligen Anwendungs-Kontext zu bewerten.<\/p>\n<p>In CORE-Ausbildungen und CORE Coachings fliessen Aspekte unterschiedlicher Ans\u00e4tze ein: dazu geh\u00f6ren neben NLP auch Vorgehensweisen auf systemisch-familientherapeutischer Basis und l\u00f6sungsorientierte Methoden, die sich in Kommunikationspsychologie und l\u00f6sungsorientierter Kurztherapie bew\u00e4hrt haben. Mit dieser Erweiterung des Horizonts und der Handlungsm\u00f6glichkeiten unterscheidet sich CORE auch von herk\u00f6mmlichen NLP-Ausbildungen. Damit werden Freiheit und Selbstverantwortung jedes Teilnehmers und jeder Teilnehmerin st\u00e4rker betont. Dazu geh\u00f6rt auch eine seri\u00f6se Auseinandersetzung mit Problemen der &#8222;Manipulation&#8220;.<\/p>\n<p>Die Landkarte ist nicht die Landschaft \u2013 jeder Mensch hat sein eigenes Modell der Welt. Jeder Mensch hat damit auch seine eigene Landkarte des Lernens, der Selbstwahrnehmung und der Kommunikation. W\u00e4hrend der Ausbildung erm\u00f6glichen wir den TeilnehmerInnen einen Austausch ihrer eigenen mentalen Modelle ihres ganz pers\u00f6nlichen Lernens und Erlebens. Damit erh\u00e4lt jeder Teilnehmer die Chance, andere Denkweisen, Lern- und Verhaltensstile kennen zu lernen und sein eigenes &#8222;Wahr-Nehmen&#8220; &#8211; soweit gew\u00fcnscht \u2013 um die Potenziale der anderen zu erweitern und zu vertiefen. Die Erweiterung von Handlungsm\u00f6glichkeiten und das Verstehen des Anderen in seiner ganz eigenen pers\u00f6nlichen Welt sind oberstes Prinzip.<\/p>\n<p>Alles sollte so einfach wie m\u00f6glich sein,<br \/>aber nicht einfacher &#8230;<\/p>\n<p>Albert Einstein<\/p>\n<p>[\/et_pb_text][\/et_pb_column][\/et_pb_row][et_pb_row _builder_version=&#8220;4.9.4&#8243; _module_preset=&#8220;default&#8220;][et_pb_column type=&#8220;4_4&#8243; _builder_version=&#8220;4.9.4&#8243; _module_preset=&#8220;default&#8220;][bck_flipbox front_title=&#8220;Kybernetik K\u00fcnstliche Intelligenz Computer Science&#8220; front_subtitle=&#8220;Vorl\u00e4ufer und Vordenker&#8220; back_title=&#8220;Neuronale Netze Linguistik Programmieren&#8220; back_subtitle=&#8220;Neuro-Linguistisches Programmieren ?&#8220; _builder_version=&#8220;4.9.4&#8243; _module_preset=&#8220;default&#8220;][\/bck_flipbox][\/et_pb_column][\/et_pb_row][et_pb_row _builder_version=&#8220;4.9.4&#8243; _module_preset=&#8220;default&#8220;][et_pb_column type=&#8220;4_4&#8243; _builder_version=&#8220;4.9.4&#8243; _module_preset=&#8220;default&#8220;][et_pb_image src=&#8220;https:\/\/nlp-core.ch\/wp-content\/uploads\/2021\/04\/Kybernetik-Kuenstliche-Intelligenz-Computer-Theorie.png&#8220; title_text=&#8220;Kybernetik K\u00fcnstliche Intelligenz Computer-Theorie&#8220; _builder_version=&#8220;4.9.4&#8243; _module_preset=&#8220;default&#8220;][\/et_pb_image][\/et_pb_column][\/et_pb_row][\/et_pb_section]<\/p>\n","protected":false},"excerpt":{"rendered":"<p>Gestalte,\u00a0 entwickle, kontrolliereDeinen pers\u00f6nlichen NLP-Lernpfad.Control NLP!\u00a0 Das NLP CORE Trialogkonzept Newsletter-Auszug August 2005 Die CORE NLP Ausbildung basiert auf einer neuen Konzeption des Lernens und Lehrens von NLP: die St\u00e4rken herk\u00f6mmlicher zertifizierter NLP-Ausbildungen bleiben erhalten: &#8222;CORE NLP&#8220;. Die Schw\u00e4chen \u00fcblicher, zertifizierter NLP Lehrg\u00e4nge werden thematisiert und umgangen: &#8222;NLP CORE&#8220;. &#8222;NLP CORE&#8220; bedeutet: &#8222;Kern&#8220;, &#8222;Basis&#8220;, &#8222;Herzst\u00fcck&#8220; [&hellip;]<\/p>\n","protected":false},"author":1,"featured_media":1339,"parent":0,"menu_order":0,"comment_status":"closed","ping_status":"closed","template":"","meta":{"_et_pb_use_builder":"on","_et_pb_old_content":"<p><b>Denk weise mit CORE<\/b><\/p><p>CORE Ausbildungen und CORE Coachings vermitteln machtvolle und wirksame Werkzeuge der Kommunikation, des Lernens und des Selbstmanagements. Solche Werkzeuge erfordern einen achtsamen und verantwortungsvollen Umgang. Es stellen sich \u2013 wie bei jeder Technik und Verfahrensweise \u2013 Fragen der Ethik, \"\u00d6kologie\" und Nachhaltigkeit. M\u00f6glichkeiten und Grenzen, Chancen und Risiken sind in Abh\u00e4ngigkeit vom jeweiligen Anwendungs-Kontext zu bewerten.<\/p><p>In CORE-Ausbildungen und CORE Coachings fliessen Aspekte unterschiedlicher Ans\u00e4tze ein: dazu geh\u00f6ren neben NLP auch Vorgehensweisen auf systemisch-familientherapeutischer Basis und l\u00f6sungsorientierte Methoden, die sich in Kommunikationspsychologie und l\u00f6sungsorientierter Kurztherapie bew\u00e4hrt haben. Mit dieser Erweiterung des Horizonts und der Handlungsm\u00f6glichkeiten unterscheidet sich CORE auch von herk\u00f6mmlichen NLP-Ausbildungen. Damit werden Freiheit und Selbstverantwortung jedes Teilnehmers und jeder Teilnehmerin st\u00e4rker betont. Dazu geh\u00f6rt auch eine seri\u00f6se Auseinandersetzung mit Problemen der \"Manipulation\".<\/p><p>Die Landkarte ist nicht die Landschaft \u2013 jeder Mensch hat sein eigenes Modell der Welt. Jeder Mensch hat damit auch seine eigene Landkarte des Lernens, der Selbstwahrnehmung und der Kommunikation. W\u00e4hrend der Ausbildung erm\u00f6glichen wir den TeilnehmerInnen einen Austausch ihrer eigenen mentalen Modelle ihres ganz pers\u00f6nlichen Lernens und Erlebens. Damit erh\u00e4lt jeder Teilnehmer die Chance, andere Denkweisen, Lern- und Verhaltensstile kennen zu lernen und sein eigenes \"Wahr-Nehmen\" - soweit gew\u00fcnscht \u2013 um die Potenziale der anderen zu erweitern und zu vertiefen. Die Erweiterung von Handlungsm\u00f6glichkeiten und das Verstehen des Anderen in seiner ganz eigenen pers\u00f6nlichen Welt sind oberstes Prinzip.<\/p><p>Alles sollte so einfach wie m\u00f6glich sein,<br \/>aber nicht einfacher ...<\/p><p>Albert Einstein<\/p>","_et_gb_content_width":"","footnotes":""},"class_list":["post-3544","page","type-page","status-publish","has-post-thumbnail","hentry"],"_links":{"self":[{"href":"https:\/\/nlp-core.ch\/index.php\/wp-json\/wp\/v2\/pages\/3544","targetHints":{"allow":["GET"]}}],"collection":[{"href":"https:\/\/nlp-core.ch\/index.php\/wp-json\/wp\/v2\/pages"}],"about":[{"href":"https:\/\/nlp-core.ch\/index.php\/wp-json\/wp\/v2\/types\/page"}],"author":[{"embeddable":true,"href":"https:\/\/nlp-core.ch\/index.php\/wp-json\/wp\/v2\/users\/1"}],"replies":[{"embeddable":true,"href":"https:\/\/nlp-core.ch\/index.php\/wp-json\/wp\/v2\/comments?post=3544"}],"version-history":[{"count":20,"href":"https:\/\/nlp-core.ch\/index.php\/wp-json\/wp\/v2\/pages\/3544\/revisions"}],"predecessor-version":[{"id":4941,"href":"https:\/\/nlp-core.ch\/index.php\/wp-json\/wp\/v2\/pages\/3544\/revisions\/4941"}],"wp:featuredmedia":[{"embeddable":true,"href":"https:\/\/nlp-core.ch\/index.php\/wp-json\/wp\/v2\/media\/1339"}],"wp:attachment":[{"href":"https:\/\/nlp-core.ch\/index.php\/wp-json\/wp\/v2\/media?parent=3544"}],"curies":[{"name":"wp","href":"https:\/\/api.w.org\/{rel}","templated":true}]}}