{"id":3542,"date":"2020-09-06T18:30:55","date_gmt":"2020-09-06T18:30:55","guid":{"rendered":"https:\/\/new.nlp-core.ch\/?page_id=3542"},"modified":"2025-12-20T11:56:43","modified_gmt":"2025-12-20T11:56:43","slug":"agenda","status":"publish","type":"page","link":"https:\/\/nlp-core.ch\/index.php\/agenda\/","title":{"rendered":"Impressum"},"content":{"rendered":"<p>[et_pb_section fb_built=&#8220;1&#8243; admin_label=&#8220;section&#8220; _builder_version=&#8220;4.16&#8243; global_colors_info=&#8220;{}&#8220;][et_pb_row _builder_version=&#8220;4.25.0&#8243; _module_preset=&#8220;default&#8220; global_colors_info=&#8220;{}&#8220;][et_pb_column type=&#8220;4_4&#8243; _builder_version=&#8220;4.25.0&#8243; _module_preset=&#8220;default&#8220; global_colors_info=&#8220;{}&#8220;][et_pb_text _builder_version=&#8220;4.25.0&#8243; _module_preset=&#8220;default&#8220; text_font=&#8220;&#8211;et_global_body_font||||||||&#8220; text_text_color=&#8220;#150DE8&#8243; text_font_size=&#8220;13px&#8220; text_line_height=&#8220;1em&#8220; inline_fonts=&#8220;ABeeZee&#8220; global_colors_info=&#8220;{}&#8220;]<\/p>\n<h5><span style=\"font-size: small; font-family: ABeeZee; font-weight: normal;\"><span style=\"text-decoration: underline; font-size: medium;\">Impressum<\/span>:<\/span><\/h5>\n<h5><span style=\"font-size: small; font-family: ABeeZee; font-weight: normal;\">Karin Streuli<\/span><\/h5>\n<h5><span style=\"font-size: small; font-family: ABeeZee; font-weight: normal;\">Badstrasse 1<\/span><\/h5>\n<h5><span style=\"font-size: small; font-family: ABeeZee; font-weight: normal;\">CH &#8211; 5408 Enneetbaden<\/span><\/h5>\n<h5><span style=\"font-size: small; font-family: ABeeZee; font-weight: normal;\">info@nlp-core.ch<\/span><\/h5>\n<h5><span style=\"font-size: small; font-family: ABeeZee; font-weight: normal;\">www.nlp-core.ch<\/span><\/h5>\n<h5><span style=\"font-size: small; font-family: ABeeZee; font-weight: normal;\">+41 079 373 27 86<\/span><\/h5>\n<p>[\/et_pb_text][\/et_pb_column][\/et_pb_row][et_pb_row admin_label=&#8220;row&#8220; _builder_version=&#8220;4.16&#8243; background_size=&#8220;initial&#8220; background_position=&#8220;top_left&#8220; background_repeat=&#8220;repeat&#8220; global_colors_info=&#8220;{}&#8220;][et_pb_column type=&#8220;4_4&#8243; _builder_version=&#8220;4.16&#8243; custom_padding=&#8220;|||&#8220; global_colors_info=&#8220;{}&#8220; custom_padding__hover=&#8220;|||&#8220;][et_pb_image src=&#8220;https:\/\/nlp-core.ch\/wp-content\/uploads\/2021\/05\/iStock_000008513652Small.jpg&#8220; title_text=&#8220;iStock_000008513652Small&#8220; _builder_version=&#8220;4.16&#8243; _module_preset=&#8220;default&#8220; custom_margin=&#8220;-47px|||||&#8220; custom_padding=&#8220;47px|||||&#8220; global_colors_info=&#8220;{}&#8220;][\/et_pb_image][\/et_pb_column][\/et_pb_row][et_pb_row _builder_version=&#8220;4.25.0&#8243; _module_preset=&#8220;default&#8220; hover_enabled=&#8220;0&#8243; global_colors_info=&#8220;{}&#8220; sticky_enabled=&#8220;0&#8243;][et_pb_column type=&#8220;4_4&#8243; _builder_version=&#8220;4.25.0&#8243; _module_preset=&#8220;default&#8220; global_colors_info=&#8220;{}&#8220;][et_pb_text _builder_version=&#8220;4.25.0&#8243; _module_preset=&#8220;default&#8220; hover_enabled=&#8220;0&#8243; sticky_enabled=&#8220;0&#8243;]<\/p>\n<div data-is-streaming=\"false\" class=\"group relative pb-3\" style=\"opacity: 1; transform: none;\">\n<div class=\"font-claude-response relative leading-[1.65rem] [&amp;_pre&gt;div]:bg-bg-000\/50 [&amp;_pre&gt;div]:border-0.5 [&amp;_pre&gt;div]:border-border-400 [&amp;_.ignore-pre-bg&gt;div]:bg-transparent [&amp;_.standard-markdown_:is(p,blockquote,h1,h2,h3,h4,h5,h6)]:pl-2 [&amp;_.standard-markdown_:is(p,blockquote,ul,ol,h1,h2,h3,h4,h5,h6)]:pr-8 [&amp;_.progressive-markdown_:is(p,blockquote,h1,h2,h3,h4,h5,h6)]:pl-2 [&amp;_.progressive-markdown_:is(p,blockquote,ul,ol,h1,h2,h3,h4,h5,h6)]:pr-8\">\n<div>\n<div class=\"standard-markdown grid-cols-1 grid gap-4 [&amp;_&gt;_*]:min-w-0 standard-markdown\">\n<p class=\"font-claude-response-body break-words whitespace-normal leading-[1.7]\"><strong>Haftungsausschluss:<\/strong><br \/>Die Inhalte dieser Website wurden mit gr\u00f6sstm\u00f6glicher Sorgfalt erstellt. F\u00fcr die Richtigkeit, Vollst\u00e4ndigkeit und Aktualit\u00e4t der Inhalte kann jedoch keine Gew\u00e4hr \u00fcbernommen werden. Die Nutzung der Inhalte erfolgt auf eigene Gefahr.<\/p>\n<p class=\"font-claude-response-body break-words whitespace-normal leading-[1.7]\"><strong><span style=\"text-decoration: underline;\">Urheberrecht<\/span>:<\/strong><br \/>S\u00e4mtliche Inhalte dieser Website sind urheberrechtlich gesch\u00fctzt. Jede Vervielf\u00e4ltigung, Verbreitung oder \u00f6ffentliche Wiedergabe bedarf der ausdr\u00fccklichen Zustimmung.<\/p>\n<p class=\"font-claude-response-body break-words whitespace-normal leading-[1.7]\"><strong>Datenschutz:<\/strong><br \/>Informationen zur Datenverarbeitung finden Sie in unserer Datenschutzerkl\u00e4rung.<\/p>\n<p class=\"font-claude-response-body break-words whitespace-normal leading-[1.7]\">\n<hr class=\"border-border-200 border-t-0.5 my-3 mx-1.5\" \/>\n<p class=\"font-claude-response-body break-words whitespace-normal leading-[1.7]\">\n<\/div>\n<\/div>\n<\/div>\n<\/div>\n<div class=\"flex justify-start\" role=\"group\" aria-label=\"Message actions\">\n<div class=\"text-text-300\">\n<div class=\"text-text-300 flex items-stretch justify-between\">\n<div class=\"w-fit\" data-state=\"closed\"><\/div>\n<\/div>\n<\/div>\n<\/div>\n<div class=\"w-fit\" data-state=\"closed\"><\/div>\n<div class=\"w-fit\" data-state=\"closed\"><\/div>\n<div class=\"flex items-center\">\n<div class=\"w-fit\" data-state=\"closed\"><\/div>\n<\/div>\n<div aria-hidden=\"true\" class=\"h-px w-full pointer-events-none\"><\/div>\n<div>\n<div class=\"ml-1 flex items-center transition-transform duration-300 ease-out mt-6\">\n<div class=\"p-1 -translate-x-px\">\n<div aria-hidden=\"true\"><\/div>\n<\/div>\n<\/div>\n<\/div>\n<div class=\"flex-1 flex flex-col px-4 max-w-3xl mx-auto w-full pt-1\">\n<div>\n<div class=\"ml-1 flex items-center transition-transform duration-300 ease-out mt-6\"><\/div>\n<\/div>\n<div class=\"h-12\"><\/div>\n<div aria-hidden=\"true\" style=\"height: 0px;\"><\/div>\n<\/div>\n<div class=\"sticky bottom-0 mx-auto w-full pt-6 z-[5] relative\"><\/div>\n<div class=\"[grid-area:1\/1] min-w-0\" data-testid=\"chat-input-grid-area\">\n<fieldset data-testid=\"prompt-input-ssr-interactive\" class=\"flex w-full min-w-0 flex-col relative opacity-0 pointer-events-none\" inert=\"\">\n<div class=\"!box-content flex flex-col bg-bg-000 mx-2 md:mx-0 items-stretch transition-all duration-200 relative z-10 rounded-2xl cursor-text border border-transparent shadow-[0_0.25rem_1.25rem_hsl(var(--always-black)\/3.5%),0_0_0_0.5px_hsla(var(--border-300)\/0.15)] hover:shadow-[0_0.25rem_1.25rem_hsl(var(--always-black)\/3.5%),0_0_0_0.5px_hsla(var(--border-200)\/0.3)] focus-within:shadow-[0_0.25rem_1.25rem_hsl(var(--always-black)\/7.5%),0_0_0_0.5px_hsla(var(--border-200)\/0.3)] hover:focus-within:shadow-[0_0.25rem_1.25rem_hsl(var(--always-black)\/7.5%),0_0_0_0.5px_hsla(var(--border-200)\/0.3)]\">\n<div class=\"flex flex-col m-3.5 gap-3\"><\/div>\n<\/div>\n<\/fieldset>\n<\/div>\n<div class=\"[grid-area:1\/1] min-w-0\" data-testid=\"chat-input-grid-area\">\n<fieldset data-testid=\"prompt-input-ssr-interactive\" class=\"flex w-full min-w-0 flex-col relative opacity-0 pointer-events-none\" inert=\"\">\n<div class=\"!box-content flex flex-col bg-bg-000 mx-2 md:mx-0 items-stretch transition-all duration-200 relative z-10 rounded-2xl cursor-text border border-transparent shadow-[0_0.25rem_1.25rem_hsl(var(--always-black)\/3.5%),0_0_0_0.5px_hsla(var(--border-300)\/0.15)] hover:shadow-[0_0.25rem_1.25rem_hsl(var(--always-black)\/3.5%),0_0_0_0.5px_hsla(var(--border-200)\/0.3)] focus-within:shadow-[0_0.25rem_1.25rem_hsl(var(--always-black)\/7.5%),0_0_0_0.5px_hsla(var(--border-200)\/0.3)] hover:focus-within:shadow-[0_0.25rem_1.25rem_hsl(var(--always-black)\/7.5%),0_0_0_0.5px_hsla(var(--border-200)\/0.3)]\">\n<div class=\"flex flex-col m-3.5 gap-3\"><\/div>\n<\/div>\n<\/fieldset>\n<\/div>\n<fieldset class=\"flex w-full min-w-0 flex-col\"><\/fieldset>\n<div class=\"px-3 md:px-2\"><\/div>\n<div class=\"!box-content flex flex-col bg-bg-000 mx-2 md:mx-0 items-stretch transition-all duration-200 relative z-10 rounded-2xl cursor-text border border-transparent shadow-[0_0.25rem_1.25rem_hsl(var(--always-black)\/3.5%),0_0_0_0.5px_hsla(var(--border-300)\/0.15)] hover:shadow-[0_0.25rem_1.25rem_hsl(var(--always-black)\/3.5%),0_0_0_0.5px_hsla(var(--border-200)\/0.3)] focus-within:shadow-[0_0.25rem_1.25rem_hsl(var(--always-black)\/7.5%),0_0_0_0.5px_hsla(var(--border-200)\/0.3)] hover:focus-within:shadow-[0_0.25rem_1.25rem_hsl(var(--always-black)\/7.5%),0_0_0_0.5px_hsla(var(--border-200)\/0.3)]\">\n<div class=\"flex flex-col m-3.5 gap-3\">\n<div class=\"relative\">\n<div class=\"max-h-96 w-full overflow-y-auto font-large break-words transition-opacity duration-200 min-h-[1.5rem] pl-[6px] pt-[6px]\">\n<div contenteditable=\"true\" role=\"textbox\" enterkeyhint=\"enter\" data-testid=\"chat-input\" aria-label=\"Schreiben Sie Ihre Anfrage an Claude\" aria-multiline=\"true\" aria-required=\"false\" aria-invalid=\"false\" translate=\"no\" class=\"tiptap ProseMirror\" tabindex=\"0\">\n<p>&nbsp;<\/p>\n<\/div>\n<\/div>\n<\/div>\n<\/div>\n<\/div>\n<p>[\/et_pb_text][\/et_pb_column][\/et_pb_row][et_pb_row _builder_version=&#8220;4.25.0&#8243; _module_preset=&#8220;default&#8220;][et_pb_column _builder_version=&#8220;4.25.0&#8243; _module_preset=&#8220;default&#8220; type=&#8220;4_4&#8243;][et_pb_text _builder_version=&#8220;4.25.0&#8243; _module_preset=&#8220;default&#8220; hover_enabled=&#8220;0&#8243; sticky_enabled=&#8220;0&#8243;]<\/p>\n<div data-is-streaming=\"false\" class=\"group relative pb-3\" style=\"opacity: 1; transform: none;\">\n<div class=\"font-claude-response relative leading-[1.65rem] [&amp;_pre&gt;div]:bg-bg-000\/50 [&amp;_pre&gt;div]:border-0.5 [&amp;_pre&gt;div]:border-border-400 [&amp;_.ignore-pre-bg&gt;div]:bg-transparent [&amp;_.standard-markdown_:is(p,blockquote,h1,h2,h3,h4,h5,h6)]:pl-2 [&amp;_.standard-markdown_:is(p,blockquote,ul,ol,h1,h2,h3,h4,h5,h6)]:pr-8 [&amp;_.progressive-markdown_:is(p,blockquote,h1,h2,h3,h4,h5,h6)]:pl-2 [&amp;_.progressive-markdown_:is(p,blockquote,ul,ol,h1,h2,h3,h4,h5,h6)]:pr-8\">\n<div>\n<div class=\"standard-markdown grid-cols-1 grid gap-4 [&amp;_&gt;_*]:min-w-0 standard-markdown\">\n<p class=\"font-claude-response-body break-words whitespace-normal leading-[1.7]\"><strong>Grundsatz:<\/strong><br \/>Wir nehmen den Schutz Ihrer pers\u00f6nlichen Daten ernst und behandeln diese vertraulich sowie entsprechend den gesetzlichen Datenschutzvorschriften der Schweiz (DSG) und der DSGVO (falls EU-B\u00fcrger betroffen sind).<\/p>\n<p class=\"font-claude-response-body break-words whitespace-normal leading-[1.7]\"><strong>Datenerhebung und -verwendung:<\/strong><\/p>\n<p class=\"font-claude-response-body break-words whitespace-normal leading-[1.7]\"><em>Zugriffsdaten:<\/em> Bei jedem Zugriff werden automatisch Informationen in Server-Logfiles gespeichert (IP-Adresse, Datum, Uhrzeit, Browser-Typ, Betriebssystem). Diese Daten werden nur zur Fehlerdiagnose und Sicherheit verwendet.<\/p>\n<p class=\"font-claude-response-body break-words whitespace-normal leading-[1.7]\"><em>Kontaktaufnahme:<\/em> Bei Kontakt per E-Mail werden Ihre Angaben zur Bearbeitung und f\u00fcr R\u00fcckfragen gespeichert.<\/p>\n<p class=\"font-claude-response-body break-words whitespace-normal leading-[1.7]\"><em>Cookies:<\/em> [Falls zutreffend: Art der Cookies beschreiben, z.B. technisch notwendige oder Analyse-Cookies]<\/p>\n<p class=\"font-claude-response-body break-words whitespace-normal leading-[1.7]\"><strong>Weitergabe an Dritte:<\/strong><br \/>Keine Weitergabe Ihrer Daten ohne Ihre ausdr\u00fcckliche Einwilligung, ausser bei gesetzlicher Verpflichtung.<\/p>\n<p class=\"font-claude-response-body break-words whitespace-normal leading-[1.7]\"><strong>Ihre Rechte:<\/strong><br \/>Sie haben das Recht auf Auskunft, Berichtigung, L\u00f6schung, Einschr\u00e4nkung der Verarbeitung sowie Widerspruch gegen die Verarbeitung Ihrer Daten.<\/p>\n<p class=\"font-claude-response-body break-words whitespace-normal leading-[1.7]\"><strong>Speicherdauer:<\/strong><br \/>Daten werden gel\u00f6scht, sobald der Zweck der Speicherung entf\u00e4llt, sofern keine gesetzlichen Aufbewahrungspflichten bestehen.<\/p>\n<p class=\"font-claude-response-body break-words whitespace-normal leading-[1.7]\"><strong>Kontakt:<\/strong><br \/>Fragen zum Datenschutz richten Sie bitte an: info@nlp-core.ch<\/p>\n<p class=\"font-claude-response-body break-words whitespace-normal leading-[1.7]\">Stand: 20. Dezember 2025<\/p>\n<hr class=\"border-border-200 border-t-0.5 my-3 mx-1.5\" \/>\n<p class=\"font-claude-response-body break-words whitespace-normal leading-[1.7]\">\n<\/div>\n<\/div>\n<\/div>\n<\/div>\n<div class=\"flex justify-start\" role=\"group\" aria-label=\"Message actions\">\n<div class=\"text-text-300\">\n<div class=\"text-text-300 flex items-stretch justify-between\">\n<div class=\"w-fit\" data-state=\"closed\"><\/div>\n<\/div>\n<\/div>\n<\/div>\n<div class=\"w-fit\" data-state=\"closed\"><\/div>\n<div class=\"w-fit\" data-state=\"closed\"><\/div>\n<div class=\"flex items-center\"><\/div>\n<div class=\"overflow-hidden shrink-0 p-1 -m-1\" type=\"button\" id=\"radix-_r_ah_\" aria-haspopup=\"menu\" aria-expanded=\"false\" data-state=\"closed\" style=\"opacity: 1; transform: none;\"><\/div>\n<p>[\/et_pb_text][\/et_pb_column][\/et_pb_row][\/et_pb_section]<\/p>\n","protected":false},"excerpt":{"rendered":"<p>Impressum: Karin Streuli Badstrasse 1 CH &#8211; 5408 Enneetbaden info@nlp-core.ch www.nlp-core.ch +41 079 373 27 86 Haftungsausschluss:Die Inhalte dieser Website wurden mit gr\u00f6sstm\u00f6glicher Sorgfalt erstellt. F\u00fcr die Richtigkeit, Vollst\u00e4ndigkeit und Aktualit\u00e4t der Inhalte kann jedoch keine Gew\u00e4hr \u00fcbernommen werden. Die Nutzung der Inhalte erfolgt auf eigene Gefahr. Urheberrecht:S\u00e4mtliche Inhalte dieser Website sind urheberrechtlich gesch\u00fctzt. Jede [&hellip;]<\/p>\n","protected":false},"author":1,"featured_media":0,"parent":0,"menu_order":0,"comment_status":"closed","ping_status":"closed","template":"","meta":{"_et_pb_use_builder":"on","_et_pb_old_content":"<!-- wp:paragraph -->\n<p>UNDER CONSTRUCTION<\/p>\n<!-- \/wp:paragraph -->\n\n<!-- wp:embed \/-->\n\n<!-- wp:html -->\n<iframe src=\"https:\/\/player.flipsnack.com?hash=NUM2NTdGNzdDNkYraDNsYnM4cHZ4bg==\" width=\"100%\" height=\"480\" seamless=\"seamless\" scrolling=\"no\" frameBorder=\"0\" allowFullScreen><\/iframe>\n<!-- \/wp:html -->","_et_gb_content_width":"","footnotes":""},"class_list":["post-3542","page","type-page","status-publish","hentry"],"_links":{"self":[{"href":"https:\/\/nlp-core.ch\/index.php\/wp-json\/wp\/v2\/pages\/3542","targetHints":{"allow":["GET"]}}],"collection":[{"href":"https:\/\/nlp-core.ch\/index.php\/wp-json\/wp\/v2\/pages"}],"about":[{"href":"https:\/\/nlp-core.ch\/index.php\/wp-json\/wp\/v2\/types\/page"}],"author":[{"embeddable":true,"href":"https:\/\/nlp-core.ch\/index.php\/wp-json\/wp\/v2\/users\/1"}],"replies":[{"embeddable":true,"href":"https:\/\/nlp-core.ch\/index.php\/wp-json\/wp\/v2\/comments?post=3542"}],"version-history":[{"count":21,"href":"https:\/\/nlp-core.ch\/index.php\/wp-json\/wp\/v2\/pages\/3542\/revisions"}],"predecessor-version":[{"id":243057,"href":"https:\/\/nlp-core.ch\/index.php\/wp-json\/wp\/v2\/pages\/3542\/revisions\/243057"}],"wp:attachment":[{"href":"https:\/\/nlp-core.ch\/index.php\/wp-json\/wp\/v2\/media?parent=3542"}],"curies":[{"name":"wp","href":"https:\/\/api.w.org\/{rel}","templated":true}]}}