{"id":242224,"date":"2021-10-13T13:44:53","date_gmt":"2021-10-13T13:44:53","guid":{"rendered":"https:\/\/nlp-core.ch\/?page_id=242224"},"modified":"2025-12-18T15:30:19","modified_gmt":"2025-12-18T15:30:19","slug":"ihr-anliegen","status":"publish","type":"page","link":"https:\/\/nlp-core.ch\/index.php\/ihr-anliegen\/","title":{"rendered":"Ihr Anliegen &#8211; Vorgehen &#8211; Kosten"},"content":{"rendered":"<p>[et_pb_section fb_built=&#8220;1&#8243; _builder_version=&#8220;4.16&#8243; _module_preset=&#8220;default&#8220; global_colors_info=&#8220;{}&#8220; custom_padding=&#8220;0px|||||&#8220;][et_pb_row _builder_version=&#8220;4.16&#8243; _module_preset=&#8220;default&#8220; global_colors_info=&#8220;{}&#8220; min_height=&#8220;3915px&#8220; custom_padding=&#8220;0px|||||&#8220;][et_pb_column type=&#8220;4_4&#8243; _builder_version=&#8220;4.16&#8243; _module_preset=&#8220;default&#8220; global_colors_info=&#8220;{}&#8220;][et_pb_text _builder_version=&#8220;4.16&#8243; _module_preset=&#8220;default&#8220; global_colors_info=&#8220;{}&#8220; inline_fonts=&#8220;ABeeZee&#8220;]<\/p>\n<h2><span style=\"color: #008080;\"><\/span><\/h2>\n<h2><span style=\"color: #008080;\"><\/span><\/h2>\n<h2><span style=\"color: #008080;\">mein angebot<\/span><\/h2>\n<h4><span style=\"color: #008080;\"><em><\/em><\/span><\/h4>\n<p>In meiner Praxis f\u00fcr Psychologisch-Systemisches Coaching in Baden\/Ennetbaden begleite ich Sie kompetent bei der L\u00f6sung Ihrer pers\u00f6nlichen Herausforderungen. Gemeinsam erarbeiten wir ein individuelles L\u00f6sungskonzept, das Sie auf dem Weg zu Ihren Zielen unterst\u00fctzt.<\/p>\n<h4><span style=\"color: #008080;\"><strong>F\u00fcr wen?<\/strong><\/span><\/h4>\n<p>Erwachsene, Kinder (ab ca. 9 Jahren), Jugendliche, Familien und Paare \u2013 in allen Lebensbereichen: famili\u00e4r, beruflich, privat<\/p>\n<h3><span style=\"color: #008080;\">Anliegen und themen<\/span><\/h3>\n<p>Die Anl\u00e4sse f\u00fcr ein Coaching sind so vielf\u00e4ltig wie die W\u00fcnsche der Menschen, individuell gl\u00fccklich, erf\u00fcllt und erfolgreich zu sein. Die Anliegen k\u00f6nnen sich zeigen in Bezug auf den Beruf, private Beziehungen oder den Umgang mit sich selbst.<\/p>\n<p>Oft wissen diejenigen, die Coaching suchen, nicht genau, was ihr wirkliches Problem ist \u2013 wo der Stolperstein liegt. H\u00e4ufig sind es tiefsitzende Glaubenss\u00e4tze oder Dynamiken aus alten Zeiten, die nicht mehr ins Hier und Jetzt geh\u00f6ren.<\/p>\n<h4><span style=\"font-size: small; color: #008080;\"><strong>Aus dem Spektrum der Themen \u2013 einige, die sich h\u00e4ufig zeigen:<\/strong><\/span><\/h4>\n<ul>\n<li>Motivationsprobleme<\/li>\n<li>Anzeichen von Burnout<\/li>\n<li>Entscheidungen im Rahmen der eigenen Karriereplanung<\/li>\n<li>Mobbing<\/li>\n<li>Blockaden beruflich \/ privat<\/li>\n<li>Altlasten, die den Alltag erschweren<\/li>\n<li>Zielkl\u00e4rungsprozess<\/li>\n<li>\u00c4ngste als Blockade<\/li>\n<li>Selbstwert und Vertrauen<\/li>\n<li>Auftritt \/ sich zeigen \/ sich outen<\/li>\n<li>Erfolgswunsch und -verhinderung<\/li>\n<li>Eltern und Schwiegereltern<\/li>\n<li>Verhalten eines andern Menschen \u2026<\/li>\n<li>Gewinnen von Freiheit<\/li>\n<li>Umgang mit Konfliktsituationen<\/li>\n<li>Grenzen setzen und Nein-sagen<\/li>\n<li>Neue Wege gehen<\/li>\n<li>u.v.m.<\/li>\n<\/ul>\n<h2><span style=\"color: #008080;\"><strong>terminvereinbarung<\/strong><\/span><\/h2>\n<p>Beratungstermine sind nur nach Voranmeldung m\u00f6glich \u2013 telefonisch, per E-Mail oder im pers\u00f6nlichen Gespr\u00e4ch. Sollte kurzfristig kein Platz frei sein, setze ich Sie gerne auf die Warteliste und informiere Sie \u00fcber den n\u00e4chstm\u00f6glichen Termin.<\/p>\n<p>Gerne kl\u00e4re ich bereits im ersten Telefonkontakt den Rahmen \u2013 worum es geht und wohin die Reise gehen soll.<\/p>\n<h4><span style=\"font-size: small; color: #008080;\">Das Erstgespr\u00e4ch<\/span><\/h4>\n<p>Im Erstgespr\u00e4ch erarbeiten wir gemeinsam Ihr Anliegen, benennen das Thema und definieren Ihr Ziel. Wir kl\u00e4ren, ob ich Sie mit meinen Beratungs-, Coaching- und Therapiemethoden optimal unterst\u00fctzen kann \u2013 oder ob weitere Therapieans\u00e4tze hilfreich w\u00e4ren.<\/p>\n<p>Gerne arbeiten wir auch schon an einem ersten Ziel oder l\u00f6sen eine Blockade.<\/p>\n<p><strong>Dauer:<\/strong> Meist eine Stunde<br \/><strong>Selbstverst\u00e4ndlich:<\/strong> Alle Gespr\u00e4che bleiben vertraulich<\/p>\n<p>Ich verstehe jede Sitzung als die erste und letzte. Sie bestimmen die Dauer und die Abst\u00e4nde der Termine. Selbstverst\u00e4ndlich kann ich Ihnen meine Sicht aufzeigen, wie die Einsch\u00e4tzung aus meiner Sicht und Erfahrung ist.<\/p>\n<p>F\u00fcr eine Sitzung r\u00e4ume ich mir jeweils 2 Stunden ein. Je nach Art der Arbeit brauchen wir diese Zeit. Ca. 1,5 Stunden sind es meist. Gleichwohl gibt es auch Sitzungen, die nur 1 Stunde dauern.<\/p>\n<h3><strong><span style=\"color: #008080;\"><\/span><\/strong><\/h3>\n<h3><a href=\"https:\/\/nlp-core.ch\/index.php\/coachingtherapiemethoden\/\"><span style=\"color: #008080;\"><strong>Meine Methoden<\/strong><\/span><\/a><\/h3>\n<p>Neben Systemischem Coaching nutze ich weitere bew\u00e4hrte Methoden \u2013 individuell auf Ihre Situation abgestimmt:<\/p>\n<ul>\n<li>Systemische Familientherapie\/Beratung<\/li>\n<li>EMDR<\/li>\n<li>Hypnotherapie<\/li>\n<li>Struktur- und Organisationsaufstellung<\/li>\n<li>PEP (Prozess- und Embodimentfokussierte Psychologie)<\/li>\n<li>MEM (Mind Energy Method)<\/li>\n<li>SSI (Systemische Selbstintegration)<\/li>\n<li>Brainspotting<\/li>\n<li>Konzepte aus dem NLP (Neurolinguistisches Programmieren)<\/li>\n<\/ul>\n<p>Diese ganzheitliche Herangehensweise erm\u00f6glicht uns, Ihr Anliegen umfassend zu kl\u00e4ren und zu l\u00f6sen.<\/p>\n<h3><span style=\"color: #008080;\"><strong>Wie ein Coaching aussehen kann<\/strong><\/span><\/h3>\n<p><span style=\"color: #008080;\"><strong>Pr\u00e4senz oder Online:<\/strong><\/span><br \/>In der Regel handelt es sich um reale Treffen hier in der Praxis von CORE. Es ist ebenso m\u00f6glich, online zu arbeiten \u2013 z.B. per Zoom. Wichtig dabei: Sie befinden sich ungest\u00f6rt an einem ruhigen Ort.<\/p>\n<p><span style=\"color: #008080;\"><strong>Sitzungsdauer:<\/strong><\/span><br \/>In der Regel 90 Minuten; ich r\u00e4ume jeweils 2 Stunden ein, um dem, was sich zeigt, Raum zu geben. Je nach Art der Arbeit sind es manchmal auch nur 1 Stunde.<\/p>\n<p><span style=\"color: #008080;\"><strong>Abst\u00e4nde zwischen Sitzungen:<\/strong><\/span><br \/>Individuell \u2013 meist zwei bis f\u00fcnf Wochen, bei Bedarf auch k\u00fcrzer.<\/p>\n<p><span style=\"color: #008080;\"><strong>Anzahl der Sitzungen:<\/strong><\/span><br \/>Sie bestimmen selbst. Ich verstehe jede Sitzung als die erste und letzte. Bei den meisten Themen sind 1 bis 5 Sitzungen ausreichend. Selbstverst\u00e4ndlich kann ich Ihnen meine Einsch\u00e4tzung aus Erfahrung aufzeigen.<\/p>\n<p><strong><span style=\"color: #008080;\">Kurzzeitcoaching<\/span>:<\/strong><br \/>Sie k\u00f6nnen recht schnell mit Ver\u00e4nderungen rechnen und f\u00fcr sich entscheiden, wie Sie Ihren Weg weitergehen m\u00f6chten.<\/p>\n<p><strong><\/strong><\/p>\n<p><strong><\/strong><\/p>\n<h3><strong><span style=\"color: #008080;\">intensiv-Coaching<\/span><\/strong><\/h3>\n<p>Manchmal ist es sinnvoll, ein Thema in einem ganzt\u00e4gigen Intensiv-Coaching\u00a0umfassend zu kl\u00e4ren\/l\u00f6sen. Dies sind dann vielleicht 4 bis 6 Stunden mit Pausen.<\/p>\n<p>Oder Sie kommen f\u00fcr 2 &#8211; 3 Tage und wir arbeiten intensiv \u2013 meist ca. 2 x 2 Stunden pro Tag.<\/p>\n<h4><span style=\"color: #008080; font-size: small;\">Psychische und k\u00f6rperliche Wellness<\/span><\/h4>\n<p>CORE befindet sich im B\u00e4derquartier von Baden \u2013 Wellness als Erg\u00e4nzung steht Ihnen zur Verf\u00fcgung. Im November 2021 \u00f6ffnet die neue Therme <a href=\"https:\/\/www.fortyseven.ch\/therme\" target=\"_blank\" rel=\"noopener\">FORTYSEVEN<\/a> seine Pforten.<br \/>Zur \u00dcbernachtung empfehle ich Ihnen <a href=\"https:\/\/blume-baden.ch\/\" target=\"_blank\" rel=\"noopener\">Atrium Hotel Blume<\/a>.<\/p>\n<p><span style=\"color: #008080;\"><strong>Wichtiger Hinweis<\/strong><\/span><\/p>\n<p>Der Weg zur L\u00f6sung ist immer individuell und wird von vielen Faktoren beeinflusst. Daher k\u00f6nnen keine Erfolgsversprechen gegeben werden. Mit den angewandten Methoden werden keine k\u00f6rperlichen Krankheiten diagnostiziert oder Heilbehandlungen vorgenommen.<\/p>\n<p><strong>Bitte beachten Sie:<\/strong> Unterbrechen oder beenden Sie keine medizinischen Behandlungen. Bei Erkrankungen suchen Sie bitte die Kooperation mit einem Arzt oder Heilpraktiker.<\/p>\n<h4><span style=\"color: #008080; font-size: small;\"><strong>Kosten<\/strong><\/span><\/h4>\n<p><strong>Privatkunden<\/strong> : CHF 150 pro Stunde<br \/><strong>Gesch\u00e4ftskunden<\/strong>: CHF 220 pro Stunde<br \/><em>Die Preise sind seit mehr als 15 Jahren unver\u00e4ndert!<\/em><\/p>\n<p><strong>Zahlung<\/strong>: Auf Rechnung oder TWINT.<br \/><strong>Aus dem Ausland:<\/strong> Vorkasse.<\/p>\n<p><strong>Selbstzahler<\/strong>: Alle Leistungen werden privat abgerechnet.<\/p>\n<p>[\/et_pb_text][et_pb_image src=&#8220;https:\/\/nlp-core.ch\/wp-content\/uploads\/2021\/05\/IMG_6931-e1634627741722.jpg&#8220; alt=&#8220;Herzlich willkommen!&#8220; title_text=&#8220;IMG_6931&#8243; _builder_version=&#8220;4.16&#8243; _module_preset=&#8220;default&#8220; global_colors_info=&#8220;{}&#8220;][\/et_pb_image][\/et_pb_column][\/et_pb_row][\/et_pb_section]<\/p>\n","protected":false},"excerpt":{"rendered":"<p>mein angebot In meiner Praxis f\u00fcr Psychologisch-Systemisches Coaching in Baden\/Ennetbaden begleite ich Sie kompetent bei der L\u00f6sung Ihrer pers\u00f6nlichen Herausforderungen. Gemeinsam erarbeiten wir ein individuelles L\u00f6sungskonzept, das Sie auf dem Weg zu Ihren Zielen unterst\u00fctzt. F\u00fcr wen? Erwachsene, Kinder (ab ca. 9 Jahren), Jugendliche, Familien und Paare \u2013 in allen Lebensbereichen: famili\u00e4r, beruflich, privat Anliegen [&hellip;]<\/p>\n","protected":false},"author":1,"featured_media":0,"parent":0,"menu_order":0,"comment_status":"closed","ping_status":"closed","template":"","meta":{"_et_pb_use_builder":"on","_et_pb_old_content":"","_et_gb_content_width":"","footnotes":""},"class_list":["post-242224","page","type-page","status-publish","hentry"],"_links":{"self":[{"href":"https:\/\/nlp-core.ch\/index.php\/wp-json\/wp\/v2\/pages\/242224","targetHints":{"allow":["GET"]}}],"collection":[{"href":"https:\/\/nlp-core.ch\/index.php\/wp-json\/wp\/v2\/pages"}],"about":[{"href":"https:\/\/nlp-core.ch\/index.php\/wp-json\/wp\/v2\/types\/page"}],"author":[{"embeddable":true,"href":"https:\/\/nlp-core.ch\/index.php\/wp-json\/wp\/v2\/users\/1"}],"replies":[{"embeddable":true,"href":"https:\/\/nlp-core.ch\/index.php\/wp-json\/wp\/v2\/comments?post=242224"}],"version-history":[{"count":29,"href":"https:\/\/nlp-core.ch\/index.php\/wp-json\/wp\/v2\/pages\/242224\/revisions"}],"predecessor-version":[{"id":242924,"href":"https:\/\/nlp-core.ch\/index.php\/wp-json\/wp\/v2\/pages\/242224\/revisions\/242924"}],"wp:attachment":[{"href":"https:\/\/nlp-core.ch\/index.php\/wp-json\/wp\/v2\/media?parent=242224"}],"curies":[{"name":"wp","href":"https:\/\/api.w.org\/{rel}","templated":true}]}}